{"id":3856,"date":"2017-05-13T12:46:32","date_gmt":"2017-05-13T15:46:32","guid":{"rendered":"http:\/\/variluxcinefrances.com\/2017\/?page_id=3856"},"modified":"2024-11-21T14:44:37","modified_gmt":"2024-11-21T17:44:37","slug":"equipe","status":"publish","type":"page","link":"https:\/\/variluxcinefrances.com\/2024\/o-festival\/equipe\/","title":{"rendered":"Equipe"},"content":{"rendered":"<p>Realiza\u00e7\u00e3o e produ\u00e7\u00e3o<br \/>\n<strong>BONFILM<\/strong><\/p>\n<p>Dire\u00e7\u00e3o geral e curadoria<br \/>\n<strong>Emmanuelle e Christian Boudier<\/strong><\/p>\n<p>Coordena\u00e7\u00e3o de produ\u00e7\u00e3o<br \/>\n<strong>Gabriela Carvalho<\/strong><\/p>\n<p>Gerenciamento de projeto e Coordena\u00e7\u00e3o administrativa<br \/>\n<strong>Juliana Mattar<\/strong><\/p>\n<p>Coordena\u00e7\u00e3o de comunica\u00e7\u00e3o e parcerias<br \/>\n<strong>Emmanuelle Boudier<\/strong><\/p>\n<p>Coordena\u00e7\u00e3o do material e assistente de comunica\u00e7\u00e3o<br \/>\n<strong>Louise Andant<\/strong><\/p>\n<p>Coordena\u00e7\u00e3o de programa\u00e7\u00e3o cinemas<br \/>\n<strong>Paulo Braga<\/strong><\/p>\n<p>Assistente de programa\u00e7\u00e3o cinemas<br \/>\n<strong>Anna Fabry<\/strong><\/p>\n<p>Coordena\u00e7\u00e3o administrativa<br \/>\n<strong>Luzimar Valentim<\/strong><\/p>\n<p>Coordena\u00e7\u00e3o nacional e gest\u00e3o dos convidados<br \/>\n<strong>Ana Flavia Alves<\/strong><\/p>\n<p>Coordena\u00e7\u00e3o das a\u00e7\u00f5es educativas<br \/>\n<strong>Luana Farias<\/strong><\/p>\n<p>A\u00e7\u00f5es educativas em S\u00e3o Paulo<br \/>\n<strong>Felipe Tenorio<\/strong><\/p>\n<p>Coordena\u00e7\u00e3o de redes sociais<br \/>\n<strong>Gustavo Rispoli<\/strong><br \/>\n<strong>Com apoio de Julia Paix\u00e3o e Juliana Barlette<\/strong><\/p>\n<p>Produ\u00e7\u00e3o<br \/>\n<strong>Alex Alliat<\/strong><br \/>\n<strong>Antoine de Mena<\/strong><br \/>\n<strong>Deko Melo<\/strong><br \/>\n<strong>Duda Queiroz<\/strong><br \/>\n<strong>Isabella Nicolas<\/strong><br \/>\n<strong>Jo\u00e3o Pedro Santos<\/strong><br \/>\n<strong>Teresa Castro<\/strong><br \/>\n<strong>Thalita Sauwen<\/strong><\/p>\n<p>Em S\u00e3o Paulo<strong>: Eliz Ferreira &#8211; Atti Comunica\u00e7\u00e3o<\/strong><\/p>\n<p>Assistente de gerenciamento<br \/>\n<strong>Luana Fraga<\/strong><\/p>\n<p>Rela\u00e7\u00f5es\u00a0com os talentos na Fran\u00e7a<br \/>\n<strong>Martin Agniel<\/strong><\/p>\n<p>Diretor do LAB de roteiros<br \/>\n<strong>Fran\u00e7ois Sauvagnargues<\/strong><\/p>\n<p>Coordena\u00e7\u00e3o LAB<br \/>\n<strong>Nathalie Tric<\/strong><\/p>\n<p>Legendas<br \/>\n<strong>Cristiana Brindeiro<\/strong><\/p>\n<p>Coordena\u00e7\u00e3o t\u00e9cnica e legendagem<br \/>\n<strong>ETC Filmes \u2013 Fabriccio d\u2019Annunciato, Juliana Xavier, Mauricio Ales<\/strong><\/p>\n<p>Identidade e programa\u00e7\u00e3o visual<br \/>\n<strong>Dinamo Design \u2013 Alexsandro Souza<\/strong><\/p>\n<p>Design gr\u00e1fico<br \/>\n<strong>Nathalia Younes<\/strong><\/p>\n<p>Website<br \/>\n<strong>New Gosling \u2013 Fabiana Lizak e Bruno Gosling<\/strong><\/p>\n<p>Videografismo<br \/>\n<strong>Daniel Lopes<\/strong><\/p>\n<p>Assessoria de imprensa<br \/>\n<strong>Ag\u00eancia Febre<\/strong><br \/>\n<strong>Katia Carneiro<\/strong><br \/>\n<strong>Felipe Teixeira<\/strong><\/p>\n<p>Tradu\u00e7\u00e3o<br \/>\n<strong>Cristiana Brindeiro<\/strong><br \/>\n<strong>Claudio Figueiredo<\/strong><\/p>\n<p>Produ\u00e7\u00e3o gr\u00e1fica<br \/>\n<strong>Grupo Alest \u2013 Estev\u00e3o Claros<\/strong><\/p>\n","protected":false},"excerpt":{"rendered":"<p>Realiza\u00e7\u00e3o e produ\u00e7\u00e3o BONFILM Dire\u00e7\u00e3o geral e curadoria Emmanuelle e Christian Boudier Coordena\u00e7\u00e3o de produ\u00e7\u00e3o Gabriela Carvalho Gerenciamento de projeto e Coordena\u00e7\u00e3o administrativa Juliana Mattar Coordena\u00e7\u00e3o de comunica\u00e7\u00e3o e parcerias Emmanuelle Boudier Coordena\u00e7\u00e3o do material e assistente de comunica\u00e7\u00e3o Louise Andant Coordena\u00e7\u00e3o de programa\u00e7\u00e3o cinemas Paulo Braga Assistente de programa\u00e7\u00e3o cinemas Anna Fabry Coordena\u00e7\u00e3o administrativa &hellip;<\/p>\n","protected":false},"author":1,"featured_media":0,"parent":3469,"menu_order":3,"comment_status":"closed","ping_status":"closed","template":"page_institucional.php","meta":{"_acf_changed":false,"footnotes":""},"class_list":["post-3856","page","type-page","status-publish","hentry"],"acf":[],"_links":{"self":[{"href":"https:\/\/variluxcinefrances.com\/2024\/wp-json\/wp\/v2\/pages\/3856","targetHints":{"allow":["GET"]}}],"collection":[{"href":"https:\/\/variluxcinefrances.com\/2024\/wp-json\/wp\/v2\/pages"}],"about":[{"href":"https:\/\/variluxcinefrances.com\/2024\/wp-json\/wp\/v2\/types\/page"}],"author":[{"embeddable":true,"href":"https:\/\/variluxcinefrances.com\/2024\/wp-json\/wp\/v2\/users\/1"}],"replies":[{"embeddable":true,"href":"https:\/\/variluxcinefrances.com\/2024\/wp-json\/wp\/v2\/comments?post=3856"}],"version-history":[{"count":3,"href":"https:\/\/variluxcinefrances.com\/2024\/wp-json\/wp\/v2\/pages\/3856\/revisions"}],"predecessor-version":[{"id":14496,"href":"https:\/\/variluxcinefrances.com\/2024\/wp-json\/wp\/v2\/pages\/3856\/revisions\/14496"}],"up":[{"embeddable":true,"href":"https:\/\/variluxcinefrances.com\/2024\/wp-json\/wp\/v2\/pages\/3469"}],"wp:attachment":[{"href":"https:\/\/variluxcinefrances.com\/2024\/wp-json\/wp\/v2\/media?parent=3856"}],"curies":[{"name":"wp","href":"https:\/\/api.w.org\/{rel}","templated":true}]}}