{"id":3484,"date":"2017-05-10T05:34:40","date_gmt":"2017-05-10T08:34:40","guid":{"rendered":"http:\/\/2017.varilux.com\/?page_id=3484"},"modified":"2024-11-03T11:13:25","modified_gmt":"2024-11-03T14:13:25","slug":"programacao","status":"publish","type":"page","link":"https:\/\/variluxcinefrances.com\/2024\/programacao\/","title":{"rendered":"Programa\u00e7\u00e3o"},"content":{"rendered":"<p>Selecione a sua cidade e confira a programa\u00e7\u00e3o do Festival:<\/p>\n<p>&nbsp;<\/p>\n<h3 class=\"col-md-5 col-xs-6\"><a href=\"https:\/\/variluxcinefrances.com\/2024\/cidade\/afogados-de-ingazeira-pe\/\">Afogados de Ingazeira \u2013 PE<\/a><\/h3>\n<h3 class=\"col-md-5 col-xs-6\"><a href=\"https:\/\/variluxcinefrances.com\/2024\/cidade\/aracaju-se\/\">Aracaju \u2013 SE<\/a><\/h3>\n<h3 class=\"col-md-5 col-xs-6\"><a href=\"https:\/\/variluxcinefrances.com\/2024\/cidade\/araraquara-sp\/\">Araraquara \u2013 SP<\/a><\/h3>\n<h3 class=\"col-md-5 col-xs-6\"><a href=\"https:\/\/variluxcinefrances.com\/2024\/cidade\/balneario-camburiu-sc\/\">Balne\u00e1rio Camburi\u00fa \u2013 SC<\/a><\/h3>\n<h3 class=\"col-md-5 col-xs-6\"><a href=\"https:\/\/variluxcinefrances.com\/2024\/cidade\/belem-pa\/\">Bel\u00e9m \u2013 PA<\/a><\/h3>\n<h3 class=\"col-md-5 col-xs-6\"><a href=\"https:\/\/variluxcinefrances.com\/2024\/cidade\/belo-horizonte-mg\/\">Belo Horizonte \u2013 MG<\/a><\/h3>\n<h3 class=\"col-md-5 col-xs-6\"><a href=\"https:\/\/variluxcinefrances.com\/2024\/cidade\/botucatu-sp\/\">Botucatu \u2013 SP<\/a><\/h3>\n<h3 class=\"col-md-5 col-xs-6\"><a href=\"https:\/\/variluxcinefrances.com\/2024\/cidade\/brasilia-df\/\">Bras\u00edlia \u2013 DF<\/a><\/h3>\n<h3 class=\"col-md-5 col-xs-6\"><a href=\"https:\/\/variluxcinefrances.com\/2024\/cidade\/buzios-rj\/\">B\u00fazios \u2013 RJ<\/a><\/h3>\n<h3 class=\"col-md-5 col-xs-6\"><a href=\"https:\/\/variluxcinefrances.com\/2024\/cidade\/campinas-sp\/\">Campinas \u2013 SP<\/a><\/h3>\n<h3 class=\"col-md-5 col-xs-6\"><a href=\"https:\/\/variluxcinefrances.com\/2024\/cidade\/campo-grande-ms\/\">Campo Grande &#8211; MS<\/a><\/h3>\n<h3 class=\"col-md-5 col-xs-6\"><a href=\"https:\/\/variluxcinefrances.com\/2024\/cidade\/campos-dos-goytacazes-rj\/\">Campos dos Goytacazes \u2013 RJ<\/a><\/h3>\n<h3 class=\"col-md-5 col-xs-6\"><a href=\"https:\/\/variluxcinefrances.com\/2024\/cidade\/caxias-do-sul-rs\/\">Caxias do Sul &#8211; RS<\/a><\/h3>\n<h3 class=\"col-md-5 col-xs-6\"><a href=\"https:\/\/variluxcinefrances.com\/2024\/cidade\/cotia-sp\/\">Cotia \u2013 SP<\/a><\/h3>\n<h3 class=\"col-md-5 col-xs-6\"><a href=\"https:\/\/variluxcinefrances.com\/2024\/cidade\/cuiaba-mt\/\">Cuiab\u00e1 &#8211; MT<\/a><\/h3>\n<h3 class=\"col-md-5 col-xs-6\"><a href=\"https:\/\/variluxcinefrances.com\/2024\/cidade\/curitiba-pr\/\">Curitiba \u2013 PR<\/a><\/h3>\n<h3 class=\"col-md-5 col-xs-6\"><a href=\"https:\/\/variluxcinefrances.com\/2024\/cidade\/florianopolis-sc\/\">Florian\u00f3polis \u2013 SC<\/a><\/h3>\n<h3 class=\"col-md-5 col-xs-6\"><a href=\"https:\/\/variluxcinefrances.com\/2024\/cidade\/fortaleza-ce\/\">Fortaleza \u2013 CE<\/a><\/h3>\n<h3 class=\"col-md-5 col-xs-6\"><a href=\"https:\/\/variluxcinefrances.com\/2024\/cidade\/garanhuns-pe\/\">Garanhuns \u2013 PE<\/a><\/h3>\n<h3 class=\"col-md-5 col-xs-6\"><a href=\"https:\/\/variluxcinefrances.com\/2024\/cidade\/goiania-go\/\">Goi\u00e2nia \u2013 GO<\/a><\/h3>\n<h3 class=\"col-md-5 col-xs-6\"><a href=\"https:\/\/variluxcinefrances.com\/2024\/cidade\/guapimirim-rj\/\">Guapimirim \u2013 RJ<\/a><\/h3>\n<h3 class=\"col-md-5 col-xs-6\"><a href=\"https:\/\/variluxcinefrances.com\/2024\/cidade\/gurupi-to\/\">Gurupi \u2013 TO<\/a><\/h3>\n<h3 class=\"col-md-5 col-xs-6\"><a href=\"https:\/\/variluxcinefrances.com\/2024\/cidade\/indaiatuba-sp\/\">Indaiatuba \u2013 SP<\/a><\/h3>\n<h3 class=\"col-md-5 col-xs-6\"><a href=\"https:\/\/variluxcinefrances.com\/2024\/cidade\/itaipava-rj\/\">Itaipava \u2013 RJ<\/a><\/h3>\n<h3 class=\"col-md-5 col-xs-6\"><a href=\"https:\/\/variluxcinefrances.com\/2024\/cidade\/itapipoca-ce\/\">Itapipoca \u2013 CE<\/a><\/h3>\n<h3 class=\"col-md-5 col-xs-6\"><a href=\"https:\/\/variluxcinefrances.com\/2024\/cidade\/joao-pessoa-pb\/\">Jo\u00e3o Pessoa \u2013 PB<\/a><\/h3>\n<h3 class=\"col-md-5 col-xs-6\"><a href=\"https:\/\/variluxcinefrances.com\/2024\/cidade\/juiz-de-fora-mg\/\">Juiz de Fora \u2013 MG<\/a><\/h3>\n<h3 class=\"col-md-5 col-xs-6\"><a href=\"https:\/\/variluxcinefrances.com\/2024\/cidade\/jundiai-sp\/\">Jundia\u00ed \u2013 SP<\/a><\/h3>\n<h3 class=\"col-md-5 col-xs-6\"><a href=\"https:\/\/variluxcinefrances.com\/2024\/cidade\/londrina-pr\/\">Londrina \u2013 PR<\/a><\/h3>\n<h3 class=\"col-md-5 col-xs-6\"><a href=\"https:\/\/variluxcinefrances.com\/2024\/cidade\/luziania-go\/\">Luzi\u00e2nia \u2013 GO<\/a><\/h3>\n<h3 class=\"col-md-5 col-xs-6\"><a href=\"https:\/\/variluxcinefrances.com\/2024\/cidade\/macae-rj\/\">Maca\u00e9 \u2013 RJ<\/a><\/h3>\n<h3 class=\"col-md-5 col-xs-6\"><a href=\"https:\/\/variluxcinefrances.com\/2024\/cidade\/maceio-al\/\">Macei\u00f3 \u2013 AL<\/a><\/h3>\n<h3 class=\"col-md-5 col-xs-6\"><a href=\"https:\/\/variluxcinefrances.com\/2024\/cidade\/manaus-am\/\">Manaus \u2013 AM<\/a><\/h3>\n<h3 class=\"col-md-5 col-xs-6\"><a href=\"https:\/\/variluxcinefrances.com\/2024\/cidade\/maringa-pr\/\">Maring\u00e1 \u2013 PR<\/a><\/h3>\n<h3 class=\"col-md-5 col-xs-6\"><a href=\"https:\/\/variluxcinefrances.com\/2024\/cidade\/montes-claros-mg\/\">Montes Claros \u2013 MG<\/a><\/h3>\n<h3 class=\"col-md-5 col-xs-6\"><a href=\"https:\/\/variluxcinefrances.com\/2024\/cidade\/natal-rn\/\">Natal \u2013 RN<\/a><\/h3>\n<h3 class=\"col-md-5 col-xs-6\"><a href=\"https:\/\/variluxcinefrances.com\/2024\/cidade\/niteroi-rj\/\">Niter\u00f3i \u2013 RJ<\/a><\/h3>\n<h3 class=\"col-md-5 col-xs-6\"><a href=\"https:\/\/variluxcinefrances.com\/2024\/cidade\/nova-friburgo-rj\/\">Nova Friburgo \u2013 RJ<\/a><\/h3>\n<h3 class=\"col-md-5 col-xs-6\"><a href=\"https:\/\/variluxcinefrances.com\/2024\/cidade\/palmares-pe\/\">Palmares \u2013 PE<\/a><\/h3>\n<h3 class=\"col-md-5 col-xs-6\"><a href=\"https:\/\/variluxcinefrances.com\/2024\/cidade\/palmas-to\/\">Palmas \u2013 TO<\/a><\/h3>\n<h3 class=\"col-md-5 col-xs-6\"><a href=\"https:\/\/variluxcinefrances.com\/2024\/cidade\/pelotas-rs\/\">Pelotas \u2013 RS<\/a><\/h3>\n<h3 class=\"col-md-5 col-xs-6\"><a href=\"https:\/\/variluxcinefrances.com\/2024\/cidade\/petropolis-rj\/\">Petr\u00f3polis \u2013 RJ<\/a><\/h3>\n<h3 class=\"col-md-5 col-xs-6\"><a href=\"https:\/\/variluxcinefrances.com\/2024\/cidade\/pocos-de-caldas-mg\/\">Po\u00e7os de Caldas \u2013 MG<\/a><\/h3>\n<h3 class=\"col-md-5 col-xs-6\"><a href=\"https:\/\/variluxcinefrances.com\/2024\/cidade\/ponta-grossa-pr\/\">Ponta Grossa \u2013 PR<\/a><\/h3>\n<h3 class=\"col-md-5 col-xs-6\"><a href=\"https:\/\/variluxcinefrances.com\/2024\/cidade\/porto-alegre-rs\/\">Porto Alegre \u2013 RS<\/a><\/h3>\n<h3 class=\"col-md-5 col-xs-6\"><a href=\"https:\/\/variluxcinefrances.com\/2024\/cidade\/recife-pe\/\">Recife \u2013 PE<\/a><\/h3>\n<h3 class=\"col-md-5 col-xs-6\"><a href=\"https:\/\/variluxcinefrances.com\/2024\/cidade\/ribeirao-preto-sp\/\">Ribeir\u00e3o Preto \u2013 SP<\/a><\/h3>\n<h3 class=\"col-md-5 col-xs-6\"><a href=\"https:\/\/variluxcinefrances.com\/2024\/cidade\/rio-branco-ac\/\">Rio Branco \u2013 AC<\/a><\/h3>\n<h3 class=\"col-md-5 col-xs-6\"><a href=\"https:\/\/variluxcinefrances.com\/2024\/cidade\/rio-de-janeiro-rj\/\">Rio de Janeiro \u2013 RJ<\/a><\/h3>\n<h3 class=\"col-md-5 col-xs-6\"><a href=\"https:\/\/variluxcinefrances.com\/2024\/cidade\/rio-grande-rs\/\">Rio Grande \u2013 RS<\/a><\/h3>\n<h3 class=\"col-md-5 col-xs-6\"><a href=\"https:\/\/variluxcinefrances.com\/2024\/cidade\/salvador-ba\/\">Salvador \u2013 BA<\/a><\/h3>\n<h3 class=\"col-md-5 col-xs-6\"><a href=\"https:\/\/variluxcinefrances.com\/2024\/cidade\/santos-sp\/\">Santos \u2013 SP<\/a><\/h3>\n<h3 class=\"col-md-5 col-xs-6\"><a href=\"https:\/\/variluxcinefrances.com\/2024\/cidade\/sao-carlos-sp\/\">S\u00e3o Carlos \u2013 SP<\/a><\/h3>\n<h3 class=\"col-md-5 col-xs-6\"><a href=\"https:\/\/variluxcinefrances.com\/2024\/cidade\/sao-jose-dos-campos-sp\/\">S\u00e3o Jos\u00e9 dos Campos \u2013 SP<\/a><\/h3>\n<h3 class=\"col-md-5 col-xs-6\"><a href=\"https:\/\/variluxcinefrances.com\/2024\/cidade\/sao-luis-ma\/\">S\u00e3o Lu\u00eds \u2013 MA<\/a><\/h3>\n<h3 class=\"col-md-5 col-xs-6\"><a href=\"https:\/\/variluxcinefrances.com\/2024\/cidade\/sao-paulo-sp\/\">S\u00e3o Paulo \u2013 SP<\/a><\/h3>\n<h3 class=\"col-md-5 col-xs-6\"><a href=\"https:\/\/variluxcinefrances.com\/2024\/cidade\/teresina-pi\/\">Teresina \u2013 PI<\/a><\/h3>\n<h3 class=\"col-md-5 col-xs-6\"><a href=\"https:\/\/variluxcinefrances.com\/2024\/cidade\/triunfo-pe\/\">Triunfo \u2013 PE<\/a><\/h3>\n<h3 class=\"col-md-5 col-xs-6\"><a href=\"https:\/\/variluxcinefrances.com\/2024\/cidade\/vitoria-es\/\">Vit\u00f3ria \u2013 ES<\/a><\/h3>\n<h3 class=\"col-md-5 col-xs-6\"><a href=\"https:\/\/variluxcinefrances.com\/2024\/cidade\/volta-redonda-rj\/\">Volta Redonda \u2013 RJ<\/a><\/h3>\n","protected":false},"excerpt":{"rendered":"<p>Selecione a sua cidade e confira a programa\u00e7\u00e3o do Festival: &nbsp; Afogados de Ingazeira \u2013 PE Aracaju \u2013 SE Araraquara \u2013 SP Balne\u00e1rio Camburi\u00fa \u2013 SC Bel\u00e9m \u2013 PA Belo Horizonte \u2013 MG Botucatu \u2013 SP Bras\u00edlia \u2013 DF B\u00fazios \u2013 RJ Campinas \u2013 SP Campo Grande &#8211; MS Campos dos Goytacazes \u2013 RJ Caxias &hellip;<\/p>\n","protected":false},"author":1,"featured_media":0,"parent":0,"menu_order":2,"comment_status":"closed","ping_status":"closed","template":"","meta":{"_acf_changed":false,"footnotes":""},"class_list":["post-3484","page","type-page","status-publish","hentry"],"acf":[],"_links":{"self":[{"href":"https:\/\/variluxcinefrances.com\/2024\/wp-json\/wp\/v2\/pages\/3484","targetHints":{"allow":["GET"]}}],"collection":[{"href":"https:\/\/variluxcinefrances.com\/2024\/wp-json\/wp\/v2\/pages"}],"about":[{"href":"https:\/\/variluxcinefrances.com\/2024\/wp-json\/wp\/v2\/types\/page"}],"author":[{"embeddable":true,"href":"https:\/\/variluxcinefrances.com\/2024\/wp-json\/wp\/v2\/users\/1"}],"replies":[{"embeddable":true,"href":"https:\/\/variluxcinefrances.com\/2024\/wp-json\/wp\/v2\/comments?post=3484"}],"version-history":[{"count":22,"href":"https:\/\/variluxcinefrances.com\/2024\/wp-json\/wp\/v2\/pages\/3484\/revisions"}],"predecessor-version":[{"id":14147,"href":"https:\/\/variluxcinefrances.com\/2024\/wp-json\/wp\/v2\/pages\/3484\/revisions\/14147"}],"wp:attachment":[{"href":"https:\/\/variluxcinefrances.com\/2024\/wp-json\/wp\/v2\/media?parent=3484"}],"curies":[{"name":"wp","href":"https:\/\/api.w.org\/{rel}","templated":true}]}}