{"id":13378,"date":"2024-10-11T02:47:07","date_gmt":"2024-10-11T05:47:07","guid":{"rendered":"https:\/\/variluxcinefrances.com\/2024\/?page_id=13378"},"modified":"2024-10-11T12:00:14","modified_gmt":"2024-10-11T15:00:14","slug":"lab-franco-brasileiro-de-roteiros-2024","status":"publish","type":"page","link":"https:\/\/variluxcinefrances.com\/2024\/lab-franco-brasileiro-de-roteiros-2024\/","title":{"rendered":"LAB FRANCO-BRASILEIRO DE ROTEIROS 2024"},"content":{"rendered":"<h3>4-8 de novembro<\/h3>\n<h3>H\u00f4tel Fairmont \u2013 Rio de Janeiro<\/h3>\n<hr \/>\n<p><img loading=\"lazy\" decoding=\"async\" class=\"size-full wp-image-13415 alignleft\" src=\"https:\/\/variluxcinefrances.com\/2024\/wp-content\/uploads\/2024\/10\/Foto-Francois-Sauvagnargues.jpeg\" alt=\"\" width=\"300\" height=\"225\" srcset=\"https:\/\/variluxcinefrances.com\/2024\/wp-content\/uploads\/2024\/10\/Foto-Francois-Sauvagnargues.jpeg 300w, https:\/\/variluxcinefrances.com\/2024\/wp-content\/uploads\/2024\/10\/Foto-Francois-Sauvagnargues-200x150.jpeg 200w\" sizes=\"auto, (max-width: 300px) 100vw, 300px\" \/>O Festival Varilux de Cinema Franc\u00eas realiza pelo s\u00e9timo ano o Laborat\u00f3rio Franco Brasileiro de Roteiros, coordenado por <strong>Fran\u00e7ois Sauvagnargues<\/strong>, especialista de fic\u00e7\u00e3o e ex-diretor geral do Festival Internacional de Programa\u00e7\u00e3o Audiovisual (Biarritz, Fran\u00e7a). Destinado a roteiristas, diretores e produtores, o laborat\u00f3rio permite o desenvolvimento da escrita dos projetos dos participantes, principalmente de roteiros de longa-metragem e s\u00e9ries de TV. O objetivo \u00e9 acompanhar a escrita e orientar os autores, ajudando-os a encontrarem suas particularidades e refor\u00e7arem a narrativa.<\/p>\n<p>&nbsp;<\/p>\n<p>O LAB promove a troca de experi\u00eancias entre palestrantes europeus com larga experi\u00eancia e profissionais brasileiros, contribuindo para incentivar coprodu\u00e7\u00f5es futuras entre Europa e Brasil.<\/p>\n<p>&nbsp;<\/p>\n<p><img loading=\"lazy\" decoding=\"async\" class=\"size-full wp-image-13413 alignleft\" src=\"https:\/\/variluxcinefrances.com\/2024\/wp-content\/uploads\/2024\/10\/ceea-2-300x125-4.jpg\" alt=\"\" width=\"300\" height=\"78\" \/><\/p>\n<p>O Laborat\u00f3rio Franco-Brasileiro de Roteiros \u00e9 uma parceria entre o Festival Varilux de Cinema Franc\u00eas, e o Conservat\u00f3rio Europeu de Escrita Audiovisual (CEEA).<\/p>\n<p>&nbsp;<\/p>\n<hr \/>\n<h3 class=\"entry-title\">OS FORMADORES:<\/h3>\n<p><img loading=\"lazy\" decoding=\"async\" class=\"size-full wp-image-13414 alignleft\" src=\"https:\/\/variluxcinefrances.com\/2024\/wp-content\/uploads\/2024\/10\/claire.jpg\" alt=\"\" width=\"300\" height=\"300\" srcset=\"https:\/\/variluxcinefrances.com\/2024\/wp-content\/uploads\/2024\/10\/claire.jpg 300w, https:\/\/variluxcinefrances.com\/2024\/wp-content\/uploads\/2024\/10\/claire-150x150.jpg 150w\" sizes=\"auto, (max-width: 300px) 100vw, 300px\" \/><\/p>\n<h3><strong>CLAIRE BARRE<\/strong><\/h3>\n<p>Roteirista e docente no CEEA, F\u00c9MIS e da Universidade Paris X, Claire atualmente desenvolve diversos projetos para televis\u00e3o e cinema. Em 2014 recebeu o Pr\u00eamio Sopadin de Melhor Roteiro (\u201c<em>Uma esposa ideal<\/em>\u201d).\u00a0Ela publicou os romances,\u00a0<em>Ceci est mon sexe<\/em>,\u00a0<em>Baudelaire<\/em>,\u00a0<em>le diable et moi<\/em>,\u00a0<em>Phr\u00e8res\u00a0<\/em>e\u00a0<em>Pourquoi je n\u00b4ai pas \u00e9crit de film sur Sitting Bull<\/em>.<\/p>\n<p>&nbsp;<\/p>\n<p>&nbsp;<\/p>\n<p>&nbsp;<\/p>\n<p>&nbsp;<\/p>\n<hr \/>\n<p><img loading=\"lazy\" decoding=\"async\" class=\"size-full wp-image-13412 alignleft\" src=\"https:\/\/variluxcinefrances.com\/2024\/wp-content\/uploads\/2024\/10\/klomp.jpg\" alt=\"\" width=\"300\" height=\"300\" srcset=\"https:\/\/variluxcinefrances.com\/2024\/wp-content\/uploads\/2024\/10\/klomp.jpg 300w, https:\/\/variluxcinefrances.com\/2024\/wp-content\/uploads\/2024\/10\/klomp-150x150.jpg 150w\" sizes=\"auto, (max-width: 300px) 100vw, 300px\" \/><\/p>\n<h3>CORINNE KLOMP<\/h3>\n<p>Corinne \u00e9 formada em Roteiro no La FEMIS e no CEEA (Conservat\u00f3rio Europeu de Escrita Criativa), onde dirige a oficina de Roteiro da escola. Roteirista especializada em di\u00e1logos. Seu \u00faltimo projeto Gueule d\u2019emploi ganhou o pr\u00eamio de melhor conceito de longa-metragem no Festival de Cinema de Bruxelas.<\/p>\n<p>&nbsp;<\/p>\n<p>&nbsp;<\/p>\n<p>&nbsp;<\/p>\n<p>&nbsp;<\/p>\n<p>&nbsp;<\/p>\n<p>&nbsp;<\/p>\n<hr \/>\n<p><img loading=\"lazy\" decoding=\"async\" class=\"wp-image-13411 alignleft\" src=\"https:\/\/variluxcinefrances.com\/2024\/wp-content\/uploads\/2024\/10\/Foto-Monica-Rattazzi-767x1024-1-225x300.jpg\" alt=\"\" width=\"300\" height=\"401\" srcset=\"https:\/\/variluxcinefrances.com\/2024\/wp-content\/uploads\/2024\/10\/Foto-Monica-Rattazzi-767x1024-1-225x300.jpg 225w, https:\/\/variluxcinefrances.com\/2024\/wp-content\/uploads\/2024\/10\/Foto-Monica-Rattazzi-767x1024-1.jpg 767w\" sizes=\"auto, (max-width: 300px) 100vw, 300px\" \/><\/p>\n<h3>MONICA RATTAZZI<\/h3>\n<p>Monica Rattazzi alterna entre roteirista e diretora de roteiro h\u00e1 quase 20 anos. A sua atividade como romancista levou-a a colaborar com o colectivo de fot\u00f3grafos Tendance Floue. \u00c9 licenciada pelo CEEA, vencedora da Funda\u00e7\u00e3o Beaumarchais e do Pr\u00e9mio Polar SACD e obteve apoio de escrita da regi\u00e3o da Occit\u00e2nia para a sua primeira longa-metragem como realizadora.<\/p>\n<p>&nbsp;<\/p>\n<p>&nbsp;<\/p>\n<p>&nbsp;<\/p>\n<p>&nbsp;<\/p>\n<p>&nbsp;<\/p>\n<p>&nbsp;<\/p>\n<p>&nbsp;<\/p>\n<hr \/>\n<h3><img loading=\"lazy\" decoding=\"async\" class=\"size-full wp-image-13410 alignleft\" src=\"https:\/\/variluxcinefrances.com\/2024\/wp-content\/uploads\/2024\/10\/jean.jpg\" alt=\"\" width=\"300\" height=\"300\" srcset=\"https:\/\/variluxcinefrances.com\/2024\/wp-content\/uploads\/2024\/10\/jean.jpg 300w, https:\/\/variluxcinefrances.com\/2024\/wp-content\/uploads\/2024\/10\/jean-150x150.jpg 150w\" sizes=\"auto, (max-width: 300px) 100vw, 300px\" \/>JEAN-MARIE CHAVENT<\/h3>\n<p>Formado em Roteiro no La FEMIS, Jean-Marie \u00e9 especialista em s\u00e9rie de TV. Desde 2011 trabalha como professor de s\u00e9rie televisiva no CEEA (Conservat\u00f3rio Europeu de Escrita Criativa), e no mercado atua como roteirista de s\u00e9ries como\u00a0<em>Marianne<\/em>, para France 2,\u00a0<em>Influences\u00a0<\/em>para NRJ12,\u00a0<em>Ca\u00efn<\/em>, entre outros.<\/p>\n<p>&nbsp;<\/p>\n<p>&nbsp;<\/p>\n<p>&nbsp;<\/p>\n<p>&nbsp;<\/p>\n<p>&nbsp;<\/p>\n<hr \/>\n<h3><strong>Confira a lista dos selecionados para o LAB de Roteiros 2024<\/strong><\/h3>\n<p>&nbsp;<\/p>\n<div class=\"entry-content\">\n<h3>Projetos de s\u00e9ries :<\/h3>\n<p>1.\u00a0<strong>Fim de ano<\/strong>, Daniel Arcades, Salvador (co-roteiristas: J\u00f4 Levy e Ludielma Laurentino)<br \/>\n2.\u00a0<strong>Riacho de Areia<\/strong>, Ana do Carmo, Salvador (co-roteiristas: Rayane Teles, A\u00edda Esther,<br \/>\nLuiz Guilherme Assis e Larissa Barbosa)<br \/>\n3.\u00a0<strong>Carnal\u00e2ndia<\/strong>, Vilma Carla Martins, Salvador (co-roteirista: Mariana Thom\u00e9)<br \/>\n4.\u00a0<strong>Charlize Unhas<\/strong>, Mariah Schwartz, Rio de Janeiro (co-roteiristas: Rafael Assun\u00e7\u00e3o e<br \/>\nRaul Damasceno)<br \/>\n5.\u00a0<strong>A Casa Amarela<\/strong>, Rita Toledo, Rio de Janeiro<br \/>\n6.\u00a0<strong>Linha 2<\/strong>, Daniel Tumati, Rio de Janeiro (co-roteiristas: Carolina Arca, Carlos Alberto<br \/>\nBarros e Jonathan Magella)<br \/>\n7.\u00a0<strong>Aliadas<\/strong>, Larissa Vaiano, Mogi<br \/>\n8.\u00a0<strong>Mamata Z<\/strong>, Felipe Vianna, Rio de Janeiro<\/p>\n<p>&nbsp;<\/p>\n<h3>Projetos de longa-mentragens :<\/h3>\n<p>1.\u00a0<strong>Jardim dos Anjos<\/strong>, Eduardo Ades, Rio de Janeiro (co-roteirista: Rafael Souza-<br \/>\nRibeiro)<br \/>\n2.\u00a0<strong>Divino<\/strong>, Jo\u00e3o Campos, Bras\u00edlia<br \/>\n3.<strong>\u00a0Filhas do Mangue<\/strong>, Stella Carneiro, Macei\u00f3<br \/>\n4.\u00a0<strong>O Pior dia de Todos<\/strong>, Clara Linhart, Rio de Janeiro (co-roteirista: Daniela Kopsch)<br \/>\n5.\u00a0<strong>O Menino que N\u00e3o Existia<\/strong>, Gabriel Quadros, S\u00e3o Paulo<br \/>\n6.\u00a0<strong>O Quarto de Giovanna<\/strong>, Victoria Negreiros, S\u00e3o Paulo<br \/>\n7.\u00a0<strong>Telara\u00f1a<\/strong>, Vit\u00e3, Rio de Janeiro (co-criadoras: Bruna Trindade e Alice Name<br \/>\nBomtempo)<br \/>\n8.\u00a0<strong>C\u00e9u sem Terra<\/strong>, George Walker Torres, S\u00e3o Paulo (co-roteirista: Fina Torres)<\/p>\n<\/div>\n","protected":false},"excerpt":{"rendered":"<p>4-8 de novembro H\u00f4tel Fairmont \u2013 Rio de Janeiro O Festival Varilux de Cinema Franc\u00eas realiza pelo s\u00e9timo ano o Laborat\u00f3rio Franco Brasileiro de Roteiros, coordenado por Fran\u00e7ois Sauvagnargues, especialista de fic\u00e7\u00e3o e ex-diretor geral do Festival Internacional de Programa\u00e7\u00e3o Audiovisual (Biarritz, Fran\u00e7a). Destinado a roteiristas, diretores e produtores, o laborat\u00f3rio permite o desenvolvimento da &hellip;<\/p>\n","protected":false},"author":1,"featured_media":0,"parent":0,"menu_order":0,"comment_status":"closed","ping_status":"closed","template":"","meta":{"_acf_changed":false,"footnotes":""},"class_list":["post-13378","page","type-page","status-publish","hentry"],"acf":[],"_links":{"self":[{"href":"https:\/\/variluxcinefrances.com\/2024\/wp-json\/wp\/v2\/pages\/13378","targetHints":{"allow":["GET"]}}],"collection":[{"href":"https:\/\/variluxcinefrances.com\/2024\/wp-json\/wp\/v2\/pages"}],"about":[{"href":"https:\/\/variluxcinefrances.com\/2024\/wp-json\/wp\/v2\/types\/page"}],"author":[{"embeddable":true,"href":"https:\/\/variluxcinefrances.com\/2024\/wp-json\/wp\/v2\/users\/1"}],"replies":[{"embeddable":true,"href":"https:\/\/variluxcinefrances.com\/2024\/wp-json\/wp\/v2\/comments?post=13378"}],"version-history":[{"count":16,"href":"https:\/\/variluxcinefrances.com\/2024\/wp-json\/wp\/v2\/pages\/13378\/revisions"}],"predecessor-version":[{"id":13427,"href":"https:\/\/variluxcinefrances.com\/2024\/wp-json\/wp\/v2\/pages\/13378\/revisions\/13427"}],"wp:attachment":[{"href":"https:\/\/variluxcinefrances.com\/2024\/wp-json\/wp\/v2\/media?parent=13378"}],"curies":[{"name":"wp","href":"https:\/\/api.w.org\/{rel}","templated":true}]}}