{"id":9450,"date":"2021-11-13T02:35:16","date_gmt":"2021-11-13T05:35:16","guid":{"rendered":"https:\/\/variluxcinefrances.com\/2023\/?page_id=9450"},"modified":"2023-10-29T19:31:46","modified_gmt":"2023-10-29T22:31:46","slug":"laboratorio-franco-brasileiro-de-roteiros","status":"publish","type":"page","link":"https:\/\/variluxcinefrances.com\/2023\/festival\/laboratorio-franco-brasileiro-de-roteiros\/","title":{"rendered":"LABORAT\u00d3RIO FRANCO-BRASILEIRO DE ROTEIROS 2023"},"content":{"rendered":"<h2>6 e 10 de novembro<\/h2>\n<h3>H\u00f4tel Fairmont \u2013 Rio de Janeiro<\/h3>\n<p><img loading=\"lazy\" decoding=\"async\" class=\"alignleft wp-image-11684 size-full\" src=\"https:\/\/variluxcinefrances.com\/2023\/wp-content\/uploads\/2023\/10\/Foto-Francois-Sauvagnargues.jpeg\" alt=\"\" width=\"300\" height=\"225\" srcset=\"https:\/\/variluxcinefrances.com\/2023\/wp-content\/uploads\/2023\/10\/Foto-Francois-Sauvagnargues.jpeg 300w, https:\/\/variluxcinefrances.com\/2023\/wp-content\/uploads\/2023\/10\/Foto-Francois-Sauvagnargues-200x150.jpeg 200w\" sizes=\"auto, (max-width: 300px) 100vw, 300px\" \/>O\u00a0Festival Varilux de Cinema Franc\u00eas\u00a0realiza pelo sexto ano o\u00a0Laborat\u00f3rio Franco Brasileiro de Roteiros,\u00a0coordenado por <strong>Fran\u00e7ois Sauvagnargues<\/strong>,\u00a0especialista de fic\u00e7\u00e3o e ex-diretor geral do Festival Internacional de Programa\u00e7\u00e3o Audiovisual (Biarritz, Fran\u00e7a). Destinado a roteiristas, diretores e produtores, o laborat\u00f3rio permite o desenvolvimento da escrita dos projetos dos participantes, principalmente de roteiros de\u00a0longa-metragem\u00a0e s\u00e9ries de TV. O objetivo \u00e9 acompanhar a escrita e orientar os autores, ajudando-os a encontrarem suas\u00a0particularidades e refor\u00e7arem\u00a0a narrativa. O LAB promove a troca de experi\u00eancias entre palestrantes europeus com larga experi\u00eancia e profissionais brasileiros, contribuindo para incentivar coprodu\u00e7\u00f5es futuras entre Europa e Brasil.<\/p>\n<p>&nbsp;<\/p>\n<p><img loading=\"lazy\" decoding=\"async\" class=\"alignleft wp-image-11695 size-full\" src=\"https:\/\/variluxcinefrances.com\/2023\/wp-content\/uploads\/2023\/10\/ceea-2-300x125-4.jpg\" alt=\"\" width=\"300\" height=\"78\" \/>O Laborat\u00f3rio Franco-Brasileiro de Roteiros \u00e9 uma parceria entre o Festival Varilux de Cinema Franc\u00eas, e o Conservat\u00f3rio Europeu de Escrita Audiovisual (CEEA).<\/p>\n<p>&nbsp;<\/p>\n<hr \/>\n<h2><strong>OS FORMADORES:<\/strong><\/h2>\n<p><img loading=\"lazy\" decoding=\"async\" class=\"alignnone size-full wp-image-11729\" src=\"https:\/\/variluxcinefrances.com\/2023\/wp-content\/uploads\/2023\/10\/claire.jpg\" alt=\"\" width=\"300\" height=\"300\" srcset=\"https:\/\/variluxcinefrances.com\/2023\/wp-content\/uploads\/2023\/10\/claire.jpg 300w, https:\/\/variluxcinefrances.com\/2023\/wp-content\/uploads\/2023\/10\/claire-150x150.jpg 150w\" sizes=\"auto, (max-width: 300px) 100vw, 300px\" \/><\/p>\n<h3>CLAIRE BARRE<\/h3>\n<p>Roteirista e docente no CEEA, F\u00c9MIS e da Universidade Paris X, Claire atualmente desenvolve diversos projetos para televis\u00e3o e cinema. Em 2014 recebeu o Pr\u00eamio Sopadin de Melhor Roteiro (\u201c<em>Uma esposa ideal<\/em>\u201d).\u00a0Ela publicou os romances,\u00a0<em>Ceci est mon sexe<\/em>,\u00a0<em>Baudelaire<\/em>, <em>le diable et moi<\/em>,\u00a0<em>Phr\u00e8res\u00a0<\/em>e\u00a0<em>Pourquoi je n\u00b4ai pas \u00e9crit de film sur Sitting Bull<\/em>.<\/p>\n<hr \/>\n<p><img loading=\"lazy\" decoding=\"async\" class=\"alignnone size-full wp-image-11732\" src=\"https:\/\/variluxcinefrances.com\/2023\/wp-content\/uploads\/2023\/10\/klomp.jpg\" alt=\"\" width=\"300\" height=\"300\" srcset=\"https:\/\/variluxcinefrances.com\/2023\/wp-content\/uploads\/2023\/10\/klomp.jpg 300w, https:\/\/variluxcinefrances.com\/2023\/wp-content\/uploads\/2023\/10\/klomp-150x150.jpg 150w\" sizes=\"auto, (max-width: 300px) 100vw, 300px\" \/><\/p>\n<h3>CORINNE KLOMP<\/h3>\n<p>Corinne \u00e9 formada em Roteiro no La FEMIS e no CEEA (Conservat\u00f3rio Europeu de Escrita Criativa), onde dirige a oficina de Roteiro da escola. Roteirista especializada em di\u00e1logos. Seu \u00faltimo projeto Gueule d\u2019emploi ganhou o pr\u00eamio de melhor conceito de longa-metragem no Festival de Cinema de Bruxelas.<\/p>\n<hr \/>\n<p><img loading=\"lazy\" decoding=\"async\" class=\"alignnone  wp-image-12191\" src=\"https:\/\/variluxcinefrances.com\/2023\/wp-content\/uploads\/2023\/10\/Foto-Monica-Rattazzi-225x300.jpg\" alt=\"\" width=\"302\" height=\"402\" srcset=\"https:\/\/variluxcinefrances.com\/2023\/wp-content\/uploads\/2023\/10\/Foto-Monica-Rattazzi-225x300.jpg 225w, https:\/\/variluxcinefrances.com\/2023\/wp-content\/uploads\/2023\/10\/Foto-Monica-Rattazzi-767x1024.jpg 767w, https:\/\/variluxcinefrances.com\/2023\/wp-content\/uploads\/2023\/10\/Foto-Monica-Rattazzi-768x1025.jpg 768w, https:\/\/variluxcinefrances.com\/2023\/wp-content\/uploads\/2023\/10\/Foto-Monica-Rattazzi-1151x1536.jpg 1151w, https:\/\/variluxcinefrances.com\/2023\/wp-content\/uploads\/2023\/10\/Foto-Monica-Rattazzi-1535x2048.jpg 1535w, https:\/\/variluxcinefrances.com\/2023\/wp-content\/uploads\/2023\/10\/Foto-Monica-Rattazzi-scaled.jpg 1919w\" sizes=\"auto, (max-width: 302px) 100vw, 302px\" \/><\/p>\n<h3>MONICA RATTAZZI<\/h3>\n<p>Monica Rattazzi alterna entre roteirista e diretora de roteiro h\u00e1 quase 20 anos. A sua atividade como romancista levou-a a colaborar com o colectivo de fot\u00f3grafos Tendance Floue. \u00c9 licenciada pelo CEEA, vencedora da Funda\u00e7\u00e3o Beaumarchais e do Pr\u00e9mio Polar SACD e obteve apoio de escrita da regi\u00e3o da Occit\u00e2nia para a sua primeira longa-metragem como realizadora.<\/p>\n<hr \/>\n<p><img loading=\"lazy\" decoding=\"async\" class=\"alignnone size-full wp-image-11731\" src=\"https:\/\/variluxcinefrances.com\/2023\/wp-content\/uploads\/2023\/10\/jean.jpg\" alt=\"\" width=\"300\" height=\"300\" srcset=\"https:\/\/variluxcinefrances.com\/2023\/wp-content\/uploads\/2023\/10\/jean.jpg 300w, https:\/\/variluxcinefrances.com\/2023\/wp-content\/uploads\/2023\/10\/jean-150x150.jpg 150w\" sizes=\"auto, (max-width: 300px) 100vw, 300px\" \/><\/p>\n<h3>JEAN-MARIE CHAVENT<\/h3>\n<p>Formado em Roteiro no La FEMIS, Jean-Marie \u00e9 especialista em s\u00e9rie de TV. Desde 2011 trabalha como professor de s\u00e9rie televisiva no CEEA (Conservat\u00f3rio Europeu de Escrita Criativa), e no mercado atua como roteirista de s\u00e9ries como\u00a0<em>Marianne<\/em>, para France 2,\u00a0<em>Influences\u00a0<\/em>para NRJ12,\u00a0<em>Ca\u00efn<\/em>, entre outros.<\/p>\n<hr \/>\n<p>&nbsp;<\/p>\n<h2>Confira a lista dos selecionados para o LAB de Roteiros 2023<\/h2>\n<p><strong>SELE\u00c7\u00c3O LONGAS<\/strong><br \/>\nA Ado\u00e7\u00e3o &#8211; Allan Deberton, Daniel Tavares, Nat\u00e1lia Maia e Samuel Brasileiro<br \/>\nDanday\u00ea! &#8211; Belise Mofeoli<br \/>\nInvasores &#8211; Kiwi Bertola<br \/>\nJaguar &#8211; Est\u00eav\u00e3o Ciavatta<br \/>\nNebulosas &#8211; Vinicius R M Elias<br \/>\nNotas sobre a Imperman\u00eancia &#8211; Paula Gicovate<br \/>\nP\u00e1reo &#8211; Luciana Vieira<br \/>\nSound B\u00fafalo &#8211; Rafael C\u00e2mara<\/p>\n<p>&nbsp;<\/p>\n<p><strong>SELE\u00c7\u00c3O S\u00c9RIES<\/strong><br \/>\nAGORA AGORA &#8211; Fernando Honesko e Caroline Margoni<br \/>\nCapivaras &#8211; J\u00f4 Hallack<br \/>\nJ\u00f3ias Brutas &#8211; J\u00falia Balista<br \/>\nJorge Rei &#8211; Maria Jos\u00e9 Barros<br \/>\nMadeira &#8211; Sabrina Bogado<br \/>\nMaitasuna &#8211; Patr\u00edcia Moretzsohn<br \/>\nPara o que der e vier &#8211; Pedro Guindani<br \/>\nTebas &#8211; Gustavo Penna<br \/>\nTerreno Hostil &#8211; C\u00e9sar Augusto<\/p>\n","protected":false},"excerpt":{"rendered":"<p>6 e 10 de novembro H\u00f4tel Fairmont \u2013 Rio de Janeiro O\u00a0Festival Varilux de Cinema Franc\u00eas\u00a0realiza pelo sexto ano o\u00a0Laborat\u00f3rio Franco Brasileiro de Roteiros,\u00a0coordenado por Fran\u00e7ois Sauvagnargues,\u00a0especialista de fic\u00e7\u00e3o e ex-diretor geral do Festival Internacional de Programa\u00e7\u00e3o Audiovisual (Biarritz, Fran\u00e7a). Destinado a roteiristas, diretores e produtores, o laborat\u00f3rio permite o desenvolvimento da escrita dos projetos &hellip;<\/p>\n","protected":false},"author":1,"featured_media":0,"parent":3946,"menu_order":0,"comment_status":"closed","ping_status":"closed","template":"","meta":{"_acf_changed":false,"footnotes":""},"class_list":["post-9450","page","type-page","status-publish","hentry"],"acf":[],"_links":{"self":[{"href":"https:\/\/variluxcinefrances.com\/2023\/wp-json\/wp\/v2\/pages\/9450","targetHints":{"allow":["GET"]}}],"collection":[{"href":"https:\/\/variluxcinefrances.com\/2023\/wp-json\/wp\/v2\/pages"}],"about":[{"href":"https:\/\/variluxcinefrances.com\/2023\/wp-json\/wp\/v2\/types\/page"}],"author":[{"embeddable":true,"href":"https:\/\/variluxcinefrances.com\/2023\/wp-json\/wp\/v2\/users\/1"}],"replies":[{"embeddable":true,"href":"https:\/\/variluxcinefrances.com\/2023\/wp-json\/wp\/v2\/comments?post=9450"}],"version-history":[{"count":53,"href":"https:\/\/variluxcinefrances.com\/2023\/wp-json\/wp\/v2\/pages\/9450\/revisions"}],"predecessor-version":[{"id":12192,"href":"https:\/\/variluxcinefrances.com\/2023\/wp-json\/wp\/v2\/pages\/9450\/revisions\/12192"}],"up":[{"embeddable":true,"href":"https:\/\/variluxcinefrances.com\/2023\/wp-json\/wp\/v2\/pages\/3946"}],"wp:attachment":[{"href":"https:\/\/variluxcinefrances.com\/2023\/wp-json\/wp\/v2\/media?parent=9450"}],"curies":[{"name":"wp","href":"https:\/\/api.w.org\/{rel}","templated":true}]}}