{"id":3856,"date":"2017-05-13T12:46:32","date_gmt":"2017-05-13T15:46:32","guid":{"rendered":"http:\/\/variluxcinefrances.com\/2017\/?page_id=3856"},"modified":"2023-10-18T11:15:19","modified_gmt":"2023-10-18T14:15:19","slug":"equipe","status":"publish","type":"page","link":"https:\/\/variluxcinefrances.com\/2023\/o-festival\/equipe\/","title":{"rendered":"Equipe"},"content":{"rendered":"<p><strong>A EQUIPE DO FESTIVAL<\/strong><\/p>\n<p>Realiza\u00e7\u00e3o e produ\u00e7\u00e3o<\/p>\n<p>BONFILM<\/p>\n<p>Dire\u00e7\u00e3o geral e curadoria: Emmanuelle e Christian Boudier<\/p>\n<p>Diretor do LAB de roteiros:Fran\u00e7ois Sauvagnargues<\/p>\n<p>Gerenciamento de projeto e Coordena\u00e7\u00e3o administrativa: Igor Tavares<\/p>\n<p>com apoio de Luzimar Valentim<\/p>\n<p>Coordena\u00e7\u00e3o de programa\u00e7\u00e3o cinemas: Carmen Galera<\/p>\n<p>Coordena\u00e7\u00e3o de comunica\u00e7\u00e3o e parcerias: Emmanuelle Boudier<\/p>\n<p>Coordena\u00e7\u00e3o de produ\u00e7\u00e3o: Gabriela Carvalho<\/p>\n<p>Coordena\u00e7\u00e3o nacional e assistente de programa\u00e7\u00e3o: Louise Andant<\/p>\n<p>Coordena\u00e7\u00e3o das a\u00e7\u00f5es educativas: Luana Farias<\/p>\n<p>Produ\u00e7\u00e3o: Andr\u00e9 Melo, Alexandra Alliat, Thalita Sauwen<\/p>\n<p>Assistente de comunica\u00e7\u00e3o e gest\u00e3o dos convidados: Carolina Landeira<\/p>\n<p>Rela\u00e7\u00f5es\u00a0 com os talentos na Fran\u00e7a: Martin Agniel<\/p>\n<p>Coordena\u00e7\u00e3o de redes sociais: Gustavo Rispoli<\/p>\n<p>Legendas\/tradu\u00e7ao: Cristiana Brindeiro<\/p>\n<p>Coordena\u00e7\u00e3o t\u00e9cnica e legendagem: ETC Filmes \u2013 Fabriccio d\u2019Annunciato, Juliana Xavier, Mauricio Ales<\/p>\n<p>Identidade e programa\u00e7\u00e3o visual: Dinamo Design \u2013 Alexsandro Souza<\/p>\n<p>Design gr\u00e1fico: Nathalia Younes<\/p>\n<p>Website: New Gosling \u2013 Fabiana Lizak e Bruno Gosling<\/p>\n<p>Videografismo: Daniel Lopes<\/p>\n<p>Assessoria de imprensa: Ag\u00eancia Febre &#8211; Katia Carneiro, Catia Rejane<\/p>\n<p>Rela\u00e7oes publicas: Patricia Rabello<\/p>\n<p>Coordena\u00e7\u00e3o LAB: Nathalia Guinet<\/p>\n<p>Produ\u00e7\u00e3o gr\u00e1fica: Grupo Alest \u2013 Estev\u00e3o Claros<\/p>\n<p>&nbsp;<\/p>\n<p>&nbsp;<\/p>\n<p>&nbsp;<\/p>\n<p>&nbsp;<\/p>\n<p>&nbsp;<\/p>\n","protected":false},"excerpt":{"rendered":"<p>A EQUIPE DO FESTIVAL Realiza\u00e7\u00e3o e produ\u00e7\u00e3o BONFILM Dire\u00e7\u00e3o geral e curadoria: Emmanuelle e Christian Boudier Diretor do LAB de roteiros:Fran\u00e7ois Sauvagnargues Gerenciamento de projeto e Coordena\u00e7\u00e3o administrativa: Igor Tavares com apoio de Luzimar Valentim Coordena\u00e7\u00e3o de programa\u00e7\u00e3o cinemas: Carmen Galera Coordena\u00e7\u00e3o de comunica\u00e7\u00e3o e parcerias: Emmanuelle Boudier Coordena\u00e7\u00e3o de produ\u00e7\u00e3o: Gabriela Carvalho Coordena\u00e7\u00e3o nacional &hellip;<\/p>\n","protected":false},"author":1,"featured_media":0,"parent":3469,"menu_order":3,"comment_status":"closed","ping_status":"closed","template":"page_institucional.php","meta":{"_acf_changed":false,"footnotes":""},"class_list":["post-3856","page","type-page","status-publish","hentry"],"acf":[],"_links":{"self":[{"href":"https:\/\/variluxcinefrances.com\/2023\/wp-json\/wp\/v2\/pages\/3856","targetHints":{"allow":["GET"]}}],"collection":[{"href":"https:\/\/variluxcinefrances.com\/2023\/wp-json\/wp\/v2\/pages"}],"about":[{"href":"https:\/\/variluxcinefrances.com\/2023\/wp-json\/wp\/v2\/types\/page"}],"author":[{"embeddable":true,"href":"https:\/\/variluxcinefrances.com\/2023\/wp-json\/wp\/v2\/users\/1"}],"replies":[{"embeddable":true,"href":"https:\/\/variluxcinefrances.com\/2023\/wp-json\/wp\/v2\/comments?post=3856"}],"version-history":[{"count":3,"href":"https:\/\/variluxcinefrances.com\/2023\/wp-json\/wp\/v2\/pages\/3856\/revisions"}],"predecessor-version":[{"id":11814,"href":"https:\/\/variluxcinefrances.com\/2023\/wp-json\/wp\/v2\/pages\/3856\/revisions\/11814"}],"up":[{"embeddable":true,"href":"https:\/\/variluxcinefrances.com\/2023\/wp-json\/wp\/v2\/pages\/3469"}],"wp:attachment":[{"href":"https:\/\/variluxcinefrances.com\/2023\/wp-json\/wp\/v2\/media?parent=3856"}],"curies":[{"name":"wp","href":"https:\/\/api.w.org\/{rel}","templated":true}]}}