{"id":3852,"date":"2017-05-13T12:45:57","date_gmt":"2017-05-13T15:45:57","guid":{"rendered":"http:\/\/variluxcinefrances.com\/2017\/?page_id=3852"},"modified":"2023-10-20T01:40:52","modified_gmt":"2023-10-20T04:40:52","slug":"palavra-do-curador","status":"publish","type":"page","link":"https:\/\/variluxcinefrances.com\/2023\/o-festival\/palavra-do-curador\/","title":{"rendered":"Palavras dos Curadores"},"content":{"rendered":"<p><strong>O Festival Varilux na reconquista do seu p\u00fablico<\/strong><\/p>\n<p>Para sua d\u00e9cima quarta edi\u00e7\u00e3o, e ap\u00f3s v\u00e1rios anos muito abalado pela pandemia, o Festival Varilux de Cinema Franc\u00eas muda de data. Acontecer\u00e1 de 9 a 22 de novembro, em mais de 60 cidades e cerca de uma centena de cinemas de todo o Brasil.<\/p>\n<p>Tr\u00eas anos depois, os cinemas brasileiros continuam fortemente impactados pela pandemia: em 2023, o p\u00fablico continua 44% menor que em 2019 e o resultado m\u00e9dio \u00e9 somente de 30 espectadores por exibi\u00e7\u00e3o. O aumento de 21% no pre\u00e7o dos ingressos em 2022 n\u00e3o encorajou o retorno dos espectadores aos cinemas. Para o cinema independente brasileiro e estrangeiro, a perda \u00e9 muito maior: a queda na audi\u00eancia m\u00e9dia por filme \u00e9 estimada em 80%! Os filmes franceses n\u00e3o escaparam a essa regra e viram seus resultados globais no Brasil desmoronarem.<\/p>\n<p>Nessas condi\u00e7\u00f5es, o Varilux continua sendo uma ferramenta mais estrat\u00e9gica do que nunca para manter viva a chama do p\u00fablico brasileiro, promover a imagem do cinema franc\u00eas em todo o pa\u00eds, e apoiar o trabalho dos distribuidores locais (nada menos que 10 distribuidores participam do festival este ano: Calif\u00f3rnia, Diamond, A2, Mares, Pandora, Zeta, Paris, Synapse, Filmes do Esta\u00e7\u00e3o e Bonfilm). O festival, que atingiu 191 mil espectadores em 2019, tem assim como objetivo priorit\u00e1rio reconquistar gradualmente o seu p\u00fablico em todo o pa\u00eds: depois de 77 mil espectadores em 2022, o objetivo \u00e9 ultrapassar a marca dos 100 mil espectadores em 2023.<\/p>\n<p>Para isso, o festival apresentar\u00e1 uma magn\u00edfica sele\u00e7\u00e3o de 20 filmes recentes e in\u00e9ditos no Brasil, incluindo a Palma de Ouro em Cannes Anatomia de uma Queda, o \u00faltimo filme de C\u00e9dric Kahn, Making Of, o filme Culpa e Desejo de Catherine Breillat, e a segunda parte da saga de Os Tr\u00eas Mosqueteiros. Para representar os filmes da sele\u00e7\u00e3o, atender a imprensa e debater com o p\u00fablico, o festival ter\u00e1 o prazer de receber L\u00e9a Drucker (Culpa e Desejo) C\u00e9dric Kahn (Making of), Stefan Crepon (Making of), Anna Novion (O Desafio de Marguerite), Baya Kasmi (O Livro da Disc\u00f3rdia), Bruno Chiche (Maestro(s)), R\u00e9mi Bezan\u00e7on (O Renascimento), Nicolas Giraud (O Astronauta) e Julia de Nunez (s\u00e9rie Brigitte Bardot).<\/p>\n<p>O festival tamb\u00e9m organizar\u00e1 uma homenagem a Brigitte Bardot, verdadeira \u00edcone do Brasil conhecida por ter frequentado muito a localidade de B\u00fazios, onde ainda existe o Cine-Bardot! O festival exibir\u00e1 a s\u00e9rie Brigitte Bardot, de Christopher e Danielle Thompson, na presen\u00e7a da atriz Julia de Nunez. Al\u00e9m disso, a estrela Bardot ser\u00e1 ainda relembrada nas exibi\u00e7\u00f5es dos cl\u00e1ssicos do festival, E Deus Criou a Mulher e O Desprezo.<\/p>\n<p>E como sempre, o festival organizar\u00e1 in\u00fameras atividades educativas por todo o pa\u00eds em torno dos filmes A Viagem de Ernesto e C\u00e9lestine e O Desafio de Marguerite, assim como sess\u00f5es de democratiza\u00e7\u00e3o, gratuitas para todos os p\u00fablicos. Tamb\u00e9m ser\u00e1 organizado o j\u00e1 famoso LAB de roteiros franco-brasileiros, em parceria com o Conservat\u00f3rio Europeu de Escrita Audiovisual, coordenado por Fran\u00e7ois Sauvagnargues.<\/p>\n<p>Agradecemos aos fi\u00e9is patrocinadores do evento: Essilor\/Varilux, especialmente ao seu presidente Guilherme Nogueira; e a Pernod Ricard, atrav\u00e9s da marca Lillet, ao seu presidente Beno\u00eet Laug. Obrigada tamb\u00e9m ao rec\u00e9m-chegado TAG, e ao seu presidente Gustavo Labanca, a quem agradecemos calorosamente pela confian\u00e7a. Esses patroc\u00ednios foram poss\u00edveis gra\u00e7as \u00e0 Lei de Incentivo \u00e0 Cultura e gradecemos ao Minist\u00e9rio da Cultura. Obrigada aos demais grandes jogadores deste time franc\u00eas, Air France e Groupe Accor \/Fairmont, cujo apoio foi viabilizado atrav\u00e9s da Lei de Incentivo \u00e0 Cultura da Prefeitura do Rio de Janeiro, bem como \u00e0 Embaixada da Fran\u00e7a no Brasil, Alliance Fran\u00e7aise e Unifrance Films. Agradecemos a todos os demais parceiros cujo valioso apoio nos permite conquistar mais uma vez o nosso querido p\u00fablico.<\/p>\n<p>&nbsp;<\/p>\n<p>Emmanuelle e Christian Boudier<\/p>\n<p>Diretores e curadores do festival<\/p>\n<p>&nbsp;<\/p>\n","protected":false},"excerpt":{"rendered":"<p>O Festival Varilux na reconquista do seu p\u00fablico Para sua d\u00e9cima quarta edi\u00e7\u00e3o, e ap\u00f3s v\u00e1rios anos muito abalado pela pandemia, o Festival Varilux de Cinema Franc\u00eas muda de data. Acontecer\u00e1 de 9 a 22 de novembro, em mais de 60 cidades e cerca de uma centena de cinemas de todo o Brasil. Tr\u00eas anos &hellip;<\/p>\n","protected":false},"author":1,"featured_media":0,"parent":3469,"menu_order":1,"comment_status":"closed","ping_status":"closed","template":"page_institucional.php","meta":{"_acf_changed":false,"footnotes":""},"class_list":["post-3852","page","type-page","status-publish","hentry"],"acf":[],"_links":{"self":[{"href":"https:\/\/variluxcinefrances.com\/2023\/wp-json\/wp\/v2\/pages\/3852","targetHints":{"allow":["GET"]}}],"collection":[{"href":"https:\/\/variluxcinefrances.com\/2023\/wp-json\/wp\/v2\/pages"}],"about":[{"href":"https:\/\/variluxcinefrances.com\/2023\/wp-json\/wp\/v2\/types\/page"}],"author":[{"embeddable":true,"href":"https:\/\/variluxcinefrances.com\/2023\/wp-json\/wp\/v2\/users\/1"}],"replies":[{"embeddable":true,"href":"https:\/\/variluxcinefrances.com\/2023\/wp-json\/wp\/v2\/comments?post=3852"}],"version-history":[{"count":4,"href":"https:\/\/variluxcinefrances.com\/2023\/wp-json\/wp\/v2\/pages\/3852\/revisions"}],"predecessor-version":[{"id":11871,"href":"https:\/\/variluxcinefrances.com\/2023\/wp-json\/wp\/v2\/pages\/3852\/revisions\/11871"}],"up":[{"embeddable":true,"href":"https:\/\/variluxcinefrances.com\/2023\/wp-json\/wp\/v2\/pages\/3469"}],"wp:attachment":[{"href":"https:\/\/variluxcinefrances.com\/2023\/wp-json\/wp\/v2\/media?parent=3852"}],"curies":[{"name":"wp","href":"https:\/\/api.w.org\/{rel}","templated":true}]}}