{"id":12858,"date":"2023-11-21T11:09:12","date_gmt":"2023-11-21T14:09:12","guid":{"rendered":"https:\/\/variluxcinefrances.com\/2023\/?page_id=12858"},"modified":"2023-12-26T20:56:34","modified_gmt":"2023-12-26T23:56:34","slug":"assista-a-serie-brigitte-bardot-em-streaming","status":"publish","type":"page","link":"https:\/\/variluxcinefrances.com\/2023\/assista-a-serie-brigitte-bardot-em-streaming\/","title":{"rendered":"Assista a s\u00e9rie Brigitte Bardot em streaming"},"content":{"rendered":"<h3>De 22 de Novembro a 22 de Dezembro de 2023<\/h3>\n<hr \/>\n<p><img loading=\"lazy\" decoding=\"async\" class=\"wp-image-12914 size-full alignleft\" src=\"https:\/\/variluxcinefrances.com\/2023\/wp-content\/uploads\/2023\/11\/episodio1-3.jpg\" alt=\"\" width=\"250\" height=\"250\" srcset=\"https:\/\/variluxcinefrances.com\/2023\/wp-content\/uploads\/2023\/11\/episodio1-3.jpg 250w, https:\/\/variluxcinefrances.com\/2023\/wp-content\/uploads\/2023\/11\/episodio1-3-150x150.jpg 150w\" sizes=\"auto, (max-width: 250px) 100vw, 250px\" \/><strong>Epis\u00f3dio 1: Uma boa mo\u00e7a<\/strong><\/p>\n<p>Paris, 1949. Brigitte Bardot, 15 anos, encontra com o jovem Roger Vadim, assistente do diretor Marc All\u00e9gret. A jovem obt\u00e9m permiss\u00e3o de sua fam\u00edlia, burgueses ricos do bairro chique de Passy, \u200b\u200bpara fazer testes para um projeto de filme. Os pais de Brigitte, que n\u00e3o a acham nem bonita nem talentosa, n\u00e3o acreditam em seu futuro como atriz. Por\u00e9m, gra\u00e7as a Vadim, ela ganha autoconfian\u00e7a. O filme n\u00e3o \u00e9 feito, mas Brigitte e Roger se apaixonam. Brigitte rebela-se contra sua educa\u00e7\u00e3o rigorosa, floresce, descobre a sua feminidade e a sua personalidade.<\/p>\n<h2><\/h2>\n<hr \/>\n<p><img loading=\"lazy\" decoding=\"async\" class=\"wp-image-12921 size-full alignleft\" src=\"https:\/\/variluxcinefrances.com\/2023\/wp-content\/uploads\/2023\/11\/episodio2-1.jpg\" alt=\"\" width=\"250\" height=\"250\" srcset=\"https:\/\/variluxcinefrances.com\/2023\/wp-content\/uploads\/2023\/11\/episodio2-1.jpg 250w, https:\/\/variluxcinefrances.com\/2023\/wp-content\/uploads\/2023\/11\/episodio2-1-150x150.jpg 150w\" sizes=\"auto, (max-width: 250px) 100vw, 250px\" \/><strong>Epis\u00f3dio 2: BB<\/strong><\/p>\n<p>Saint-Tropez, 1956. Dois anos depois de seu casamento com Brigitte Bardot, Roger Vadim come\u00e7a a filmar seu primeiro longa-metragem, \u201cE Deus\u2026 Criou a Mulher\u201d. Ele se inspira em sua esposa para escrever a personagem de sua bela e sensual hero\u00edna, Juliette, que enlouquece os homens. Para lhe dar a resposta, escolhe Jean-Louis Trintignant, um jovem ator austero e introvertido. Brigitte n\u00e3o est\u00e1 entusiasmada com este parceiro gelado. No entanto, \u00e0 medida que a filmagem avan\u00e7a, uma atra\u00e7\u00e3o insidiosa se desenvolve entre os dois atores que logo se tornam amantes.<\/p>\n<h2><\/h2>\n<hr \/>\n<p><img loading=\"lazy\" decoding=\"async\" class=\"wp-image-12930 size-full alignleft\" src=\"https:\/\/variluxcinefrances.com\/2023\/wp-content\/uploads\/2023\/11\/episodio3-2.jpg\" alt=\"\" width=\"250\" height=\"250\" srcset=\"https:\/\/variluxcinefrances.com\/2023\/wp-content\/uploads\/2023\/11\/episodio3-2.jpg 250w, https:\/\/variluxcinefrances.com\/2023\/wp-content\/uploads\/2023\/11\/episodio3-2-150x150.jpg 150w\" sizes=\"auto, (max-width: 250px) 100vw, 250px\" \/><strong>Epis\u00f3dio 3: La Madrague<\/strong><\/p>\n<p>1957. Brigitte continua filmando. Ela consegue trazer Jean-Louis, estacionado na Alemanha, de volta para Paris para terminar o servi\u00e7o militar perto ela. Uma liga\u00e7\u00e3o de seu \u00eddolo, o cantor Gilbert B\u00e9caud, a encanta. Depois de um programa de televis\u00e3o, as duas estrelas se apaixonam. Sentindo-se tra\u00eddo, Jean-Louis deixa Brigitte. A atriz ent\u00e3o come\u00e7a um caso com B\u00e9caud enquanto filma ao lado de Jean Gabin em \u201cEn cas de malheur\u201d, de Claude Autant-Lara. A comitiva de Brigitte tem medo de esc\u00e2ndalo porque o cantor \u00e9 casado.<\/p>\n<h2><\/h2>\n<hr \/>\n<p><img loading=\"lazy\" decoding=\"async\" class=\"wp-image-12932 size-full alignleft\" src=\"https:\/\/variluxcinefrances.com\/2023\/wp-content\/uploads\/2023\/11\/episodio4-1.jpg\" alt=\"\" width=\"250\" height=\"250\" srcset=\"https:\/\/variluxcinefrances.com\/2023\/wp-content\/uploads\/2023\/11\/episodio4-1.jpg 250w, https:\/\/variluxcinefrances.com\/2023\/wp-content\/uploads\/2023\/11\/episodio4-1-150x150.jpg 150w\" sizes=\"auto, (max-width: 250px) 100vw, 250px\" \/><strong>Epis\u00f3dio 4: A Borboleta<\/strong><\/p>\n<p>1959. No set de \u201cBabette s\u2019en va-en guerre\u201d, Brigitte inicia um caso com o jovem ator Jacques Charrier. Loucamente apaixonado, esse filho de coronel apresenta sua companheira aos pais. Ao contr\u00e1rio dele, Brigitte n\u00e3o deseja constituir fam\u00edlia e ter filhos. Ao saber que est\u00e1 gr\u00e1vida, ela liga para Vadim pedindo ajuda para abortar. Mas ningu\u00e9m ousa tocar na mulher que se tornou Brigitte Bardot. Prisioneira da gravidez, ela resolve anunciar a Jacques que est\u00e1 gr\u00e1vida.<\/p>\n<h2><\/h2>\n<p>&nbsp;<\/p>\n<hr \/>\n<p><img loading=\"lazy\" decoding=\"async\" class=\"wp-image-12934 size-full alignleft\" src=\"https:\/\/variluxcinefrances.com\/2023\/wp-content\/uploads\/2023\/11\/episodio5-1.jpg\" alt=\"\" width=\"250\" height=\"250\" srcset=\"https:\/\/variluxcinefrances.com\/2023\/wp-content\/uploads\/2023\/11\/episodio5-1.jpg 250w, https:\/\/variluxcinefrances.com\/2023\/wp-content\/uploads\/2023\/11\/episodio5-1-150x150.jpg 150w\" sizes=\"auto, (max-width: 250px) 100vw, 250px\" \/><strong>Epis\u00f3dio 5: Beb\u00ea<\/strong><\/p>\n<p>Brigitte consegue convencer Jacques de desistir da filmagem de \u201cPlein Soleil\u201d que est\u00e1 come\u00e7ando, para se juntar a ela em Nice. Enquanto a atriz aceita relutantemente a gravidez, surge uma discuss\u00e3o entre ela e o marido, porque Olga ofereceu a Brigitte um novo contrato. Mas o marido est\u00e1 preocupado com a sa\u00fade da futura jovem m\u00e3e. Sob tens\u00e3o, o primeiro encontro cara a cara entre a atriz e o diretor Henri-Georges Clouzot se mostra promissor. Mas, enquanto Jacques \u00e9 convocado para o servi\u00e7o militar, Brigitte ter\u00e1 de enfrentar novas indiscri\u00e7\u00f5es na imprensa sensacionalista.<\/p>\n<h2><\/h2>\n<hr \/>\n<p><img loading=\"lazy\" decoding=\"async\" class=\"wp-image-12935 size-full alignleft\" src=\"https:\/\/variluxcinefrances.com\/2023\/wp-content\/uploads\/2023\/11\/episodio6-1.jpg\" alt=\"\" width=\"250\" height=\"250\" srcset=\"https:\/\/variluxcinefrances.com\/2023\/wp-content\/uploads\/2023\/11\/episodio6-1.jpg 250w, https:\/\/variluxcinefrances.com\/2023\/wp-content\/uploads\/2023\/11\/episodio6-1-150x150.jpg 150w\" sizes=\"auto, (max-width: 250px) 100vw, 250px\" \/><strong>Epis\u00f3dio 6: A verdade<\/strong><\/p>\n<p>Brigitte e Jacques n\u00e3o param de brigar. Impaciente de se sentir novamente livre, a jovem ainda n\u00e3o consegue assumir suas novas responsabilidades como m\u00e3e. Por sua vez, o jovem ator n\u00e3o consegue digerir ter sido afastado do elenco de \u201cLa V\u00e9rit\u00e9\u201d de Clouzot. Uma vez selecionados os atores, come\u00e7a uma filmagem de alta tens\u00e3o: para tirar o melhor proveito de sua atriz estrela, o diretor n\u00e3o hesita em maltrat\u00e1-la no set.<\/p>\n<h2><\/h2>\n","protected":false},"excerpt":{"rendered":"<p>De 22 de Novembro a 22 de Dezembro de 2023 Epis\u00f3dio 1: Uma boa mo\u00e7a Paris, 1949. Brigitte Bardot, 15 anos, encontra com o jovem Roger Vadim, assistente do diretor Marc All\u00e9gret. A jovem obt\u00e9m permiss\u00e3o de sua fam\u00edlia, burgueses ricos do bairro chique de Passy, \u200b\u200bpara fazer testes para um projeto de filme. Os &hellip;<\/p>\n","protected":false},"author":1,"featured_media":0,"parent":0,"menu_order":0,"comment_status":"closed","ping_status":"closed","template":"","meta":{"_acf_changed":false,"footnotes":""},"class_list":["post-12858","page","type-page","status-publish","hentry"],"acf":[],"_links":{"self":[{"href":"https:\/\/variluxcinefrances.com\/2023\/wp-json\/wp\/v2\/pages\/12858","targetHints":{"allow":["GET"]}}],"collection":[{"href":"https:\/\/variluxcinefrances.com\/2023\/wp-json\/wp\/v2\/pages"}],"about":[{"href":"https:\/\/variluxcinefrances.com\/2023\/wp-json\/wp\/v2\/types\/page"}],"author":[{"embeddable":true,"href":"https:\/\/variluxcinefrances.com\/2023\/wp-json\/wp\/v2\/users\/1"}],"replies":[{"embeddable":true,"href":"https:\/\/variluxcinefrances.com\/2023\/wp-json\/wp\/v2\/comments?post=12858"}],"version-history":[{"count":72,"href":"https:\/\/variluxcinefrances.com\/2023\/wp-json\/wp\/v2\/pages\/12858\/revisions"}],"predecessor-version":[{"id":12976,"href":"https:\/\/variluxcinefrances.com\/2023\/wp-json\/wp\/v2\/pages\/12858\/revisions\/12976"}],"wp:attachment":[{"href":"https:\/\/variluxcinefrances.com\/2023\/wp-json\/wp\/v2\/media?parent=12858"}],"curies":[{"name":"wp","href":"https:\/\/api.w.org\/{rel}","templated":true}]}}