{"id":12316,"date":"2023-11-03T01:37:20","date_gmt":"2023-11-03T04:37:20","guid":{"rendered":"https:\/\/variluxcinefrances.com\/2023\/?page_id=12316"},"modified":"2023-11-03T17:30:33","modified_gmt":"2023-11-03T20:30:33","slug":"sessoes-com-a-presenca-dos-artistas","status":"publish","type":"page","link":"https:\/\/variluxcinefrances.com\/2023\/sessoes-com-a-presenca-dos-artistas\/","title":{"rendered":"Sess\u00f5es com a presen\u00e7a dos artistas"},"content":{"rendered":"<h2>S\u00c3O PAULO:<\/h2>\n<hr \/>\n<p><strong>O ASTRONAUTA<\/strong><br \/>\nEncontro com o diretor e ator Nicolas Giraud<\/p>\n<p>7\/11<br \/>\nCine Marquise 16:35<\/p>\n<p>8\/11<br \/>\nEspa\u00e7o Ita\u00fa de Cinema Augusta 14:00 (sess\u00e3o gratuita)<br \/>\nPetra Belas Artes 18:40<\/p>\n<hr \/>\n<p><strong>BRIGITTE BARDOT (S\u00c9RIE)<\/strong><br \/>\nEncontro\/debate com a atriz protagonista Julia de Nunez<\/p>\n<p>6\/11<br \/>\nCine Marquise 18h \u00e0s 20h<br \/>\nProje\u00e7\u00e3o dos epis\u00f3dios 5 e 6 da S\u00e9rie Brigitte Bardot (sess\u00e3o gratuita)<\/p>\n<hr \/>\n<p><strong>O DESAFIO DE MARGUERITE<\/strong><br \/>\nEncontro com a diretora Anna Novion<\/p>\n<p>8\/11<br \/>\nPetra Belas Artes 16:10 (sess\u00e3o gratuita)<br \/>\nCine Marquise 21h25<\/p>\n<hr \/>\n<p><strong>O LIVRO DA DISC\u00d3RDIA<\/strong><br \/>\nEncontro com a diretora Baya Kasmi<\/p>\n<p>8\/11<br \/>\nCine Marquise 16:15 (sess\u00e3o gratuita)<br \/>\nEspa\u00e7o Ita\u00fa de Cinema Augusta (apresenta\u00e7\u00e3o)<\/p>\n<hr \/>\n<p><strong>MAESTRO(S)<\/strong><br \/>\nEncontro com o diretor Bruno Chiche<\/p>\n<p>7\/11<br \/>\nPetra Belas Artes 17:00<\/p>\n<p>8\/11<br \/>\nCine Marquise 14:00 (sess\u00e3o gratuita)<br \/>\nEspa\u00e7o Ita\u00fa de Cinema Augusta 19:10<\/p>\n<hr \/>\n<p><strong>MAKING OF<\/strong><br \/>\nEncontro com o diretor C\u00e9dric Kahn e o ator Stefan Cr\u00e9pon<\/p>\n<p>8\/11<br \/>\nPetra Belas Artes 13:30 (sess\u00e3o gratuita)<br \/>\nCine Marquise 18:40<\/p>\n<hr \/>\n<p><strong>O RENASCIMENTO<\/strong><br \/>\nEncontro com o diretor R\u00e9mi Bezan\u00e7on<\/p>\n<p>8\/11<br \/>\nEspa\u00e7o Ita\u00fa de Cinema Augusta 16:40 (sess\u00e3o gratuita)<br \/>\nPetra Belas Artes 21:10<\/p>\n<p>&nbsp;<\/p>\n<p>&nbsp;<\/p>\n<h2><strong>RIO DE JANEIRO:<\/strong><\/h2>\n<hr \/>\n<p><strong>O ASTRONAUTA<\/strong><br \/>\nEncontro com o diretor e ator Nicolas Giraud<\/p>\n<p>10\/11<br \/>\nEspa\u00e7o Ita\u00fa de Cinema Botafogo 18:50<\/p>\n<p>11\/11<br \/>\nEspa\u00e7o Ita\u00fa de Cinema Botafogo 15:45<br \/>\nEsta\u00e7\u00e3o Net Rio 18:55<\/p>\n<p>12\/11<br \/>\nEsta\u00e7\u00e3o Net G\u00e1vea 16:05<br \/>\nEsta\u00e7\u00e3o Net Botafogo 18:00<\/p>\n<p>13\/11<br \/>\nSociedade H\u00edpica Brasileira 19:00<\/p>\n<hr \/>\n<p><strong>BRIGITTE BARDOT (S\u00c9RIE)<\/strong><br \/>\nEncontro\/debate com a atriz protagonista Julia de Nunez<\/p>\n<p>5\/11<br \/>\nEspa\u00e7o Ita\u00fa de Cinema Botafogo 18h \u00e0s 20h<br \/>\nProje\u00e7\u00e3o dos epis\u00f3dios 1 e 2 da S\u00e9rie Brigitte Bardot (sess\u00e3o gratuita)<\/p>\n<hr \/>\n<p><strong>O DESAFIO DE MARGUERITE<\/strong><br \/>\nEncontro com a diretora Anna Novion<\/p>\n<p>10\/11<br \/>\nEsta\u00e7\u00e3o Net Rio 16:15<br \/>\nSociedade H\u00edpica Brasileira 19:00<\/p>\n<hr \/>\n<p><strong>O LIVRO DA DISC\u00d3RDIA<\/strong><br \/>\nEncontro com a diretora Baya Kasmi<\/p>\n<p>10\/11<br \/>\nEsta\u00e7\u00e3o Net Botafogo 16:35<\/p>\n<p>11\/11<br \/>\nEsta\u00e7\u00e3o Net G\u00e1vea 15:45<br \/>\nEspa\u00e7o Ita\u00fa de Cinema Botafogo 18:20<\/p>\n<hr \/>\n<p><strong>MAESTRO(S)<\/strong><br \/>\nEncontro com o diretor Bruno Chiche<\/p>\n<p>10\/11<br \/>\nEsta\u00e7\u00e3o Net G\u00e1vea 16:05<br \/>\nEsta\u00e7\u00e3o Net Rio 18:50<\/p>\n<p>11\/11<br \/>\nEsta\u00e7\u00e3o Net Botafogo 19:00<\/p>\n<p>12\/11<br \/>\nSociedade H\u00edpica Brasileira 18:30<\/p>\n<hr \/>\n<p><strong>MAKING OF<\/strong><br \/>\nEncontro com o diretor C\u00e9dric Kahn e o ator Stefan Cr\u00e9pon<\/p>\n<p>10\/11<br \/>\nEspa\u00e7o Ita\u00fa de Cinema Botafogo 16:05<br \/>\nEsta\u00e7\u00e3o Net Botafogo 19:00<\/p>\n<p>11\/11<br \/>\nEsta\u00e7\u00e3o Net Rio 16:10<br \/>\nEsta\u00e7\u00e3o Net G\u00e1vea 18:10<\/p>\n<hr \/>\n<p><strong>O RENASCIMENTO<\/strong><br \/>\nEncontro com o diretor R\u00e9mi Bezan\u00e7on<\/p>\n<p>10\/11<br \/>\nEsta\u00e7\u00e3o Net G\u00e1vea 18:20<\/p>\n<p>11\/11<br \/>\nEsta\u00e7\u00e3o Net Botafogo 16:35<br \/>\nSociedade H\u00edpica Brasileira 18:30<\/p>\n","protected":false},"excerpt":{"rendered":"<p>S\u00c3O PAULO: O ASTRONAUTA Encontro com o diretor e ator Nicolas Giraud 7\/11 Cine Marquise 16:35 8\/11 Espa\u00e7o Ita\u00fa de Cinema Augusta 14:00 (sess\u00e3o gratuita) Petra Belas Artes 18:40 BRIGITTE BARDOT (S\u00c9RIE) Encontro\/debate com a atriz protagonista Julia de Nunez 6\/11 Cine Marquise 18h \u00e0s 20h Proje\u00e7\u00e3o dos epis\u00f3dios 5 e 6 da S\u00e9rie Brigitte &hellip;<\/p>\n","protected":false},"author":1,"featured_media":0,"parent":0,"menu_order":0,"comment_status":"closed","ping_status":"closed","template":"","meta":{"_acf_changed":false,"footnotes":""},"class_list":["post-12316","page","type-page","status-publish","hentry"],"acf":[],"_links":{"self":[{"href":"https:\/\/variluxcinefrances.com\/2023\/wp-json\/wp\/v2\/pages\/12316","targetHints":{"allow":["GET"]}}],"collection":[{"href":"https:\/\/variluxcinefrances.com\/2023\/wp-json\/wp\/v2\/pages"}],"about":[{"href":"https:\/\/variluxcinefrances.com\/2023\/wp-json\/wp\/v2\/types\/page"}],"author":[{"embeddable":true,"href":"https:\/\/variluxcinefrances.com\/2023\/wp-json\/wp\/v2\/users\/1"}],"replies":[{"embeddable":true,"href":"https:\/\/variluxcinefrances.com\/2023\/wp-json\/wp\/v2\/comments?post=12316"}],"version-history":[{"count":12,"href":"https:\/\/variluxcinefrances.com\/2023\/wp-json\/wp\/v2\/pages\/12316\/revisions"}],"predecessor-version":[{"id":12432,"href":"https:\/\/variluxcinefrances.com\/2023\/wp-json\/wp\/v2\/pages\/12316\/revisions\/12432"}],"wp:attachment":[{"href":"https:\/\/variluxcinefrances.com\/2023\/wp-json\/wp\/v2\/media?parent=12316"}],"curies":[{"name":"wp","href":"https:\/\/api.w.org\/{rel}","templated":true}]}}