{"id":12131,"date":"2023-10-25T11:06:19","date_gmt":"2023-10-25T14:06:19","guid":{"rendered":"https:\/\/variluxcinefrances.com\/2023\/?page_id=12131"},"modified":"2023-10-31T14:21:30","modified_gmt":"2023-10-31T17:21:30","slug":"homenagem-a-brigitte-bardot","status":"publish","type":"page","link":"https:\/\/variluxcinefrances.com\/2023\/festival\/homenagem-a-brigitte-bardot\/","title":{"rendered":"Homenagem a Brigitte Bardot"},"content":{"rendered":"<h2>Programa\u00e7\u00e3o S\u00e3o Paulo:<\/h2>\n<p><strong>CINE MARQUISE<\/strong> (Av. Paulista, 2073 &#8211; Cerqueira C\u00e9sar)<\/p>\n<p><strong>S\u00e1bado 4\/11 <\/strong><br \/>\n11h: Proje\u00e7\u00e3o do Cl\u00e1ssico <em><strong>O Desprezo<\/strong><\/em> (ingresso R$ 13)<br \/>\n18h \u00e0s 20h: Proje\u00e7\u00e3o dos epis\u00f3dios 1 e 2 da S\u00e9rie <em><strong>Brigitte Bardot<\/strong><\/em> (sess\u00e3o gratuita)<\/p>\n<p><strong>Domingo 5\/11 <\/strong><br \/>\n11h: Proje\u00e7\u00e3o do Cl\u00e1ssico <em><strong>E Deus criou a mulher<\/strong> <\/em>(ingresso R$ 13)<br \/>\n18h \u00e0s 20h: Proje\u00e7\u00e3o dos epis\u00f3dios 3 e 4 da S\u00e9rie <em><strong>Brigitte Bardot<\/strong><\/em> (sess\u00e3o gratuita)<\/p>\n<p><strong>Segunda 6\/11 <\/strong><br \/>\n18h \u00e0s 20h: Proje\u00e7\u00e3o dos epis\u00f3dios 5 e 6 da S\u00e9rie <em><\/strong>Brigitte Bardot<\/strong><\/em> (sess\u00e3o gratuita)<br \/>\n<strong>Essa sess\u00e3o ser\u00e1 seguida de um encontro\/debate com a atriz protagonista Julia de Nunez<\/strong><\/p>\n<hr \/>\n<h2>Programa\u00e7\u00e3o Rio de Janeiro:<\/h2>\n<p><strong>ESPA\u00c7O ITA\u00da DE CINEMA<\/strong> (Praia de Botafogo, 316 &#8211; Botafogo)<\/p>\n<p><strong>Domingo 5\/11<\/strong><br \/>\n18h \u00e0s 20h: Proje\u00e7\u00e3o dos epis\u00f3dios 1 e 2 da S\u00e9rie <em><strong>Brigitte Bardot<\/strong><\/em> (sess\u00e3o gratuita)<br \/>\n<strong>Essa sess\u00e3o ser\u00e1 seguida de um encontro\/debate com a atriz protagonista Julia de Nunez<\/strong><br \/>\n21h \u00e0s 23h: Proje\u00e7\u00e3o dos epis\u00f3dios 3 e 4 da S\u00e9rie <em><strong>Brigitte Bardot<\/strong><\/em> (sess\u00e3o gratuita)<\/p>\n<p><strong>Segunda-feira 6\/11<\/strong><br \/>\n19h \u00e0s 21h: Proje\u00e7\u00e3o dos epis\u00f3dios 3 e 4 da S\u00e9rie <em><strong>Brigitte Bardot<\/strong> <\/em>(sess\u00e3o gratuita)<br \/>\n21h: Exibi\u00e7\u00e3o do filme cl\u00e1ssico <em><strong>O Desprezo<\/strong><\/em> (sess\u00e3o gratuita)<\/p>\n<p><strong>Ter\u00e7a-feira 7\/11<\/strong><br \/>\n19h \u00e0s 21h: Proje\u00e7\u00e3o dos epis\u00f3dios 5 e 6 da S\u00e9rie <em><strong>Brigitte Bardot<\/strong><\/em> (sess\u00e3o gratuita)<br \/>\n21h: Exibi\u00e7\u00e3o do filme cl\u00e1ssico <em><strong>E Deus criou a mulher<\/strong><\/em> (sess\u00e3o gratuita)<\/p>\n","protected":false},"excerpt":{"rendered":"<p>Programa\u00e7\u00e3o S\u00e3o Paulo: CINE MARQUISE (Av. Paulista, 2073 &#8211; Cerqueira C\u00e9sar) S\u00e1bado 4\/11 11h: Proje\u00e7\u00e3o do Cl\u00e1ssico O Desprezo (ingresso R$ 13) 18h \u00e0s 20h: Proje\u00e7\u00e3o dos epis\u00f3dios 1 e 2 da S\u00e9rie Brigitte Bardot (sess\u00e3o gratuita) Domingo 5\/11 11h: Proje\u00e7\u00e3o do Cl\u00e1ssico E Deus criou a mulher (ingresso R$ 13) 18h \u00e0s 20h: Proje\u00e7\u00e3o &hellip;<\/p>\n","protected":false},"author":1,"featured_media":0,"parent":3946,"menu_order":0,"comment_status":"closed","ping_status":"closed","template":"","meta":{"_acf_changed":false,"footnotes":""},"class_list":["post-12131","page","type-page","status-publish","hentry"],"acf":[],"_links":{"self":[{"href":"https:\/\/variluxcinefrances.com\/2023\/wp-json\/wp\/v2\/pages\/12131","targetHints":{"allow":["GET"]}}],"collection":[{"href":"https:\/\/variluxcinefrances.com\/2023\/wp-json\/wp\/v2\/pages"}],"about":[{"href":"https:\/\/variluxcinefrances.com\/2023\/wp-json\/wp\/v2\/types\/page"}],"author":[{"embeddable":true,"href":"https:\/\/variluxcinefrances.com\/2023\/wp-json\/wp\/v2\/users\/1"}],"replies":[{"embeddable":true,"href":"https:\/\/variluxcinefrances.com\/2023\/wp-json\/wp\/v2\/comments?post=12131"}],"version-history":[{"count":16,"href":"https:\/\/variluxcinefrances.com\/2023\/wp-json\/wp\/v2\/pages\/12131\/revisions"}],"predecessor-version":[{"id":12227,"href":"https:\/\/variluxcinefrances.com\/2023\/wp-json\/wp\/v2\/pages\/12131\/revisions\/12227"}],"up":[{"embeddable":true,"href":"https:\/\/variluxcinefrances.com\/2023\/wp-json\/wp\/v2\/pages\/3946"}],"wp:attachment":[{"href":"https:\/\/variluxcinefrances.com\/2023\/wp-json\/wp\/v2\/media?parent=12131"}],"curies":[{"name":"wp","href":"https:\/\/api.w.org\/{rel}","templated":true}]}}