{"id":178,"date":"2016-05-17T10:37:24","date_gmt":"2016-05-17T13:37:24","guid":{"rendered":"http:\/\/variluxcinefrances.com\/2016\/?page_id=178"},"modified":"2017-03-13T13:15:28","modified_gmt":"2017-03-13T16:15:28","slug":"edicoes-anteriores","status":"publish","type":"page","link":"http:\/\/variluxcinefrances.com\/2016\/o-festival\/edicoes-anteriores\/","title":{"rendered":"Edi\u00e7\u00f5es anteriores"},"content":{"rendered":"<p><a href=\"http:\/\/variluxcinefrances.com\/2015\" target=\"_blank\"><img loading=\"lazy\" decoding=\"async\" class=\"alignnone wp-image-624 size-full\" src=\"http:\/\/variluxcinefrances.com\/2016\/wp-content\/uploads\/2016\/05\/visu_2015_site.jpg\" alt=\"visu_2015_site\" width=\"250\" height=\"171\" \/><\/a> <img loading=\"lazy\" decoding=\"async\" class=\"alignnone wp-image-634 size-full\" src=\"http:\/\/variluxcinefrances.com\/2016\/wp-content\/uploads\/2016\/05\/AtividadesVariliux2014.jpg\" alt=\"AtividadesVariliux2014\" width=\"250\" height=\"171\" \/> <img loading=\"lazy\" decoding=\"async\" class=\"alignnone wp-image-633 size-full\" src=\"http:\/\/variluxcinefrances.com\/2016\/wp-content\/uploads\/2016\/05\/varilux2013.jpg\" alt=\"varilux2013\" width=\"250\" height=\"171\" \/> <img loading=\"lazy\" decoding=\"async\" class=\"alignnone wp-image-632 size-full\" src=\"http:\/\/variluxcinefrances.com\/2016\/wp-content\/uploads\/2016\/05\/festivalvarilux2012.jpg\" alt=\"festivalvarilux2012\" width=\"250\" height=\"171\" \/> <a href=\"http:\/\/www.festivalcinefrances.com\/2011\/\" target=\"_blank\"><img loading=\"lazy\" decoding=\"async\" class=\"alignnone wp-image-631 size-full\" src=\"http:\/\/variluxcinefrances.com\/2016\/wp-content\/uploads\/2016\/05\/varilux2011.jpg\" alt=\"varilux2011\" width=\"250\" height=\"171\" \/><\/a> <img loading=\"lazy\" decoding=\"async\" class=\"alignnone wp-image-630 size-full\" src=\"http:\/\/variluxcinefrances.com\/2016\/wp-content\/uploads\/2016\/05\/varilux2010.jpg\" alt=\"varilux2010\" width=\"250\" height=\"171\" \/><\/p>\n","protected":false},"excerpt":{"rendered":"","protected":false},"author":1,"featured_media":0,"parent":131,"menu_order":8,"comment_status":"closed","ping_status":"closed","template":"","meta":{"footnotes":""},"yoast_head":"<!-- This site is optimized with the Yoast SEO plugin v23.0 - https:\/\/yoast.com\/wordpress\/plugins\/seo\/ -->\n<title>Edi\u00e7\u00f5es anteriores - Festival Varilux de Cinema Franc\u00eas 2016<\/title>\n<meta name=\"robots\" content=\"index, follow, max-snippet:-1, max-image-preview:large, max-video-preview:-1\" \/>\n<link rel=\"canonical\" href=\"https:\/\/variluxcinefrances.com\/2016\/o-festival\/edicoes-anteriores\/\" \/>\n<meta property=\"og:locale\" content=\"pt_BR\" \/>\n<meta property=\"og:type\" content=\"article\" \/>\n<meta property=\"og:title\" content=\"Edi\u00e7\u00f5es anteriores - Festival Varilux de Cinema Franc\u00eas 2016\" \/>\n<meta property=\"og:url\" content=\"https:\/\/variluxcinefrances.com\/2016\/o-festival\/edicoes-anteriores\/\" \/>\n<meta property=\"og:site_name\" content=\"Festival Varilux de Cinema Franc\u00eas 2016\" \/>\n<meta property=\"article:modified_time\" content=\"2017-03-13T16:15:28+00:00\" \/>\n<meta property=\"og:image\" content=\"http:\/\/variluxcinefrances.com\/2016\/wp-content\/uploads\/2016\/05\/visu_2015_site.jpg\" \/>\n<meta name=\"twitter:card\" content=\"summary_large_image\" \/>\n<script type=\"application\/ld+json\" class=\"yoast-schema-graph\">{\"@context\":\"https:\/\/schema.org\",\"@graph\":[{\"@type\":\"WebPage\",\"@id\":\"https:\/\/variluxcinefrances.com\/2016\/o-festival\/edicoes-anteriores\/\",\"url\":\"https:\/\/variluxcinefrances.com\/2016\/o-festival\/edicoes-anteriores\/\",\"name\":\"Edi\u00e7\u00f5es anteriores - Festival Varilux de Cinema Franc\u00eas 2016\",\"isPartOf\":{\"@id\":\"http:\/\/variluxcinefrances.com\/2016\/#website\"},\"primaryImageOfPage\":{\"@id\":\"https:\/\/variluxcinefrances.com\/2016\/o-festival\/edicoes-anteriores\/#primaryimage\"},\"image\":{\"@id\":\"https:\/\/variluxcinefrances.com\/2016\/o-festival\/edicoes-anteriores\/#primaryimage\"},\"thumbnailUrl\":\"http:\/\/variluxcinefrances.com\/2016\/wp-content\/uploads\/2016\/05\/visu_2015_site.jpg\",\"datePublished\":\"2016-05-17T13:37:24+00:00\",\"dateModified\":\"2017-03-13T16:15:28+00:00\",\"breadcrumb\":{\"@id\":\"https:\/\/variluxcinefrances.com\/2016\/o-festival\/edicoes-anteriores\/#breadcrumb\"},\"inLanguage\":\"pt-BR\",\"potentialAction\":[{\"@type\":\"ReadAction\",\"target\":[\"https:\/\/variluxcinefrances.com\/2016\/o-festival\/edicoes-anteriores\/\"]}]},{\"@type\":\"ImageObject\",\"inLanguage\":\"pt-BR\",\"@id\":\"https:\/\/variluxcinefrances.com\/2016\/o-festival\/edicoes-anteriores\/#primaryimage\",\"url\":\"http:\/\/variluxcinefrances.com\/2016\/wp-content\/uploads\/2016\/05\/visu_2015_site.jpg\",\"contentUrl\":\"http:\/\/variluxcinefrances.com\/2016\/wp-content\/uploads\/2016\/05\/visu_2015_site.jpg\",\"width\":250,\"height\":171},{\"@type\":\"BreadcrumbList\",\"@id\":\"https:\/\/variluxcinefrances.com\/2016\/o-festival\/edicoes-anteriores\/#breadcrumb\",\"itemListElement\":[{\"@type\":\"ListItem\",\"position\":1,\"name\":\"In\u00edcio\",\"item\":\"http:\/\/variluxcinefrances.com\/2016\/\"},{\"@type\":\"ListItem\",\"position\":2,\"name\":\"O Festival\",\"item\":\"http:\/\/variluxcinefrances.com\/2016\/o-festival\/\"},{\"@type\":\"ListItem\",\"position\":3,\"name\":\"Edi\u00e7\u00f5es anteriores\"}]},{\"@type\":\"WebSite\",\"@id\":\"http:\/\/variluxcinefrances.com\/2016\/#website\",\"url\":\"http:\/\/variluxcinefrances.com\/2016\/\",\"name\":\"Festival Varilux de Cinema Franc\u00eas 2016\",\"description\":\"Festival de Cinema Franc\u00eas no Brasil todo | 08 a 22 Junho 2016\",\"potentialAction\":[{\"@type\":\"SearchAction\",\"target\":{\"@type\":\"EntryPoint\",\"urlTemplate\":\"http:\/\/variluxcinefrances.com\/2016\/?s={search_term_string}\"},\"query-input\":\"required name=search_term_string\"}],\"inLanguage\":\"pt-BR\"}]}<\/script>\n<!-- \/ Yoast SEO plugin. -->","yoast_head_json":{"title":"Edi\u00e7\u00f5es anteriores - Festival Varilux de Cinema Franc\u00eas 2016","robots":{"index":"index","follow":"follow","max-snippet":"max-snippet:-1","max-image-preview":"max-image-preview:large","max-video-preview":"max-video-preview:-1"},"canonical":"https:\/\/variluxcinefrances.com\/2016\/o-festival\/edicoes-anteriores\/","og_locale":"pt_BR","og_type":"article","og_title":"Edi\u00e7\u00f5es anteriores - Festival Varilux de Cinema Franc\u00eas 2016","og_url":"https:\/\/variluxcinefrances.com\/2016\/o-festival\/edicoes-anteriores\/","og_site_name":"Festival Varilux de Cinema Franc\u00eas 2016","article_modified_time":"2017-03-13T16:15:28+00:00","og_image":[{"url":"http:\/\/variluxcinefrances.com\/2016\/wp-content\/uploads\/2016\/05\/visu_2015_site.jpg"}],"twitter_card":"summary_large_image","schema":{"@context":"https:\/\/schema.org","@graph":[{"@type":"WebPage","@id":"https:\/\/variluxcinefrances.com\/2016\/o-festival\/edicoes-anteriores\/","url":"https:\/\/variluxcinefrances.com\/2016\/o-festival\/edicoes-anteriores\/","name":"Edi\u00e7\u00f5es anteriores - Festival Varilux de Cinema Franc\u00eas 2016","isPartOf":{"@id":"http:\/\/variluxcinefrances.com\/2016\/#website"},"primaryImageOfPage":{"@id":"https:\/\/variluxcinefrances.com\/2016\/o-festival\/edicoes-anteriores\/#primaryimage"},"image":{"@id":"https:\/\/variluxcinefrances.com\/2016\/o-festival\/edicoes-anteriores\/#primaryimage"},"thumbnailUrl":"http:\/\/variluxcinefrances.com\/2016\/wp-content\/uploads\/2016\/05\/visu_2015_site.jpg","datePublished":"2016-05-17T13:37:24+00:00","dateModified":"2017-03-13T16:15:28+00:00","breadcrumb":{"@id":"https:\/\/variluxcinefrances.com\/2016\/o-festival\/edicoes-anteriores\/#breadcrumb"},"inLanguage":"pt-BR","potentialAction":[{"@type":"ReadAction","target":["https:\/\/variluxcinefrances.com\/2016\/o-festival\/edicoes-anteriores\/"]}]},{"@type":"ImageObject","inLanguage":"pt-BR","@id":"https:\/\/variluxcinefrances.com\/2016\/o-festival\/edicoes-anteriores\/#primaryimage","url":"http:\/\/variluxcinefrances.com\/2016\/wp-content\/uploads\/2016\/05\/visu_2015_site.jpg","contentUrl":"http:\/\/variluxcinefrances.com\/2016\/wp-content\/uploads\/2016\/05\/visu_2015_site.jpg","width":250,"height":171},{"@type":"BreadcrumbList","@id":"https:\/\/variluxcinefrances.com\/2016\/o-festival\/edicoes-anteriores\/#breadcrumb","itemListElement":[{"@type":"ListItem","position":1,"name":"In\u00edcio","item":"http:\/\/variluxcinefrances.com\/2016\/"},{"@type":"ListItem","position":2,"name":"O Festival","item":"http:\/\/variluxcinefrances.com\/2016\/o-festival\/"},{"@type":"ListItem","position":3,"name":"Edi\u00e7\u00f5es anteriores"}]},{"@type":"WebSite","@id":"http:\/\/variluxcinefrances.com\/2016\/#website","url":"http:\/\/variluxcinefrances.com\/2016\/","name":"Festival Varilux de Cinema Franc\u00eas 2016","description":"Festival de Cinema Franc\u00eas no Brasil todo | 08 a 22 Junho 2016","potentialAction":[{"@type":"SearchAction","target":{"@type":"EntryPoint","urlTemplate":"http:\/\/variluxcinefrances.com\/2016\/?s={search_term_string}"},"query-input":"required name=search_term_string"}],"inLanguage":"pt-BR"}]}},"_links":{"self":[{"href":"http:\/\/variluxcinefrances.com\/2016\/wp-json\/wp\/v2\/pages\/178"}],"collection":[{"href":"http:\/\/variluxcinefrances.com\/2016\/wp-json\/wp\/v2\/pages"}],"about":[{"href":"http:\/\/variluxcinefrances.com\/2016\/wp-json\/wp\/v2\/types\/page"}],"author":[{"embeddable":true,"href":"http:\/\/variluxcinefrances.com\/2016\/wp-json\/wp\/v2\/users\/1"}],"replies":[{"embeddable":true,"href":"http:\/\/variluxcinefrances.com\/2016\/wp-json\/wp\/v2\/comments?post=178"}],"version-history":[{"count":15,"href":"http:\/\/variluxcinefrances.com\/2016\/wp-json\/wp\/v2\/pages\/178\/revisions"}],"predecessor-version":[{"id":3667,"href":"http:\/\/variluxcinefrances.com\/2016\/wp-json\/wp\/v2\/pages\/178\/revisions\/3667"}],"up":[{"embeddable":true,"href":"http:\/\/variluxcinefrances.com\/2016\/wp-json\/wp\/v2\/pages\/131"}],"wp:attachment":[{"href":"http:\/\/variluxcinefrances.com\/2016\/wp-json\/wp\/v2\/media?parent=178"}],"curies":[{"name":"wp","href":"https:\/\/api.w.org\/{rel}","templated":true}]}}