{"id":159,"date":"2016-05-17T10:31:14","date_gmt":"2016-05-17T13:31:14","guid":{"rendered":"http:\/\/variluxcinefrances.com\/2016\/?page_id=159"},"modified":"2016-05-31T22:45:51","modified_gmt":"2016-06-01T01:45:51","slug":"oficina-de-critica-cinematografica","status":"publish","type":"page","link":"http:\/\/variluxcinefrances.com\/2016\/eventos\/oficina-de-critica-cinematografica\/","title":{"rendered":"Oficina de Cr\u00edtica Cinematogr\u00e1fica"},"content":{"rendered":"<p>&nbsp;<\/p>\n<p>Em 2016, o Festival Varilux de Cinema Franc\u00eas promove pela primeira vez uma Oficina<br \/>\nde Cr\u00edtica Cinematogr\u00e1fica voltada para profissionais. Ministrada pelo renomado cr\u00edtico<br \/>\ne escritor franc\u00eas Jean-Michel Frodon, a oficina tem como foco a reflex\u00e3o sobre a<br \/>\nlinguagem cinematogr\u00e1fica e di\u00e1logos da express\u00e3o desta linguagem com a sociedade.<br \/>\nNo cruzamento entre uma pr\u00e1tica jornal\u00edstica e um compromisso est\u00e9tico, que<br \/>\nprovocou v\u00e1rios movimentos art\u00edsticos come\u00e7ando pela Nouvelle Vague, a cr\u00edtica<br \/>\ntem diferentes campos de atua\u00e7\u00e3o, do conselho aos leitores at\u00e9 o di\u00e1logo com os<br \/>\nartistas, passando pela reflex\u00e3o te\u00f3rica.<br \/>\nAtrav\u00e9s de debates sobre filmes, a oficina abordar\u00e1 a hist\u00f3ria da cr\u00edtica cinematogr\u00e1fica,<br \/>\nan\u00e1lises diversas desde as defini\u00e7\u00f5es da palavra \u201ccr\u00edtica\u201d at\u00e9 seus impactos est\u00e9ticos,<br \/>\necon\u00f4micos e pol\u00edticos e uma compara\u00e7\u00e3o dessa atividade em diferentes pa\u00edses,<br \/>\nincluindo o Brasil.<\/p>\n<h4><strong>PALESTRA INAUGURAL ABERTA AO P\u00daBLICO<\/strong><br \/>\nSEXTA-FEIRA 10 DE JUNHO DAS 10H \u00c0S 12H45<br \/>\nCENTRO CULTURAL LA MAISON<br \/>\nAV. ANTONIO CARLOS, 58 \/ 11\u00b0 ANDAR &#8211; CENTRO<br \/>\nOficina dedicada \u00e0 mem\u00f3ria do cr\u00edtico brasileiro Jos\u00e9 Carlos Avellar<br \/>\n(1936-2016), que presenteou o cinema do mundo com o seu olhar amoroso<br \/>\ne sua mente brilhante.<\/h4>\n<p>Confira a lista de selecionados para a Oficina <a href=\"http:\/\/variluxcinefrances.com\/2016\/wp-content\/uploads\/2016\/05\/post_selecionados_of_critica.png\">aqui<\/a><\/p>\n<p><strong>Sobre Jean-Michel Frodon<\/strong><\/p>\n<p>Depois de trabalhar como educador de 1971 a 1981, Jean-Michael Frodon virou cr\u00edtico na revista Le Point, da qual seu pai, o cr\u00edtico Pierre Billard, foi fundador e redator-chefe. Ocupou o cargo at\u00e9 1990, quando foi trabalhar no renomado jornal Le Monde. Em 1995, se tornou respons\u00e1vel pela coluna de cinema do jornal e, no mesmo ano, publicou o livro \u201cL&#8217;\u00c2ge moderne du cin\u00e9ma fran\u00e7ais\u201d . Neste livro, ele trata do cinema franc\u00eas a partir de 1959, no qual mostra as liga\u00e7\u00f5es entre o contexto hist\u00f3rico, social e pol\u00edtico e o cinema franc\u00eas. De 2003 a 2009, foi diretor de reda\u00e7\u00e3o da revista Cahiers du Cin\u00e9ma, comprada pelo Le Monde. Desde setembro de 2009, mant\u00e9m o blog Projection Publique. De outubro de 2010 a dezembro e 2013, ocupou o cargo de redator-chefe do site Arstcience Factory. Jean-Michel Frodon \u00e9 vice-presidente da associa\u00e7\u00e3o Paris-Sarajevo-Europa, criada para acompanhar o Centro Andr\u00e9 Malraux de Sarajevo. \u00c9 membro do conselho de administra\u00e7\u00e3o da associa\u00e7\u00e3o PEROU (Polo de Explora\u00e7\u00e3o de Recursos Urbanos)<\/p>\n<p>Em 2014, foi nomeado vice-presidente da Comiss\u00e3o de Ajuda aos Cinemas do Mundo que dependem do CNC e do Instituto Franc\u00eas. Ele faz parte do conselho editorial e colaborador regular da revista espanhola Caiman, Cuadernos de Cine, e colabora ocasionalmente em in\u00fameras revistas de cinema. Ele \u00e9, sobretudo, autor e respons\u00e1vel por obras sobre a hist\u00f3ria do cinema franc\u00eas, o cinema e a Shoah, o digital, e sobre os cineastas Woody Allen, Hou Hsiao-Hsien, Robert Bresson, Edward Yang, Amos Gita\u00ef, Olivier Assayas e Jia Zhangke, assim como sobre Gilles Deleuze em suas rela\u00e7\u00f5es com o cinema.<\/p>\n<p>JM Frodon \u00e9 diretor art\u00edstico do filme coletivo \u201c<em>Les Ponts de Sarajevo\u201d<\/em>, feito a partir de curtas-metragens de Aida Begic, Leonardo Di Costanzo,\u00a0Jean-Luc Godard,\u00a0Kamen Kalev,\u00a0Isild Le Besco,\u00a0Sergei Loznitsa,\u00a0Vincenzo Marra,\u00a0Ursula Meier,\u00a0Vladimir Peresic,\u00a0Cristi Puiu,\u00a0Marc Recha,\u00a0Angela Schanelec,Teresa Villaverde, com desenhos de Fran\u00e7ois Schuiten, animados por Luis de Mata. O filme foi apresentado no Festival de Cannes 2014, e abriu o Sarajevo Film Festival.<\/p>\n<h4><\/h4>\n","protected":false},"excerpt":{"rendered":"<p>&nbsp; Em 2016, o Festival Varilux de Cinema Franc\u00eas promove pela primeira vez uma Oficina de Cr\u00edtica Cinematogr\u00e1fica voltada para [&hellip;]<\/p>\n","protected":false},"author":1,"featured_media":0,"parent":149,"menu_order":5,"comment_status":"closed","ping_status":"closed","template":"","meta":{"footnotes":""},"yoast_head":"<!-- This site is optimized with the Yoast SEO plugin v23.0 - https:\/\/yoast.com\/wordpress\/plugins\/seo\/ -->\n<title>Oficina de Cr\u00edtica Cinematogr\u00e1fica - Festival Varilux de Cinema Franc\u00eas 2016<\/title>\n<meta name=\"robots\" content=\"index, follow, max-snippet:-1, max-image-preview:large, max-video-preview:-1\" \/>\n<link rel=\"canonical\" href=\"https:\/\/variluxcinefrances.com\/2016\/eventos\/oficina-de-critica-cinematografica\/\" \/>\n<meta property=\"og:locale\" content=\"pt_BR\" \/>\n<meta property=\"og:type\" content=\"article\" \/>\n<meta property=\"og:title\" content=\"Oficina de Cr\u00edtica Cinematogr\u00e1fica - Festival Varilux de Cinema Franc\u00eas 2016\" \/>\n<meta property=\"og:description\" content=\"&nbsp; Em 2016, o Festival Varilux de Cinema Franc\u00eas promove pela primeira vez uma Oficina de Cr\u00edtica Cinematogr\u00e1fica voltada para [&hellip;]\" \/>\n<meta property=\"og:url\" content=\"https:\/\/variluxcinefrances.com\/2016\/eventos\/oficina-de-critica-cinematografica\/\" \/>\n<meta property=\"og:site_name\" content=\"Festival Varilux de Cinema Franc\u00eas 2016\" \/>\n<meta property=\"article:modified_time\" content=\"2016-06-01T01:45:51+00:00\" \/>\n<meta name=\"twitter:card\" content=\"summary_large_image\" \/>\n<meta name=\"twitter:label1\" content=\"Est. tempo de leitura\" \/>\n\t<meta name=\"twitter:data1\" content=\"3 minutos\" \/>\n<script type=\"application\/ld+json\" class=\"yoast-schema-graph\">{\"@context\":\"https:\/\/schema.org\",\"@graph\":[{\"@type\":\"WebPage\",\"@id\":\"https:\/\/variluxcinefrances.com\/2016\/eventos\/oficina-de-critica-cinematografica\/\",\"url\":\"https:\/\/variluxcinefrances.com\/2016\/eventos\/oficina-de-critica-cinematografica\/\",\"name\":\"Oficina de Cr\u00edtica Cinematogr\u00e1fica - Festival Varilux de Cinema Franc\u00eas 2016\",\"isPartOf\":{\"@id\":\"http:\/\/variluxcinefrances.com\/2016\/#website\"},\"datePublished\":\"2016-05-17T13:31:14+00:00\",\"dateModified\":\"2016-06-01T01:45:51+00:00\",\"breadcrumb\":{\"@id\":\"https:\/\/variluxcinefrances.com\/2016\/eventos\/oficina-de-critica-cinematografica\/#breadcrumb\"},\"inLanguage\":\"pt-BR\",\"potentialAction\":[{\"@type\":\"ReadAction\",\"target\":[\"https:\/\/variluxcinefrances.com\/2016\/eventos\/oficina-de-critica-cinematografica\/\"]}]},{\"@type\":\"BreadcrumbList\",\"@id\":\"https:\/\/variluxcinefrances.com\/2016\/eventos\/oficina-de-critica-cinematografica\/#breadcrumb\",\"itemListElement\":[{\"@type\":\"ListItem\",\"position\":1,\"name\":\"In\u00edcio\",\"item\":\"http:\/\/variluxcinefrances.com\/2016\/\"},{\"@type\":\"ListItem\",\"position\":2,\"name\":\"Eventos\",\"item\":\"http:\/\/variluxcinefrances.com\/2016\/eventos\/\"},{\"@type\":\"ListItem\",\"position\":3,\"name\":\"Oficina de Cr\u00edtica Cinematogr\u00e1fica\"}]},{\"@type\":\"WebSite\",\"@id\":\"http:\/\/variluxcinefrances.com\/2016\/#website\",\"url\":\"http:\/\/variluxcinefrances.com\/2016\/\",\"name\":\"Festival Varilux de Cinema Franc\u00eas 2016\",\"description\":\"Festival de Cinema Franc\u00eas no Brasil todo | 08 a 22 Junho 2016\",\"potentialAction\":[{\"@type\":\"SearchAction\",\"target\":{\"@type\":\"EntryPoint\",\"urlTemplate\":\"http:\/\/variluxcinefrances.com\/2016\/?s={search_term_string}\"},\"query-input\":\"required name=search_term_string\"}],\"inLanguage\":\"pt-BR\"}]}<\/script>\n<!-- \/ Yoast SEO plugin. -->","yoast_head_json":{"title":"Oficina de Cr\u00edtica Cinematogr\u00e1fica - Festival Varilux de Cinema Franc\u00eas 2016","robots":{"index":"index","follow":"follow","max-snippet":"max-snippet:-1","max-image-preview":"max-image-preview:large","max-video-preview":"max-video-preview:-1"},"canonical":"https:\/\/variluxcinefrances.com\/2016\/eventos\/oficina-de-critica-cinematografica\/","og_locale":"pt_BR","og_type":"article","og_title":"Oficina de Cr\u00edtica Cinematogr\u00e1fica - Festival Varilux de Cinema Franc\u00eas 2016","og_description":"&nbsp; Em 2016, o Festival Varilux de Cinema Franc\u00eas promove pela primeira vez uma Oficina de Cr\u00edtica Cinematogr\u00e1fica voltada para [&hellip;]","og_url":"https:\/\/variluxcinefrances.com\/2016\/eventos\/oficina-de-critica-cinematografica\/","og_site_name":"Festival Varilux de Cinema Franc\u00eas 2016","article_modified_time":"2016-06-01T01:45:51+00:00","twitter_card":"summary_large_image","twitter_misc":{"Est. tempo de leitura":"3 minutos"},"schema":{"@context":"https:\/\/schema.org","@graph":[{"@type":"WebPage","@id":"https:\/\/variluxcinefrances.com\/2016\/eventos\/oficina-de-critica-cinematografica\/","url":"https:\/\/variluxcinefrances.com\/2016\/eventos\/oficina-de-critica-cinematografica\/","name":"Oficina de Cr\u00edtica Cinematogr\u00e1fica - Festival Varilux de Cinema Franc\u00eas 2016","isPartOf":{"@id":"http:\/\/variluxcinefrances.com\/2016\/#website"},"datePublished":"2016-05-17T13:31:14+00:00","dateModified":"2016-06-01T01:45:51+00:00","breadcrumb":{"@id":"https:\/\/variluxcinefrances.com\/2016\/eventos\/oficina-de-critica-cinematografica\/#breadcrumb"},"inLanguage":"pt-BR","potentialAction":[{"@type":"ReadAction","target":["https:\/\/variluxcinefrances.com\/2016\/eventos\/oficina-de-critica-cinematografica\/"]}]},{"@type":"BreadcrumbList","@id":"https:\/\/variluxcinefrances.com\/2016\/eventos\/oficina-de-critica-cinematografica\/#breadcrumb","itemListElement":[{"@type":"ListItem","position":1,"name":"In\u00edcio","item":"http:\/\/variluxcinefrances.com\/2016\/"},{"@type":"ListItem","position":2,"name":"Eventos","item":"http:\/\/variluxcinefrances.com\/2016\/eventos\/"},{"@type":"ListItem","position":3,"name":"Oficina de Cr\u00edtica Cinematogr\u00e1fica"}]},{"@type":"WebSite","@id":"http:\/\/variluxcinefrances.com\/2016\/#website","url":"http:\/\/variluxcinefrances.com\/2016\/","name":"Festival Varilux de Cinema Franc\u00eas 2016","description":"Festival de Cinema Franc\u00eas no Brasil todo | 08 a 22 Junho 2016","potentialAction":[{"@type":"SearchAction","target":{"@type":"EntryPoint","urlTemplate":"http:\/\/variluxcinefrances.com\/2016\/?s={search_term_string}"},"query-input":"required name=search_term_string"}],"inLanguage":"pt-BR"}]}},"_links":{"self":[{"href":"http:\/\/variluxcinefrances.com\/2016\/wp-json\/wp\/v2\/pages\/159"}],"collection":[{"href":"http:\/\/variluxcinefrances.com\/2016\/wp-json\/wp\/v2\/pages"}],"about":[{"href":"http:\/\/variluxcinefrances.com\/2016\/wp-json\/wp\/v2\/types\/page"}],"author":[{"embeddable":true,"href":"http:\/\/variluxcinefrances.com\/2016\/wp-json\/wp\/v2\/users\/1"}],"replies":[{"embeddable":true,"href":"http:\/\/variluxcinefrances.com\/2016\/wp-json\/wp\/v2\/comments?post=159"}],"version-history":[{"count":10,"href":"http:\/\/variluxcinefrances.com\/2016\/wp-json\/wp\/v2\/pages\/159\/revisions"}],"predecessor-version":[{"id":3420,"href":"http:\/\/variluxcinefrances.com\/2016\/wp-json\/wp\/v2\/pages\/159\/revisions\/3420"}],"up":[{"embeddable":true,"href":"http:\/\/variluxcinefrances.com\/2016\/wp-json\/wp\/v2\/pages\/149"}],"wp:attachment":[{"href":"http:\/\/variluxcinefrances.com\/2016\/wp-json\/wp\/v2\/media?parent=159"}],"curies":[{"name":"wp","href":"https:\/\/api.w.org\/{rel}","templated":true}]}}