{"id":157,"date":"2016-05-17T10:30:54","date_gmt":"2016-05-17T13:30:54","guid":{"rendered":"http:\/\/variluxcinefrances.com\/2016\/?page_id=157"},"modified":"2016-05-23T20:02:03","modified_gmt":"2016-05-23T23:02:03","slug":"oficina-de-roteiro-recife","status":"publish","type":"page","link":"http:\/\/variluxcinefrances.com\/2016\/eventos\/oficina-de-roteiro-recife\/","title":{"rendered":"Oficina de Roteiro Recife"},"content":{"rendered":"<p>&nbsp;<\/p>\n<p>Ampliando os horizontes, em 2016, ser\u00e1 realizada a 1\u00aa Edi\u00e7\u00e3o da oficina na cidade de Recife (PE), com foco nos formatos para TV, direcionada para os profissionais das regi\u00f5es Norte e Nordeste.<\/p>\n<p>Sob a coordena\u00e7\u00e3o de Fran\u00e7ois Sauvagnargues, especialista em fic\u00e7\u00e3o e diretor geral do FIPA (Biarritz\/Fran\u00e7a), a oficina ser\u00e1 ministrada pelos especialistas franceses, professores do CEEA, Alain Layrac, Claire Barr\u00e9, Corinne Klomp e Romain Compingt.<\/p>\n<h3><strong>As aulas acontecem de 13 a 17 de Junho na ACELERADORA JUMP BRASIL <\/strong><br \/>\n<strong>Endere\u00e7o <span class=\"_Xbe\">Rua Cap. Lima, 420 &#8211; Santo Amaro, Recife &#8211; PE<\/span><\/strong><\/h3>\n<h3>Confira o resultado <a href=\"http:\/\/variluxcinefrances.com\/2016\/wp-content\/uploads\/2016\/05\/selecionados_of_recife.png\">aqui<\/a>.<\/h3>\n<p><span style=\"text-decoration: underline;\">Saiba mais sobre os formadores e coordenador.<\/span><\/p>\n<p>Fran\u00e7ois Sauvagnargues &#8211; <strong>Coordena\u00e7\u00e3o<\/strong><\/p>\n<p>Especialista em fic\u00e7\u00e3o, foi\u00a0 Diretor do Departamento de Fic\u00e7\u00e3o para TV do canal ARTE entre 2003 e 2011. Desde 2012 \u00e9 o Diretor Geral do FIPA &#8211; Festival Internacional de Programas Audiovisuais de Biarritz (Fran\u00e7a).<\/p>\n<p><strong>Corinne Klomp<\/strong><\/p>\n<p>Roteirista de cinema, TV e autora teatral, possui um curr\u00edculo\u00a0extenso, composto por 12 obras cinematogr\u00e1ficas, entre curtas, document\u00e1rios, longas e s\u00e9ries para tv, al\u00e9m de diversas pe\u00e7as teatrais e experi\u00eancias c\u00eanicas.\u00a0Premiada pela Fondation J.M. Bajen em 2012 como autora revela\u00e7\u00e3o pela obra teatral \u201c<em>Une saine inquietude\u201d<\/em>, e no Festival do Filme Europeu de Bruxelas (2006) pr\u00eamio de melhor roteiro de longa-metragem para \u201c<em>Gueule d\u2019emploi\u201d<\/em>, escrito juntamente com Pierre Leyssieux.<\/p>\n<p><strong>Alain Layrac<\/strong><\/p>\n<p>Mestre e Doutor em cinema pela Universidade Paris 1, diretor da cadeira de roteiro no CEEA desde 1998. Roteirista e diretor reconhecido pela s\u00e9rie de televis\u00e3o de sucesso \u201c<em>Une famille formidable<\/em>\u201d. Um dos seus principais filmes \u00e9 \u201cM\u00e1s companhias\u201d (<em>Mauvaises fr\u00e9quentations<\/em>), pr\u00eamio de melhor roteiro no Festival\u00a0 d\u2019Albi (1999). Alain tem destaque especial no g\u00eanero da com\u00e9dia, sua obra \u201c<em>Avant qu\u2019il ne soit trop tard<\/em> \u201d(2005) foi um grande sucesso de bilheteria.<\/p>\n<p><strong>Romain Compingt<\/strong><\/p>\n<p>O mais jovem diplomado no CEEA, onde leciona atualmente, Romain teve seu primeiro trabalho levado \u00e0s telas em 2013, a com\u00e9dia \u201c<em>Populaire\u201d<\/em>, de R\u00e9gis Roinsard, com fortes cinco indica\u00e7\u00f5es ao C\u00e9sars e distribu\u00eddo internacionalmente. Em 2016 ser\u00e3o lan\u00e7ados o drama \u201c<em>Batarde<\/em>\u201d de Houda Benyamina,\u00a0 e \u201c<em>Please love me forever<\/em>\u201d, m\u00e9dia-metragem fant\u00e1stico de Holy Fatma.<\/p>\n","protected":false},"excerpt":{"rendered":"<p>&nbsp; Ampliando os horizontes, em 2016, ser\u00e1 realizada a 1\u00aa Edi\u00e7\u00e3o da oficina na cidade de Recife (PE), com foco [&hellip;]<\/p>\n","protected":false},"author":1,"featured_media":0,"parent":149,"menu_order":3,"comment_status":"closed","ping_status":"closed","template":"","meta":{"footnotes":""},"yoast_head":"<!-- This site is optimized with the Yoast SEO plugin v23.0 - https:\/\/yoast.com\/wordpress\/plugins\/seo\/ -->\n<title>Oficina de Roteiro Recife - Festival Varilux de Cinema Franc\u00eas 2016<\/title>\n<meta name=\"robots\" content=\"index, follow, max-snippet:-1, max-image-preview:large, max-video-preview:-1\" \/>\n<link rel=\"canonical\" href=\"http:\/\/variluxcinefrances.com\/2016\/eventos\/oficina-de-roteiro-recife\/\" \/>\n<meta property=\"og:locale\" content=\"pt_BR\" \/>\n<meta property=\"og:type\" content=\"article\" \/>\n<meta property=\"og:title\" content=\"Oficina de Roteiro Recife - Festival Varilux de Cinema Franc\u00eas 2016\" \/>\n<meta property=\"og:description\" content=\"&nbsp; Ampliando os horizontes, em 2016, ser\u00e1 realizada a 1\u00aa Edi\u00e7\u00e3o da oficina na cidade de Recife (PE), com foco [&hellip;]\" \/>\n<meta property=\"og:url\" content=\"http:\/\/variluxcinefrances.com\/2016\/eventos\/oficina-de-roteiro-recife\/\" \/>\n<meta property=\"og:site_name\" content=\"Festival Varilux de Cinema Franc\u00eas 2016\" \/>\n<meta property=\"article:modified_time\" content=\"2016-05-23T23:02:03+00:00\" \/>\n<meta name=\"twitter:card\" content=\"summary_large_image\" \/>\n<meta name=\"twitter:label1\" content=\"Est. tempo de leitura\" \/>\n\t<meta name=\"twitter:data1\" content=\"2 minutos\" \/>\n<script type=\"application\/ld+json\" class=\"yoast-schema-graph\">{\"@context\":\"https:\/\/schema.org\",\"@graph\":[{\"@type\":\"WebPage\",\"@id\":\"http:\/\/variluxcinefrances.com\/2016\/eventos\/oficina-de-roteiro-recife\/\",\"url\":\"http:\/\/variluxcinefrances.com\/2016\/eventos\/oficina-de-roteiro-recife\/\",\"name\":\"Oficina de Roteiro Recife - Festival Varilux de Cinema Franc\u00eas 2016\",\"isPartOf\":{\"@id\":\"http:\/\/variluxcinefrances.com\/2016\/#website\"},\"datePublished\":\"2016-05-17T13:30:54+00:00\",\"dateModified\":\"2016-05-23T23:02:03+00:00\",\"breadcrumb\":{\"@id\":\"http:\/\/variluxcinefrances.com\/2016\/eventos\/oficina-de-roteiro-recife\/#breadcrumb\"},\"inLanguage\":\"pt-BR\",\"potentialAction\":[{\"@type\":\"ReadAction\",\"target\":[\"http:\/\/variluxcinefrances.com\/2016\/eventos\/oficina-de-roteiro-recife\/\"]}]},{\"@type\":\"BreadcrumbList\",\"@id\":\"http:\/\/variluxcinefrances.com\/2016\/eventos\/oficina-de-roteiro-recife\/#breadcrumb\",\"itemListElement\":[{\"@type\":\"ListItem\",\"position\":1,\"name\":\"In\u00edcio\",\"item\":\"http:\/\/variluxcinefrances.com\/2016\/\"},{\"@type\":\"ListItem\",\"position\":2,\"name\":\"Eventos\",\"item\":\"http:\/\/variluxcinefrances.com\/2016\/eventos\/\"},{\"@type\":\"ListItem\",\"position\":3,\"name\":\"Oficina de Roteiro Recife\"}]},{\"@type\":\"WebSite\",\"@id\":\"http:\/\/variluxcinefrances.com\/2016\/#website\",\"url\":\"http:\/\/variluxcinefrances.com\/2016\/\",\"name\":\"Festival Varilux de Cinema Franc\u00eas 2016\",\"description\":\"Festival de Cinema Franc\u00eas no Brasil todo | 08 a 22 Junho 2016\",\"potentialAction\":[{\"@type\":\"SearchAction\",\"target\":{\"@type\":\"EntryPoint\",\"urlTemplate\":\"http:\/\/variluxcinefrances.com\/2016\/?s={search_term_string}\"},\"query-input\":\"required name=search_term_string\"}],\"inLanguage\":\"pt-BR\"}]}<\/script>\n<!-- \/ Yoast SEO plugin. -->","yoast_head_json":{"title":"Oficina de Roteiro Recife - Festival Varilux de Cinema Franc\u00eas 2016","robots":{"index":"index","follow":"follow","max-snippet":"max-snippet:-1","max-image-preview":"max-image-preview:large","max-video-preview":"max-video-preview:-1"},"canonical":"http:\/\/variluxcinefrances.com\/2016\/eventos\/oficina-de-roteiro-recife\/","og_locale":"pt_BR","og_type":"article","og_title":"Oficina de Roteiro Recife - Festival Varilux de Cinema Franc\u00eas 2016","og_description":"&nbsp; Ampliando os horizontes, em 2016, ser\u00e1 realizada a 1\u00aa Edi\u00e7\u00e3o da oficina na cidade de Recife (PE), com foco [&hellip;]","og_url":"http:\/\/variluxcinefrances.com\/2016\/eventos\/oficina-de-roteiro-recife\/","og_site_name":"Festival Varilux de Cinema Franc\u00eas 2016","article_modified_time":"2016-05-23T23:02:03+00:00","twitter_card":"summary_large_image","twitter_misc":{"Est. tempo de leitura":"2 minutos"},"schema":{"@context":"https:\/\/schema.org","@graph":[{"@type":"WebPage","@id":"http:\/\/variluxcinefrances.com\/2016\/eventos\/oficina-de-roteiro-recife\/","url":"http:\/\/variluxcinefrances.com\/2016\/eventos\/oficina-de-roteiro-recife\/","name":"Oficina de Roteiro Recife - Festival Varilux de Cinema Franc\u00eas 2016","isPartOf":{"@id":"http:\/\/variluxcinefrances.com\/2016\/#website"},"datePublished":"2016-05-17T13:30:54+00:00","dateModified":"2016-05-23T23:02:03+00:00","breadcrumb":{"@id":"http:\/\/variluxcinefrances.com\/2016\/eventos\/oficina-de-roteiro-recife\/#breadcrumb"},"inLanguage":"pt-BR","potentialAction":[{"@type":"ReadAction","target":["http:\/\/variluxcinefrances.com\/2016\/eventos\/oficina-de-roteiro-recife\/"]}]},{"@type":"BreadcrumbList","@id":"http:\/\/variluxcinefrances.com\/2016\/eventos\/oficina-de-roteiro-recife\/#breadcrumb","itemListElement":[{"@type":"ListItem","position":1,"name":"In\u00edcio","item":"http:\/\/variluxcinefrances.com\/2016\/"},{"@type":"ListItem","position":2,"name":"Eventos","item":"http:\/\/variluxcinefrances.com\/2016\/eventos\/"},{"@type":"ListItem","position":3,"name":"Oficina de Roteiro Recife"}]},{"@type":"WebSite","@id":"http:\/\/variluxcinefrances.com\/2016\/#website","url":"http:\/\/variluxcinefrances.com\/2016\/","name":"Festival Varilux de Cinema Franc\u00eas 2016","description":"Festival de Cinema Franc\u00eas no Brasil todo | 08 a 22 Junho 2016","potentialAction":[{"@type":"SearchAction","target":{"@type":"EntryPoint","urlTemplate":"http:\/\/variluxcinefrances.com\/2016\/?s={search_term_string}"},"query-input":"required name=search_term_string"}],"inLanguage":"pt-BR"}]}},"_links":{"self":[{"href":"http:\/\/variluxcinefrances.com\/2016\/wp-json\/wp\/v2\/pages\/157"}],"collection":[{"href":"http:\/\/variluxcinefrances.com\/2016\/wp-json\/wp\/v2\/pages"}],"about":[{"href":"http:\/\/variluxcinefrances.com\/2016\/wp-json\/wp\/v2\/types\/page"}],"author":[{"embeddable":true,"href":"http:\/\/variluxcinefrances.com\/2016\/wp-json\/wp\/v2\/users\/1"}],"replies":[{"embeddable":true,"href":"http:\/\/variluxcinefrances.com\/2016\/wp-json\/wp\/v2\/comments?post=157"}],"version-history":[{"count":8,"href":"http:\/\/variluxcinefrances.com\/2016\/wp-json\/wp\/v2\/pages\/157\/revisions"}],"predecessor-version":[{"id":3367,"href":"http:\/\/variluxcinefrances.com\/2016\/wp-json\/wp\/v2\/pages\/157\/revisions\/3367"}],"up":[{"embeddable":true,"href":"http:\/\/variluxcinefrances.com\/2016\/wp-json\/wp\/v2\/pages\/149"}],"wp:attachment":[{"href":"http:\/\/variluxcinefrances.com\/2016\/wp-json\/wp\/v2\/media?parent=157"}],"curies":[{"name":"wp","href":"https:\/\/api.w.org\/{rel}","templated":true}]}}