{"id":155,"date":"2016-05-17T10:30:36","date_gmt":"2016-05-17T13:30:36","guid":{"rendered":"http:\/\/variluxcinefrances.com\/2016\/?page_id=155"},"modified":"2016-05-31T13:15:20","modified_gmt":"2016-05-31T16:15:20","slug":"oficina-de-roteiro-rio-de-janeiro","status":"publish","type":"page","link":"http:\/\/variluxcinefrances.com\/2016\/eventos\/oficina-de-roteiro-rio-de-janeiro\/","title":{"rendered":"Oficina de Roteiro Rio de Janeiro"},"content":{"rendered":"<p>&nbsp;<\/p>\n<p>O Festival Varilux de Cinema Franc\u00eas incentiva o interc\u00e2mbio e o desenvolvimento profissional atrav\u00e9s da realiza\u00e7\u00e3o da <strong>Oficina Franco-Brasileira de Roteiros Audiovisuais<\/strong>, realizada em parceria com o Conservat\u00f3rio Europeu de Escrita Audiovisual (CEEA) Paris\/Fran\u00e7a.<\/p>\n<p>Em sua 5\u00aa Edi\u00e7\u00e3o, na cidade do Rio de Janeiro, consolidada no calend\u00e1rio anual de eventos do mercado audiovisual, ter\u00e1 como diferencial o oferecimento de tr\u00eas diferentes m\u00f3dulos de aplica\u00e7\u00e3o: cinema, formatos para TV e g\u00eanero da com\u00e9dia.<\/p>\n<p>As aulas acontecem de 6 a 11 de junho em audit\u00f3rio no Hotel Sofitel &#8211; Copacabana e a oficina\u00a0ser\u00e1 ministrada em franc\u00eas com tradu\u00e7\u00e3o em portugu\u00eas.<\/p>\n<p>Confira aqui a lista de selecionados para cada modalidade:<\/p>\n<p><a href=\"http:\/\/variluxcinefrances.com\/2016\/wp-content\/uploads\/2016\/05\/selecionados_of_rio.png\"><strong>Cinema<\/strong><\/a><\/p>\n<p><a href=\"http:\/\/variluxcinefrances.com\/2016\/wp-content\/uploads\/2016\/05\/selecionados_of_rio_TV.png\"><strong>Formatos para televis\u00e3o<\/strong><\/a><\/p>\n<p><a style=\"line-height: 1.71429; font-size: 1rem;\" href=\"http:\/\/variluxcinefrances.com\/2016\/wp-content\/uploads\/2016\/05\/selecionados_of_rio_comedia.png\"><strong>G\u00eanero da com\u00e9dia<\/strong><\/a><\/p>\n<p>Confira abaixo mais informa\u00e7\u00f5es sobre os m\u00f3dulos.<\/p>\n<ol>\n<li><strong>Cinema<\/strong> \u2013 Objetiva acompanhar os participantes em seus projetos pessoais para chegar \u00e0 forma mais precisa da sua hist\u00f3ria e sua tem\u00e1tica, no intuito de desenvolv\u00ea-la com total consci\u00eancia e transmiti-la a seus futuros interlocutores.<\/li>\n<li><strong>\u00a0Formatos para Televis\u00e3o &#8211;<\/strong> Prop\u00f5e an\u00e1lises e aborda o modo de funcionamento da escrita de s\u00e9ries, a fim de revelar as ferramentas necess\u00e1rias para garantir uma boa dire\u00e7\u00e3o art\u00edstica da escrita, constru\u00e7\u00e3o de arcos narrativos s\u00f3lidos, aprimoramento da caracteriza\u00e7\u00e3o dos personagens, gest\u00e3o das intrigas e dos epis\u00f3dios da melhor forma.<\/li>\n<li><strong>\u00a0G\u00eanero da com\u00e9dia<\/strong> \u2013 Explorar as especifica\u00e7\u00f5es do g\u00eanero da com\u00e9dia, otimizar o potencial c\u00f4mico dos personagens, aprofundar as quest\u00f5es e os conflitos, colocar em primeiro lugar a tem\u00e1tica, melhorar o ritmo narrativa, encontrar \u00e2ngulos engra\u00e7ados para as cenas informativas e afinar os di\u00e1logos atrav\u00e9s de uma s\u00e9ries de exerc\u00edcios de escrita de cenas.<\/li>\n<\/ol>\n<p><span style=\"text-decoration: underline;\">Coordenador e formadores<\/span><\/p>\n<p>Fran\u00e7ois Sauvagnargues &#8211; <strong>Coordena\u00e7\u00e3o<\/strong><\/p>\n<p>Especialista em fic\u00e7\u00e3o, foi\u00a0 Diretor do Departamento de Fic\u00e7\u00e3o para TV do canal ARTE entre 2003 e 2011. Desde 2012 \u00e9 o Diretor Geral do FIPA &#8211; Festival Internacional de Programas Audiovisuais de Biarritz (Fran\u00e7a).<\/p>\n<p><strong>Claire Barr\u00e9 <\/strong><\/p>\n<p>Roteirista e docente no CEEA, F\u00c9MIS e da Universidade Paris X, Claire atualmente desenvolve diversos projetos para televis\u00e3o e cinema. Em 2014 recebeu o Pr\u00eamio Sopadin de Melhor Roteiro (\u201c<em>Uma esposa ideal\u201d). <\/em>Recentemente publicou seu primeiro romance, \u201c<em>Ceci est mon sexe\u201d<\/em> e seu segundo livro, \u201c<em>Baudelaire, le diable et moi\u201d<\/em>, foi lan\u00e7ado em 2015.<\/p>\n<p><strong>Corinne Klomp<\/strong><\/p>\n<p>Roteirista de cinema, TV e autora teatral, possui um curr\u00edculo\u00a0extenso, composto por 12 obras cinematogr\u00e1ficas, entre curtas, document\u00e1rios, longas e s\u00e9ries para tv, al\u00e9m de diversas pe\u00e7as teatrais e experi\u00eancias c\u00eanicas.\u00a0Premiada pela Fondation J.M. Bajen em 2012 como autora revela\u00e7\u00e3o pela obra teatral \u201c<em>Une saine inquietude\u201d<\/em>, e no Festival do Filme Europeu de Bruxelas (2006) pr\u00eamio de melhor roteiro de longa-metragem para \u201c<em>Gueule d\u2019emploi\u201d<\/em>, escrito juntamente com Pierre Leyssieux.<\/p>\n<p><strong>Alain Layrac<\/strong><\/p>\n<p>Mestre e Doutor em cinema pela Universidade Paris 1, diretor da cadeira de roteiro no CEEA desde 1998. Roteirista e diretor reconhecido pela s\u00e9rie de televis\u00e3o de sucesso \u201c<em>Une famille formidable<\/em>\u201d. Um dos seus principais filmes \u00e9 \u201cM\u00e1s companhias\u201d (<em>Mauvaises fr\u00e9quentations<\/em>), pr\u00eamio de melhor roteiro no Festival\u00a0 d\u2019Albi (1999). Alain tem destaque especial no g\u00eanero da com\u00e9dia, sua obra \u201c<em>Avant qu\u2019il ne soit trop tard<\/em> \u201d(2005) foi um grande sucesso de bilheteria.<\/p>\n<p><strong>Romain Compingt<\/strong><\/p>\n<p>O mais jovem diplomado no CEEA, onde leciona atualmente, Romain teve seu primeiro trabalho levado \u00e0s telas em 2013, a com\u00e9dia \u201c<em>Populaire\u201d<\/em>, de R\u00e9gis Roinsard, com fortes cinco indica\u00e7\u00f5es ao C\u00e9sars e distribu\u00eddo internacionalmente. Em 2016 ser\u00e3o lan\u00e7ados o drama \u201c<em>Batarde<\/em>\u201d de Houda Benyamina,\u00a0 e \u201c<em>Please love me forever<\/em>\u201d, m\u00e9dia-metragem fant\u00e1stico de Holy Fatma.<\/p>\n","protected":false},"excerpt":{"rendered":"<p>&nbsp; O Festival Varilux de Cinema Franc\u00eas incentiva o interc\u00e2mbio e o desenvolvimento profissional atrav\u00e9s da realiza\u00e7\u00e3o da Oficina Franco-Brasileira [&hellip;]<\/p>\n","protected":false},"author":1,"featured_media":0,"parent":149,"menu_order":2,"comment_status":"closed","ping_status":"closed","template":"","meta":{"footnotes":""},"yoast_head":"<!-- This site is optimized with the Yoast SEO plugin v23.0 - https:\/\/yoast.com\/wordpress\/plugins\/seo\/ -->\n<title>Oficina de Roteiro Rio de Janeiro - Festival Varilux de Cinema Franc\u00eas 2016<\/title>\n<meta name=\"robots\" content=\"index, follow, max-snippet:-1, max-image-preview:large, max-video-preview:-1\" \/>\n<link rel=\"canonical\" href=\"https:\/\/variluxcinefrances.com\/2016\/eventos\/oficina-de-roteiro-rio-de-janeiro\/\" \/>\n<meta property=\"og:locale\" content=\"pt_BR\" \/>\n<meta property=\"og:type\" content=\"article\" \/>\n<meta property=\"og:title\" content=\"Oficina de Roteiro Rio de Janeiro - Festival Varilux de Cinema Franc\u00eas 2016\" \/>\n<meta property=\"og:description\" content=\"&nbsp; O Festival Varilux de Cinema Franc\u00eas incentiva o interc\u00e2mbio e o desenvolvimento profissional atrav\u00e9s da realiza\u00e7\u00e3o da Oficina Franco-Brasileira [&hellip;]\" \/>\n<meta property=\"og:url\" content=\"https:\/\/variluxcinefrances.com\/2016\/eventos\/oficina-de-roteiro-rio-de-janeiro\/\" \/>\n<meta property=\"og:site_name\" content=\"Festival Varilux de Cinema Franc\u00eas 2016\" \/>\n<meta property=\"article:modified_time\" content=\"2016-05-31T16:15:20+00:00\" \/>\n<meta name=\"twitter:card\" content=\"summary_large_image\" \/>\n<meta name=\"twitter:label1\" content=\"Est. tempo de leitura\" \/>\n\t<meta name=\"twitter:data1\" content=\"3 minutos\" \/>\n<script type=\"application\/ld+json\" class=\"yoast-schema-graph\">{\"@context\":\"https:\/\/schema.org\",\"@graph\":[{\"@type\":\"WebPage\",\"@id\":\"https:\/\/variluxcinefrances.com\/2016\/eventos\/oficina-de-roteiro-rio-de-janeiro\/\",\"url\":\"https:\/\/variluxcinefrances.com\/2016\/eventos\/oficina-de-roteiro-rio-de-janeiro\/\",\"name\":\"Oficina de Roteiro Rio de Janeiro - Festival Varilux de Cinema Franc\u00eas 2016\",\"isPartOf\":{\"@id\":\"http:\/\/variluxcinefrances.com\/2016\/#website\"},\"datePublished\":\"2016-05-17T13:30:36+00:00\",\"dateModified\":\"2016-05-31T16:15:20+00:00\",\"breadcrumb\":{\"@id\":\"https:\/\/variluxcinefrances.com\/2016\/eventos\/oficina-de-roteiro-rio-de-janeiro\/#breadcrumb\"},\"inLanguage\":\"pt-BR\",\"potentialAction\":[{\"@type\":\"ReadAction\",\"target\":[\"https:\/\/variluxcinefrances.com\/2016\/eventos\/oficina-de-roteiro-rio-de-janeiro\/\"]}]},{\"@type\":\"BreadcrumbList\",\"@id\":\"https:\/\/variluxcinefrances.com\/2016\/eventos\/oficina-de-roteiro-rio-de-janeiro\/#breadcrumb\",\"itemListElement\":[{\"@type\":\"ListItem\",\"position\":1,\"name\":\"In\u00edcio\",\"item\":\"http:\/\/variluxcinefrances.com\/2016\/\"},{\"@type\":\"ListItem\",\"position\":2,\"name\":\"Eventos\",\"item\":\"http:\/\/variluxcinefrances.com\/2016\/eventos\/\"},{\"@type\":\"ListItem\",\"position\":3,\"name\":\"Oficina de Roteiro Rio de Janeiro\"}]},{\"@type\":\"WebSite\",\"@id\":\"http:\/\/variluxcinefrances.com\/2016\/#website\",\"url\":\"http:\/\/variluxcinefrances.com\/2016\/\",\"name\":\"Festival Varilux de Cinema Franc\u00eas 2016\",\"description\":\"Festival de Cinema Franc\u00eas no Brasil todo | 08 a 22 Junho 2016\",\"potentialAction\":[{\"@type\":\"SearchAction\",\"target\":{\"@type\":\"EntryPoint\",\"urlTemplate\":\"http:\/\/variluxcinefrances.com\/2016\/?s={search_term_string}\"},\"query-input\":\"required name=search_term_string\"}],\"inLanguage\":\"pt-BR\"}]}<\/script>\n<!-- \/ Yoast SEO plugin. -->","yoast_head_json":{"title":"Oficina de Roteiro Rio de Janeiro - Festival Varilux de Cinema Franc\u00eas 2016","robots":{"index":"index","follow":"follow","max-snippet":"max-snippet:-1","max-image-preview":"max-image-preview:large","max-video-preview":"max-video-preview:-1"},"canonical":"https:\/\/variluxcinefrances.com\/2016\/eventos\/oficina-de-roteiro-rio-de-janeiro\/","og_locale":"pt_BR","og_type":"article","og_title":"Oficina de Roteiro Rio de Janeiro - Festival Varilux de Cinema Franc\u00eas 2016","og_description":"&nbsp; O Festival Varilux de Cinema Franc\u00eas incentiva o interc\u00e2mbio e o desenvolvimento profissional atrav\u00e9s da realiza\u00e7\u00e3o da Oficina Franco-Brasileira [&hellip;]","og_url":"https:\/\/variluxcinefrances.com\/2016\/eventos\/oficina-de-roteiro-rio-de-janeiro\/","og_site_name":"Festival Varilux de Cinema Franc\u00eas 2016","article_modified_time":"2016-05-31T16:15:20+00:00","twitter_card":"summary_large_image","twitter_misc":{"Est. tempo de leitura":"3 minutos"},"schema":{"@context":"https:\/\/schema.org","@graph":[{"@type":"WebPage","@id":"https:\/\/variluxcinefrances.com\/2016\/eventos\/oficina-de-roteiro-rio-de-janeiro\/","url":"https:\/\/variluxcinefrances.com\/2016\/eventos\/oficina-de-roteiro-rio-de-janeiro\/","name":"Oficina de Roteiro Rio de Janeiro - Festival Varilux de Cinema Franc\u00eas 2016","isPartOf":{"@id":"http:\/\/variluxcinefrances.com\/2016\/#website"},"datePublished":"2016-05-17T13:30:36+00:00","dateModified":"2016-05-31T16:15:20+00:00","breadcrumb":{"@id":"https:\/\/variluxcinefrances.com\/2016\/eventos\/oficina-de-roteiro-rio-de-janeiro\/#breadcrumb"},"inLanguage":"pt-BR","potentialAction":[{"@type":"ReadAction","target":["https:\/\/variluxcinefrances.com\/2016\/eventos\/oficina-de-roteiro-rio-de-janeiro\/"]}]},{"@type":"BreadcrumbList","@id":"https:\/\/variluxcinefrances.com\/2016\/eventos\/oficina-de-roteiro-rio-de-janeiro\/#breadcrumb","itemListElement":[{"@type":"ListItem","position":1,"name":"In\u00edcio","item":"http:\/\/variluxcinefrances.com\/2016\/"},{"@type":"ListItem","position":2,"name":"Eventos","item":"http:\/\/variluxcinefrances.com\/2016\/eventos\/"},{"@type":"ListItem","position":3,"name":"Oficina de Roteiro Rio de Janeiro"}]},{"@type":"WebSite","@id":"http:\/\/variluxcinefrances.com\/2016\/#website","url":"http:\/\/variluxcinefrances.com\/2016\/","name":"Festival Varilux de Cinema Franc\u00eas 2016","description":"Festival de Cinema Franc\u00eas no Brasil todo | 08 a 22 Junho 2016","potentialAction":[{"@type":"SearchAction","target":{"@type":"EntryPoint","urlTemplate":"http:\/\/variluxcinefrances.com\/2016\/?s={search_term_string}"},"query-input":"required name=search_term_string"}],"inLanguage":"pt-BR"}]}},"_links":{"self":[{"href":"http:\/\/variluxcinefrances.com\/2016\/wp-json\/wp\/v2\/pages\/155"}],"collection":[{"href":"http:\/\/variluxcinefrances.com\/2016\/wp-json\/wp\/v2\/pages"}],"about":[{"href":"http:\/\/variluxcinefrances.com\/2016\/wp-json\/wp\/v2\/types\/page"}],"author":[{"embeddable":true,"href":"http:\/\/variluxcinefrances.com\/2016\/wp-json\/wp\/v2\/users\/1"}],"replies":[{"embeddable":true,"href":"http:\/\/variluxcinefrances.com\/2016\/wp-json\/wp\/v2\/comments?post=155"}],"version-history":[{"count":6,"href":"http:\/\/variluxcinefrances.com\/2016\/wp-json\/wp\/v2\/pages\/155\/revisions"}],"predecessor-version":[{"id":3369,"href":"http:\/\/variluxcinefrances.com\/2016\/wp-json\/wp\/v2\/pages\/155\/revisions\/3369"}],"up":[{"embeddable":true,"href":"http:\/\/variluxcinefrances.com\/2016\/wp-json\/wp\/v2\/pages\/149"}],"wp:attachment":[{"href":"http:\/\/variluxcinefrances.com\/2016\/wp-json\/wp\/v2\/media?parent=155"}],"curies":[{"name":"wp","href":"https:\/\/api.w.org\/{rel}","templated":true}]}}