{"id":153,"date":"2016-05-17T10:30:21","date_gmt":"2016-05-17T13:30:21","guid":{"rendered":"http:\/\/variluxcinefrances.com\/2016\/?page_id=153"},"modified":"2016-05-31T21:18:43","modified_gmt":"2016-06-01T00:18:43","slug":"festival","status":"publish","type":"page","link":"http:\/\/variluxcinefrances.com\/2016\/eventos\/festival\/","title":{"rendered":"Festival +"},"content":{"rendered":"<h2>SESS\u00d5ES DE DEMOCRATIZA\u00c7\u00c3O<\/h2>\n<p>Com a inten\u00e7\u00e3o de democratizar a experi\u00eancia do cinema, o Festival rompe fronteiras e percorre espa\u00e7os alternativos de exibi\u00e7\u00e3o, com ses\u00ads\u00f5es gratuitas e\/ou a pre\u00e7os popula\u00adres. Os parceiros dessa iniciativa s\u00e3o:<\/p>\n<p><strong>BELO HORIZONTE &#8211; MG <\/strong><\/p>\n<p>Escola de Belas Artes &#8211; Universidade<\/p>\n<p>Federal de Minas Grais<\/p>\n<p>Museu da Imagem e do Som\/MG<\/p>\n<p><strong>BRAS\u00cdLIA &#8211; BSB <\/strong><\/p>\n<p>Sala Le Corbusier<\/p>\n<p><strong>CUIAB\u00c1 &#8211; MT <\/strong><\/p>\n<p>Sesc Arsenal<\/p>\n<p><strong>FORTALEZA &#8211; CE <\/strong><\/p>\n<p>Cine Teatro S\u00e3o Luiz<\/p>\n<p><strong>PORTO ALEGRE &#8211; RS <\/strong><\/p>\n<p>Sala Reden\u00e7\u00e3o<\/p>\n<p><strong>RECIFE &#8211; PE <\/strong><\/p>\n<p>Cine Teatro Samuel Campelo<\/p>\n<p>Universidade Federal de Pernambuco<\/p>\n<p><strong>RIO DE JANEIRO &#8211; RJ <\/strong><\/p>\n<p>Arena Dicr\u00f3<\/p>\n<p>Cine Teatro Eduardo Coutinho<\/p>\n<p>Cine Maison<\/p>\n<p><strong>S\u00c3O PAULO &#8211; SP <\/strong><\/p>\n<p>Centro de Forma\u00e7\u00e3o Cultural Cidade Tiradentes<\/p>\n","protected":false},"excerpt":{"rendered":"<p>SESS\u00d5ES DE DEMOCRATIZA\u00c7\u00c3O Com a inten\u00e7\u00e3o de democratizar a experi\u00eancia do cinema, o Festival rompe fronteiras e percorre espa\u00e7os alternativos [&hellip;]<\/p>\n","protected":false},"author":1,"featured_media":0,"parent":149,"menu_order":1,"comment_status":"closed","ping_status":"closed","template":"","meta":{"footnotes":""},"yoast_head":"<!-- This site is optimized with the Yoast SEO plugin v23.0 - https:\/\/yoast.com\/wordpress\/plugins\/seo\/ -->\n<title>Festival + - Festival Varilux de Cinema Franc\u00eas 2016<\/title>\n<meta name=\"robots\" content=\"index, follow, max-snippet:-1, max-image-preview:large, max-video-preview:-1\" \/>\n<link rel=\"canonical\" href=\"https:\/\/variluxcinefrances.com\/2016\/eventos\/festival\/\" \/>\n<meta property=\"og:locale\" content=\"pt_BR\" \/>\n<meta property=\"og:type\" content=\"article\" \/>\n<meta property=\"og:title\" content=\"Festival + - Festival Varilux de Cinema Franc\u00eas 2016\" \/>\n<meta property=\"og:description\" content=\"SESS\u00d5ES DE DEMOCRATIZA\u00c7\u00c3O Com a inten\u00e7\u00e3o de democratizar a experi\u00eancia do cinema, o Festival rompe fronteiras e percorre espa\u00e7os alternativos [&hellip;]\" \/>\n<meta property=\"og:url\" content=\"https:\/\/variluxcinefrances.com\/2016\/eventos\/festival\/\" \/>\n<meta property=\"og:site_name\" content=\"Festival Varilux de Cinema Franc\u00eas 2016\" \/>\n<meta property=\"article:modified_time\" content=\"2016-06-01T00:18:43+00:00\" \/>\n<meta name=\"twitter:card\" content=\"summary_large_image\" \/>\n<meta name=\"twitter:label1\" content=\"Est. tempo de leitura\" \/>\n\t<meta name=\"twitter:data1\" content=\"1 minuto\" \/>\n<script type=\"application\/ld+json\" class=\"yoast-schema-graph\">{\"@context\":\"https:\/\/schema.org\",\"@graph\":[{\"@type\":\"WebPage\",\"@id\":\"https:\/\/variluxcinefrances.com\/2016\/eventos\/festival\/\",\"url\":\"https:\/\/variluxcinefrances.com\/2016\/eventos\/festival\/\",\"name\":\"Festival + - Festival Varilux de Cinema Franc\u00eas 2016\",\"isPartOf\":{\"@id\":\"http:\/\/variluxcinefrances.com\/2016\/#website\"},\"datePublished\":\"2016-05-17T13:30:21+00:00\",\"dateModified\":\"2016-06-01T00:18:43+00:00\",\"breadcrumb\":{\"@id\":\"https:\/\/variluxcinefrances.com\/2016\/eventos\/festival\/#breadcrumb\"},\"inLanguage\":\"pt-BR\",\"potentialAction\":[{\"@type\":\"ReadAction\",\"target\":[\"https:\/\/variluxcinefrances.com\/2016\/eventos\/festival\/\"]}]},{\"@type\":\"BreadcrumbList\",\"@id\":\"https:\/\/variluxcinefrances.com\/2016\/eventos\/festival\/#breadcrumb\",\"itemListElement\":[{\"@type\":\"ListItem\",\"position\":1,\"name\":\"In\u00edcio\",\"item\":\"http:\/\/variluxcinefrances.com\/2016\/\"},{\"@type\":\"ListItem\",\"position\":2,\"name\":\"Eventos\",\"item\":\"http:\/\/variluxcinefrances.com\/2016\/eventos\/\"},{\"@type\":\"ListItem\",\"position\":3,\"name\":\"Festival +\"}]},{\"@type\":\"WebSite\",\"@id\":\"http:\/\/variluxcinefrances.com\/2016\/#website\",\"url\":\"http:\/\/variluxcinefrances.com\/2016\/\",\"name\":\"Festival Varilux de Cinema Franc\u00eas 2016\",\"description\":\"Festival de Cinema Franc\u00eas no Brasil todo | 08 a 22 Junho 2016\",\"potentialAction\":[{\"@type\":\"SearchAction\",\"target\":{\"@type\":\"EntryPoint\",\"urlTemplate\":\"http:\/\/variluxcinefrances.com\/2016\/?s={search_term_string}\"},\"query-input\":\"required name=search_term_string\"}],\"inLanguage\":\"pt-BR\"}]}<\/script>\n<!-- \/ Yoast SEO plugin. -->","yoast_head_json":{"title":"Festival + - Festival Varilux de Cinema Franc\u00eas 2016","robots":{"index":"index","follow":"follow","max-snippet":"max-snippet:-1","max-image-preview":"max-image-preview:large","max-video-preview":"max-video-preview:-1"},"canonical":"https:\/\/variluxcinefrances.com\/2016\/eventos\/festival\/","og_locale":"pt_BR","og_type":"article","og_title":"Festival + - Festival Varilux de Cinema Franc\u00eas 2016","og_description":"SESS\u00d5ES DE DEMOCRATIZA\u00c7\u00c3O Com a inten\u00e7\u00e3o de democratizar a experi\u00eancia do cinema, o Festival rompe fronteiras e percorre espa\u00e7os alternativos [&hellip;]","og_url":"https:\/\/variluxcinefrances.com\/2016\/eventos\/festival\/","og_site_name":"Festival Varilux de Cinema Franc\u00eas 2016","article_modified_time":"2016-06-01T00:18:43+00:00","twitter_card":"summary_large_image","twitter_misc":{"Est. tempo de leitura":"1 minuto"},"schema":{"@context":"https:\/\/schema.org","@graph":[{"@type":"WebPage","@id":"https:\/\/variluxcinefrances.com\/2016\/eventos\/festival\/","url":"https:\/\/variluxcinefrances.com\/2016\/eventos\/festival\/","name":"Festival + - Festival Varilux de Cinema Franc\u00eas 2016","isPartOf":{"@id":"http:\/\/variluxcinefrances.com\/2016\/#website"},"datePublished":"2016-05-17T13:30:21+00:00","dateModified":"2016-06-01T00:18:43+00:00","breadcrumb":{"@id":"https:\/\/variluxcinefrances.com\/2016\/eventos\/festival\/#breadcrumb"},"inLanguage":"pt-BR","potentialAction":[{"@type":"ReadAction","target":["https:\/\/variluxcinefrances.com\/2016\/eventos\/festival\/"]}]},{"@type":"BreadcrumbList","@id":"https:\/\/variluxcinefrances.com\/2016\/eventos\/festival\/#breadcrumb","itemListElement":[{"@type":"ListItem","position":1,"name":"In\u00edcio","item":"http:\/\/variluxcinefrances.com\/2016\/"},{"@type":"ListItem","position":2,"name":"Eventos","item":"http:\/\/variluxcinefrances.com\/2016\/eventos\/"},{"@type":"ListItem","position":3,"name":"Festival +"}]},{"@type":"WebSite","@id":"http:\/\/variluxcinefrances.com\/2016\/#website","url":"http:\/\/variluxcinefrances.com\/2016\/","name":"Festival Varilux de Cinema Franc\u00eas 2016","description":"Festival de Cinema Franc\u00eas no Brasil todo | 08 a 22 Junho 2016","potentialAction":[{"@type":"SearchAction","target":{"@type":"EntryPoint","urlTemplate":"http:\/\/variluxcinefrances.com\/2016\/?s={search_term_string}"},"query-input":"required name=search_term_string"}],"inLanguage":"pt-BR"}]}},"_links":{"self":[{"href":"http:\/\/variluxcinefrances.com\/2016\/wp-json\/wp\/v2\/pages\/153"}],"collection":[{"href":"http:\/\/variluxcinefrances.com\/2016\/wp-json\/wp\/v2\/pages"}],"about":[{"href":"http:\/\/variluxcinefrances.com\/2016\/wp-json\/wp\/v2\/types\/page"}],"author":[{"embeddable":true,"href":"http:\/\/variluxcinefrances.com\/2016\/wp-json\/wp\/v2\/users\/1"}],"replies":[{"embeddable":true,"href":"http:\/\/variluxcinefrances.com\/2016\/wp-json\/wp\/v2\/comments?post=153"}],"version-history":[{"count":4,"href":"http:\/\/variluxcinefrances.com\/2016\/wp-json\/wp\/v2\/pages\/153\/revisions"}],"predecessor-version":[{"id":3415,"href":"http:\/\/variluxcinefrances.com\/2016\/wp-json\/wp\/v2\/pages\/153\/revisions\/3415"}],"up":[{"embeddable":true,"href":"http:\/\/variluxcinefrances.com\/2016\/wp-json\/wp\/v2\/pages\/149"}],"wp:attachment":[{"href":"http:\/\/variluxcinefrances.com\/2016\/wp-json\/wp\/v2\/media?parent=153"}],"curies":[{"name":"wp","href":"https:\/\/api.w.org\/{rel}","templated":true}]}}