{"id":151,"date":"2016-05-17T10:30:01","date_gmt":"2016-05-17T13:30:01","guid":{"rendered":"http:\/\/variluxcinefrances.com\/2016\/?page_id=151"},"modified":"2016-06-08T18:08:21","modified_gmt":"2016-06-08T21:08:21","slug":"especial-animacao","status":"publish","type":"page","link":"http:\/\/variluxcinefrances.com\/2016\/eventos\/especial-animacao\/","title":{"rendered":"Especial anima\u00e7\u00e3o"},"content":{"rendered":"<p>O Festival Varilux de Cinema Franc\u00eas apresenta o filme vencedor do pr\u00eamio Cristal do Festival de Anima\u00e7\u00e3o de Annecy em 2015, \u00a0<em><strong>Abril e o mundo extraordin\u00e1rio\u00a0<\/strong><\/em>de Frank Ekinci e Christian Desmares.\u00a0A anima\u00e7\u00e3o ser\u00e1 a grande estrela da a\u00e7\u00e3o educativa,\u00a0iniciativa de democratiza\u00e7\u00e3o do Festival que\u00a0promove sess\u00f5es gratuitas para milhares de estudantes,\u00a0crian\u00e7as e jovens, em todo o pa\u00eds.<br \/>\nNessa aventura, ambientada na Paris de 1941,\u00a0a corajosa menina Abril ter\u00e1 que descobrir o que<br \/>\naconteceu com seus pais e todos os demais cientistas\u00a0que sumiram misteriosamente. E para isso\u00a0contar\u00e1 com a ajuda de Darwin, seu gato falante\u00a0e de seu amigo Julius, um jovem que vive nas ruas.<\/p>\n<p>E pela primeira, o Festival contar\u00e1 com um filme com acessibilidade. Siga as instru\u00e7\u00f5es abaixo, clique no \u00edcone de acordo com o seu sistema operacional e fa\u00e7a o download do aplicativo MovieReading, que disponibiliza recursos de audiodescri\u00e7\u00e3o, legendas e libras.<\/p>\n<p><a href=\"https:\/\/itunes.apple.com\/br\/app\/moviereading\/id460349347?mt=8\"><img loading=\"lazy\" decoding=\"async\" class=\"alignnone wp-image-3487 \" src=\"http:\/\/variluxcinefrances.com\/2016\/wp-content\/uploads\/2016\/05\/itunes-button.png\" alt=\"itunes-button\" width=\"203\" height=\"74\" srcset=\"http:\/\/variluxcinefrances.com\/2016\/wp-content\/uploads\/2016\/05\/itunes-button.png 1005w, http:\/\/variluxcinefrances.com\/2016\/wp-content\/uploads\/2016\/05\/itunes-button-300x110.png 300w, http:\/\/variluxcinefrances.com\/2016\/wp-content\/uploads\/2016\/05\/itunes-button-624x228.png 624w\" sizes=\"(max-width: 203px) 100vw, 203px\" \/><\/a>\u00a0 \u00a0 \u00a0 \u00a0 \u00a0 \u00a0<a href=\"https:\/\/play.google.com\/store\/apps\/details?id=com.unimaccess.umaclient&amp;hl=pt_BR\"><img loading=\"lazy\" decoding=\"async\" class=\"alignnone wp-image-3488\" src=\"http:\/\/variluxcinefrances.com\/2016\/wp-content\/uploads\/2016\/05\/button-google-play.png\" alt=\"button-google-play\" width=\"209\" height=\"73\" srcset=\"http:\/\/variluxcinefrances.com\/2016\/wp-content\/uploads\/2016\/05\/button-google-play.png 2194w, http:\/\/variluxcinefrances.com\/2016\/wp-content\/uploads\/2016\/05\/button-google-play-300x105.png 300w, http:\/\/variluxcinefrances.com\/2016\/wp-content\/uploads\/2016\/05\/button-google-play-1024x358.png 1024w, http:\/\/variluxcinefrances.com\/2016\/wp-content\/uploads\/2016\/05\/button-google-play-624x218.png 624w\" sizes=\"(max-width: 209px) 100vw, 209px\" \/><\/a><\/p>\n<p><img loading=\"lazy\" decoding=\"async\" class=\"alignnone size-full wp-image-3471\" src=\"http:\/\/variluxcinefrances.com\/2016\/wp-content\/uploads\/2016\/05\/Anuncio_ETC2Acessbilidade.png\" alt=\"Anuncio_ETC2Acessbilidade\" width=\"1034\" height=\"1034\" srcset=\"http:\/\/variluxcinefrances.com\/2016\/wp-content\/uploads\/2016\/05\/Anuncio_ETC2Acessbilidade.png 1034w, http:\/\/variluxcinefrances.com\/2016\/wp-content\/uploads\/2016\/05\/Anuncio_ETC2Acessbilidade-150x150.png 150w, http:\/\/variluxcinefrances.com\/2016\/wp-content\/uploads\/2016\/05\/Anuncio_ETC2Acessbilidade-300x300.png 300w, http:\/\/variluxcinefrances.com\/2016\/wp-content\/uploads\/2016\/05\/Anuncio_ETC2Acessbilidade-1024x1024.png 1024w, http:\/\/variluxcinefrances.com\/2016\/wp-content\/uploads\/2016\/05\/Anuncio_ETC2Acessbilidade-624x624.png 624w\" sizes=\"(max-width: 1034px) 100vw, 1034px\" \/><\/p>\n","protected":false},"excerpt":{"rendered":"<p>O Festival Varilux de Cinema Franc\u00eas apresenta o filme vencedor do pr\u00eamio Cristal do Festival de Anima\u00e7\u00e3o de Annecy em [&hellip;]<\/p>\n","protected":false},"author":1,"featured_media":0,"parent":149,"menu_order":0,"comment_status":"closed","ping_status":"closed","template":"","meta":{"footnotes":""},"yoast_head":"<!-- This site is optimized with the Yoast SEO plugin v23.0 - https:\/\/yoast.com\/wordpress\/plugins\/seo\/ -->\n<title>Especial anima\u00e7\u00e3o - Festival Varilux de Cinema Franc\u00eas 2016<\/title>\n<meta name=\"robots\" content=\"index, follow, max-snippet:-1, max-image-preview:large, max-video-preview:-1\" \/>\n<link rel=\"canonical\" href=\"https:\/\/variluxcinefrances.com\/2016\/eventos\/especial-animacao\/\" \/>\n<meta property=\"og:locale\" content=\"pt_BR\" \/>\n<meta property=\"og:type\" content=\"article\" \/>\n<meta property=\"og:title\" content=\"Especial anima\u00e7\u00e3o - Festival Varilux de Cinema Franc\u00eas 2016\" \/>\n<meta property=\"og:description\" content=\"O Festival Varilux de Cinema Franc\u00eas apresenta o filme vencedor do pr\u00eamio Cristal do Festival de Anima\u00e7\u00e3o de Annecy em [&hellip;]\" \/>\n<meta property=\"og:url\" content=\"https:\/\/variluxcinefrances.com\/2016\/eventos\/especial-animacao\/\" \/>\n<meta property=\"og:site_name\" content=\"Festival Varilux de Cinema Franc\u00eas 2016\" \/>\n<meta property=\"article:modified_time\" content=\"2016-06-08T21:08:21+00:00\" \/>\n<meta property=\"og:image\" content=\"http:\/\/variluxcinefrances.com\/2016\/wp-content\/uploads\/2016\/05\/itunes-button.png\" \/>\n<meta name=\"twitter:card\" content=\"summary_large_image\" \/>\n<meta name=\"twitter:label1\" content=\"Est. tempo de leitura\" \/>\n\t<meta name=\"twitter:data1\" content=\"1 minuto\" \/>\n<script type=\"application\/ld+json\" class=\"yoast-schema-graph\">{\"@context\":\"https:\/\/schema.org\",\"@graph\":[{\"@type\":\"WebPage\",\"@id\":\"https:\/\/variluxcinefrances.com\/2016\/eventos\/especial-animacao\/\",\"url\":\"https:\/\/variluxcinefrances.com\/2016\/eventos\/especial-animacao\/\",\"name\":\"Especial anima\u00e7\u00e3o - Festival Varilux de Cinema Franc\u00eas 2016\",\"isPartOf\":{\"@id\":\"http:\/\/variluxcinefrances.com\/2016\/#website\"},\"primaryImageOfPage\":{\"@id\":\"https:\/\/variluxcinefrances.com\/2016\/eventos\/especial-animacao\/#primaryimage\"},\"image\":{\"@id\":\"https:\/\/variluxcinefrances.com\/2016\/eventos\/especial-animacao\/#primaryimage\"},\"thumbnailUrl\":\"http:\/\/variluxcinefrances.com\/2016\/wp-content\/uploads\/2016\/05\/itunes-button.png\",\"datePublished\":\"2016-05-17T13:30:01+00:00\",\"dateModified\":\"2016-06-08T21:08:21+00:00\",\"breadcrumb\":{\"@id\":\"https:\/\/variluxcinefrances.com\/2016\/eventos\/especial-animacao\/#breadcrumb\"},\"inLanguage\":\"pt-BR\",\"potentialAction\":[{\"@type\":\"ReadAction\",\"target\":[\"https:\/\/variluxcinefrances.com\/2016\/eventos\/especial-animacao\/\"]}]},{\"@type\":\"ImageObject\",\"inLanguage\":\"pt-BR\",\"@id\":\"https:\/\/variluxcinefrances.com\/2016\/eventos\/especial-animacao\/#primaryimage\",\"url\":\"http:\/\/variluxcinefrances.com\/2016\/wp-content\/uploads\/2016\/05\/itunes-button.png\",\"contentUrl\":\"http:\/\/variluxcinefrances.com\/2016\/wp-content\/uploads\/2016\/05\/itunes-button.png\",\"width\":1005,\"height\":368},{\"@type\":\"BreadcrumbList\",\"@id\":\"https:\/\/variluxcinefrances.com\/2016\/eventos\/especial-animacao\/#breadcrumb\",\"itemListElement\":[{\"@type\":\"ListItem\",\"position\":1,\"name\":\"In\u00edcio\",\"item\":\"http:\/\/variluxcinefrances.com\/2016\/\"},{\"@type\":\"ListItem\",\"position\":2,\"name\":\"Eventos\",\"item\":\"http:\/\/variluxcinefrances.com\/2016\/eventos\/\"},{\"@type\":\"ListItem\",\"position\":3,\"name\":\"Especial anima\u00e7\u00e3o\"}]},{\"@type\":\"WebSite\",\"@id\":\"http:\/\/variluxcinefrances.com\/2016\/#website\",\"url\":\"http:\/\/variluxcinefrances.com\/2016\/\",\"name\":\"Festival Varilux de Cinema Franc\u00eas 2016\",\"description\":\"Festival de Cinema Franc\u00eas no Brasil todo | 08 a 22 Junho 2016\",\"potentialAction\":[{\"@type\":\"SearchAction\",\"target\":{\"@type\":\"EntryPoint\",\"urlTemplate\":\"http:\/\/variluxcinefrances.com\/2016\/?s={search_term_string}\"},\"query-input\":\"required name=search_term_string\"}],\"inLanguage\":\"pt-BR\"}]}<\/script>\n<!-- \/ Yoast SEO plugin. -->","yoast_head_json":{"title":"Especial anima\u00e7\u00e3o - Festival Varilux de Cinema Franc\u00eas 2016","robots":{"index":"index","follow":"follow","max-snippet":"max-snippet:-1","max-image-preview":"max-image-preview:large","max-video-preview":"max-video-preview:-1"},"canonical":"https:\/\/variluxcinefrances.com\/2016\/eventos\/especial-animacao\/","og_locale":"pt_BR","og_type":"article","og_title":"Especial anima\u00e7\u00e3o - Festival Varilux de Cinema Franc\u00eas 2016","og_description":"O Festival Varilux de Cinema Franc\u00eas apresenta o filme vencedor do pr\u00eamio Cristal do Festival de Anima\u00e7\u00e3o de Annecy em [&hellip;]","og_url":"https:\/\/variluxcinefrances.com\/2016\/eventos\/especial-animacao\/","og_site_name":"Festival Varilux de Cinema Franc\u00eas 2016","article_modified_time":"2016-06-08T21:08:21+00:00","og_image":[{"url":"http:\/\/variluxcinefrances.com\/2016\/wp-content\/uploads\/2016\/05\/itunes-button.png"}],"twitter_card":"summary_large_image","twitter_misc":{"Est. tempo de leitura":"1 minuto"},"schema":{"@context":"https:\/\/schema.org","@graph":[{"@type":"WebPage","@id":"https:\/\/variluxcinefrances.com\/2016\/eventos\/especial-animacao\/","url":"https:\/\/variluxcinefrances.com\/2016\/eventos\/especial-animacao\/","name":"Especial anima\u00e7\u00e3o - Festival Varilux de Cinema Franc\u00eas 2016","isPartOf":{"@id":"http:\/\/variluxcinefrances.com\/2016\/#website"},"primaryImageOfPage":{"@id":"https:\/\/variluxcinefrances.com\/2016\/eventos\/especial-animacao\/#primaryimage"},"image":{"@id":"https:\/\/variluxcinefrances.com\/2016\/eventos\/especial-animacao\/#primaryimage"},"thumbnailUrl":"http:\/\/variluxcinefrances.com\/2016\/wp-content\/uploads\/2016\/05\/itunes-button.png","datePublished":"2016-05-17T13:30:01+00:00","dateModified":"2016-06-08T21:08:21+00:00","breadcrumb":{"@id":"https:\/\/variluxcinefrances.com\/2016\/eventos\/especial-animacao\/#breadcrumb"},"inLanguage":"pt-BR","potentialAction":[{"@type":"ReadAction","target":["https:\/\/variluxcinefrances.com\/2016\/eventos\/especial-animacao\/"]}]},{"@type":"ImageObject","inLanguage":"pt-BR","@id":"https:\/\/variluxcinefrances.com\/2016\/eventos\/especial-animacao\/#primaryimage","url":"http:\/\/variluxcinefrances.com\/2016\/wp-content\/uploads\/2016\/05\/itunes-button.png","contentUrl":"http:\/\/variluxcinefrances.com\/2016\/wp-content\/uploads\/2016\/05\/itunes-button.png","width":1005,"height":368},{"@type":"BreadcrumbList","@id":"https:\/\/variluxcinefrances.com\/2016\/eventos\/especial-animacao\/#breadcrumb","itemListElement":[{"@type":"ListItem","position":1,"name":"In\u00edcio","item":"http:\/\/variluxcinefrances.com\/2016\/"},{"@type":"ListItem","position":2,"name":"Eventos","item":"http:\/\/variluxcinefrances.com\/2016\/eventos\/"},{"@type":"ListItem","position":3,"name":"Especial anima\u00e7\u00e3o"}]},{"@type":"WebSite","@id":"http:\/\/variluxcinefrances.com\/2016\/#website","url":"http:\/\/variluxcinefrances.com\/2016\/","name":"Festival Varilux de Cinema Franc\u00eas 2016","description":"Festival de Cinema Franc\u00eas no Brasil todo | 08 a 22 Junho 2016","potentialAction":[{"@type":"SearchAction","target":{"@type":"EntryPoint","urlTemplate":"http:\/\/variluxcinefrances.com\/2016\/?s={search_term_string}"},"query-input":"required name=search_term_string"}],"inLanguage":"pt-BR"}]}},"_links":{"self":[{"href":"http:\/\/variluxcinefrances.com\/2016\/wp-json\/wp\/v2\/pages\/151"}],"collection":[{"href":"http:\/\/variluxcinefrances.com\/2016\/wp-json\/wp\/v2\/pages"}],"about":[{"href":"http:\/\/variluxcinefrances.com\/2016\/wp-json\/wp\/v2\/types\/page"}],"author":[{"embeddable":true,"href":"http:\/\/variluxcinefrances.com\/2016\/wp-json\/wp\/v2\/users\/1"}],"replies":[{"embeddable":true,"href":"http:\/\/variluxcinefrances.com\/2016\/wp-json\/wp\/v2\/comments?post=151"}],"version-history":[{"count":10,"href":"http:\/\/variluxcinefrances.com\/2016\/wp-json\/wp\/v2\/pages\/151\/revisions"}],"predecessor-version":[{"id":3486,"href":"http:\/\/variluxcinefrances.com\/2016\/wp-json\/wp\/v2\/pages\/151\/revisions\/3486"}],"up":[{"embeddable":true,"href":"http:\/\/variluxcinefrances.com\/2016\/wp-json\/wp\/v2\/pages\/149"}],"wp:attachment":[{"href":"http:\/\/variluxcinefrances.com\/2016\/wp-json\/wp\/v2\/media?parent=151"}],"curies":[{"name":"wp","href":"https:\/\/api.w.org\/{rel}","templated":true}]}}