{"id":149,"date":"2016-05-17T10:29:38","date_gmt":"2016-05-17T13:29:38","guid":{"rendered":"http:\/\/variluxcinefrances.com\/2016\/?page_id=149"},"modified":"2016-05-20T05:12:20","modified_gmt":"2016-05-20T08:12:20","slug":"eventos","status":"publish","type":"page","link":"http:\/\/variluxcinefrances.com\/2016\/eventos\/","title":{"rendered":"Eventos"},"content":{"rendered":"<div><div id=\"metaslider-id-650\" style=\"max-width: 800px;\" class=\"ml-slider-3-90-1 metaslider metaslider-flex metaslider-650 ml-slider ms-theme-default nav-hidden\" role=\"region\" aria-roledescription=\"Slideshow\" aria-label=\"Eventos\">\n    <div id=\"metaslider_container_650\">\n        <div id=\"metaslider_650\">\n            <ul class='slides'>\n                <li style=\"display: block; width: 100%;\" class=\"slide-651 ms-image \" aria-roledescription=\"slide\" aria-label=\"slide-651\"><a href=\"http:\/\/variluxcinefrances.com\/2016\/filme\/abril-e-o-mundo-extraordinario\/\" target=\"_self\"><img loading=\"lazy\" decoding=\"async\" src=\"http:\/\/variluxcinefrances.com\/2016\/wp-content\/uploads\/2016\/05\/Abril_eventos-800x537.png\" height=\"537\" width=\"800\" alt=\"\" class=\"slider-650 slide-651\" \/><\/a><div class=\"caption-wrap\"><div class=\"caption\">Especial anima\u00e7\u00e3o - Abril e o mundo extraordin\u00e1rio\nPremiada anima\u00e7\u00e3o francesa \u00e9 destaque na programa\u00e7\u00e3o<\/div><\/div><\/li>\n                <li style=\"display: none; width: 100%;\" class=\"slide-652 ms-image \" aria-roledescription=\"slide\" aria-label=\"slide-652\"><a href=\"http:\/\/variluxcinefrances.com\/2016\/filme\/um-homem-e-uma-mulher\/\" target=\"_self\"><img loading=\"lazy\" decoding=\"async\" src=\"http:\/\/variluxcinefrances.com\/2016\/wp-content\/uploads\/2016\/05\/Umhomemeumamulher_eventos-800x537.png\" height=\"537\" width=\"800\" alt=\"\" class=\"slider-650 slide-652\" \/><\/a><div class=\"caption-wrap\"><div class=\"caption\">Um homem e uma mulher, de Claude Lelouch\nHomenagem ao 50\u00ba anivers\u00e1rio de lan\u00e7amento do cl\u00e1ssico franc\u00eas<\/div><\/div><\/li>\n            <\/ul>\n        <\/div>\n        \n    <\/div>\n<\/div><\/div>\n","protected":false},"excerpt":{"rendered":"","protected":false},"author":1,"featured_media":0,"parent":0,"menu_order":5,"comment_status":"closed","ping_status":"closed","template":"","meta":{"footnotes":""},"yoast_head":"<!-- This site is optimized with the Yoast SEO plugin v23.0 - https:\/\/yoast.com\/wordpress\/plugins\/seo\/ -->\n<title>Eventos - Festival Varilux de Cinema Franc\u00eas 2016<\/title>\n<meta name=\"robots\" content=\"index, follow, max-snippet:-1, max-image-preview:large, max-video-preview:-1\" \/>\n<link rel=\"canonical\" href=\"http:\/\/variluxcinefrances.com\/2016\/eventos\/\" \/>\n<meta property=\"og:locale\" content=\"pt_BR\" \/>\n<meta property=\"og:type\" content=\"article\" \/>\n<meta property=\"og:title\" content=\"Eventos - Festival Varilux de Cinema Franc\u00eas 2016\" \/>\n<meta property=\"og:url\" content=\"http:\/\/variluxcinefrances.com\/2016\/eventos\/\" \/>\n<meta property=\"og:site_name\" content=\"Festival Varilux de Cinema Franc\u00eas 2016\" \/>\n<meta property=\"article:modified_time\" content=\"2016-05-20T08:12:20+00:00\" \/>\n<meta name=\"twitter:card\" content=\"summary_large_image\" \/>\n<script type=\"application\/ld+json\" class=\"yoast-schema-graph\">{\"@context\":\"https:\/\/schema.org\",\"@graph\":[{\"@type\":\"WebPage\",\"@id\":\"http:\/\/variluxcinefrances.com\/2016\/eventos\/\",\"url\":\"http:\/\/variluxcinefrances.com\/2016\/eventos\/\",\"name\":\"Eventos - Festival Varilux de Cinema Franc\u00eas 2016\",\"isPartOf\":{\"@id\":\"http:\/\/variluxcinefrances.com\/2016\/#website\"},\"datePublished\":\"2016-05-17T13:29:38+00:00\",\"dateModified\":\"2016-05-20T08:12:20+00:00\",\"breadcrumb\":{\"@id\":\"http:\/\/variluxcinefrances.com\/2016\/eventos\/#breadcrumb\"},\"inLanguage\":\"pt-BR\",\"potentialAction\":[{\"@type\":\"ReadAction\",\"target\":[\"http:\/\/variluxcinefrances.com\/2016\/eventos\/\"]}]},{\"@type\":\"BreadcrumbList\",\"@id\":\"http:\/\/variluxcinefrances.com\/2016\/eventos\/#breadcrumb\",\"itemListElement\":[{\"@type\":\"ListItem\",\"position\":1,\"name\":\"In\u00edcio\",\"item\":\"http:\/\/variluxcinefrances.com\/2016\/\"},{\"@type\":\"ListItem\",\"position\":2,\"name\":\"Eventos\"}]},{\"@type\":\"WebSite\",\"@id\":\"http:\/\/variluxcinefrances.com\/2016\/#website\",\"url\":\"http:\/\/variluxcinefrances.com\/2016\/\",\"name\":\"Festival Varilux de Cinema Franc\u00eas 2016\",\"description\":\"Festival de Cinema Franc\u00eas no Brasil todo | 08 a 22 Junho 2016\",\"potentialAction\":[{\"@type\":\"SearchAction\",\"target\":{\"@type\":\"EntryPoint\",\"urlTemplate\":\"http:\/\/variluxcinefrances.com\/2016\/?s={search_term_string}\"},\"query-input\":\"required name=search_term_string\"}],\"inLanguage\":\"pt-BR\"}]}<\/script>\n<!-- \/ Yoast SEO plugin. -->","yoast_head_json":{"title":"Eventos - Festival Varilux de Cinema Franc\u00eas 2016","robots":{"index":"index","follow":"follow","max-snippet":"max-snippet:-1","max-image-preview":"max-image-preview:large","max-video-preview":"max-video-preview:-1"},"canonical":"http:\/\/variluxcinefrances.com\/2016\/eventos\/","og_locale":"pt_BR","og_type":"article","og_title":"Eventos - Festival Varilux de Cinema Franc\u00eas 2016","og_url":"http:\/\/variluxcinefrances.com\/2016\/eventos\/","og_site_name":"Festival Varilux de Cinema Franc\u00eas 2016","article_modified_time":"2016-05-20T08:12:20+00:00","twitter_card":"summary_large_image","schema":{"@context":"https:\/\/schema.org","@graph":[{"@type":"WebPage","@id":"http:\/\/variluxcinefrances.com\/2016\/eventos\/","url":"http:\/\/variluxcinefrances.com\/2016\/eventos\/","name":"Eventos - Festival Varilux de Cinema Franc\u00eas 2016","isPartOf":{"@id":"http:\/\/variluxcinefrances.com\/2016\/#website"},"datePublished":"2016-05-17T13:29:38+00:00","dateModified":"2016-05-20T08:12:20+00:00","breadcrumb":{"@id":"http:\/\/variluxcinefrances.com\/2016\/eventos\/#breadcrumb"},"inLanguage":"pt-BR","potentialAction":[{"@type":"ReadAction","target":["http:\/\/variluxcinefrances.com\/2016\/eventos\/"]}]},{"@type":"BreadcrumbList","@id":"http:\/\/variluxcinefrances.com\/2016\/eventos\/#breadcrumb","itemListElement":[{"@type":"ListItem","position":1,"name":"In\u00edcio","item":"http:\/\/variluxcinefrances.com\/2016\/"},{"@type":"ListItem","position":2,"name":"Eventos"}]},{"@type":"WebSite","@id":"http:\/\/variluxcinefrances.com\/2016\/#website","url":"http:\/\/variluxcinefrances.com\/2016\/","name":"Festival Varilux de Cinema Franc\u00eas 2016","description":"Festival de Cinema Franc\u00eas no Brasil todo | 08 a 22 Junho 2016","potentialAction":[{"@type":"SearchAction","target":{"@type":"EntryPoint","urlTemplate":"http:\/\/variluxcinefrances.com\/2016\/?s={search_term_string}"},"query-input":"required name=search_term_string"}],"inLanguage":"pt-BR"}]}},"_links":{"self":[{"href":"http:\/\/variluxcinefrances.com\/2016\/wp-json\/wp\/v2\/pages\/149"}],"collection":[{"href":"http:\/\/variluxcinefrances.com\/2016\/wp-json\/wp\/v2\/pages"}],"about":[{"href":"http:\/\/variluxcinefrances.com\/2016\/wp-json\/wp\/v2\/types\/page"}],"author":[{"embeddable":true,"href":"http:\/\/variluxcinefrances.com\/2016\/wp-json\/wp\/v2\/users\/1"}],"replies":[{"embeddable":true,"href":"http:\/\/variluxcinefrances.com\/2016\/wp-json\/wp\/v2\/comments?post=149"}],"version-history":[{"count":4,"href":"http:\/\/variluxcinefrances.com\/2016\/wp-json\/wp\/v2\/pages\/149\/revisions"}],"predecessor-version":[{"id":654,"href":"http:\/\/variluxcinefrances.com\/2016\/wp-json\/wp\/v2\/pages\/149\/revisions\/654"}],"wp:attachment":[{"href":"http:\/\/variluxcinefrances.com\/2016\/wp-json\/wp\/v2\/media?parent=149"}],"curies":[{"name":"wp","href":"https:\/\/api.w.org\/{rel}","templated":true}]}}