{"id":139,"date":"2016-05-17T10:26:53","date_gmt":"2016-05-17T13:26:53","guid":{"rendered":"http:\/\/variluxcinefrances.com\/2016\/?page_id=139"},"modified":"2016-05-24T15:21:18","modified_gmt":"2016-05-24T18:21:18","slug":"equipe","status":"publish","type":"page","link":"http:\/\/variluxcinefrances.com\/2016\/o-festival\/equipe\/","title":{"rendered":"Equipe"},"content":{"rendered":"<p>&nbsp;<\/p>\n<p><strong>REALIZA\u00c7\u00c3O E PRODU\u00c7\u00c3O<\/strong> BONFILM<\/p>\n<p><strong>DIRE\u00c7\u00c3O E CURADORIA<\/strong> Christian Boudier<\/p>\n<p><strong>\u00a0COORDENA\u00c7\u00c3O GERAL<\/strong> V\u00e2nia Matos<\/p>\n<p><strong>GERENCIAMENTO DO PROJETO<\/strong> Paula de Oliveira<\/p>\n<p><strong>COORDENA\u00c7\u00c3O DE PROGRAMA\u00c7\u00c3O CINEMAS<\/strong> Vin\u00edcius Fantezia<\/p>\n<p><strong>COORDENA\u00c7\u00c3O DE PRODU\u00c7\u00c3O<\/strong> Clarissa Hungria<\/p>\n<p><strong>SUPERVIS\u00c3O DE COMUNICA\u00c7\u00c3O<\/strong> Yolanda Maria Barroso<\/p>\n<p><strong>COORDENA\u00c7\u00c3O NACIONAL<\/strong> Paula de Oliveira, Camila Medina e Pauline Nuzzo<\/p>\n<p><strong>A\u00c7\u00d5ES EDUCATIVAS<\/strong> Vin\u00edcius Fantezia e Camila Medina<\/p>\n<p><strong>PRODU\u00c7\u00c3O<\/strong> Elodie Salmeron, Luciano Salim e Thalita Sauwen<\/p>\n<p><strong>COORDENA\u00c7\u00c3O ADMINISTRATIVA<\/strong> Luzimar Valentim<\/p>\n<p><strong>\u00a0COORDENA\u00c7\u00c3O T\u00c9CNICA DOS FILMES<\/strong> ETC FILMES Clayton Douglas<\/p>\n<p><strong>PRODU\u00c7\u00c3O S\u00c3O PAULO<\/strong> Atti Comunica\u00e7\u00e3o \/ Elizangela Ferreira<\/p>\n<p><strong>CONVIDADOS<\/strong> Michelle Pistolesi<\/p>\n<p><strong>IDENTIDADE E PROGRAMA\u00c7\u00c3O VISUAL<\/strong> D\u00ednamo Design<\/p>\n<p><strong>WEBSITE<\/strong> New Gosling<\/p>\n<p><strong>\u00a0DESIGN GR\u00c1FICO E WEB<\/strong> Nathalia Younes<\/p>\n<p><strong>VIDEOGRAFISMO<\/strong> Daniel Lopes<\/p>\n<p><strong>PRODU\u00c7\u00c3O GR\u00c1FICA<\/strong> Estev\u00e3o Claros<\/p>\n<p><strong>ASSESSORIA DE IMPRENSA<\/strong> Ag\u00eancia Febre<\/p>\n<p><strong>OFICINA DE ROTEIRO<\/strong><\/p>\n<p><strong>COORDENA\u00c7\u00c3O<\/strong> Fran\u00e7ois Sauvagnargues<\/p>\n<p><strong>FORMADORES<\/strong> Alain Layrac, Claire Barr\u00e9, Corinne Klomp e Romain Compingt<\/p>\n<p><strong>OFICINA DE CR\u00cdTICA CINEMATOGR\u00c1FICA<\/strong><\/p>\n<p>Jean-Michel Frodon<\/p>\n<p><strong>TRADU\u00c7\u00c3O DE TEXTOS E FILMES<\/strong><\/p>\n<p>Cristiana Brindeiro<\/p>\n<p><strong>REVIS\u00c3O DE TEXTOS<\/strong><\/p>\n<p>In\u00eas Mauad<\/p>\n","protected":false},"excerpt":{"rendered":"<p>&nbsp; REALIZA\u00c7\u00c3O E PRODU\u00c7\u00c3O BONFILM DIRE\u00c7\u00c3O E CURADORIA Christian Boudier \u00a0COORDENA\u00c7\u00c3O GERAL V\u00e2nia Matos GERENCIAMENTO DO PROJETO Paula de Oliveira [&hellip;]<\/p>\n","protected":false},"author":1,"featured_media":0,"parent":131,"menu_order":3,"comment_status":"closed","ping_status":"closed","template":"","meta":{"footnotes":""},"yoast_head":"<!-- This site is optimized with the Yoast SEO plugin v23.0 - https:\/\/yoast.com\/wordpress\/plugins\/seo\/ -->\n<title>Equipe - Festival Varilux de Cinema Franc\u00eas 2016<\/title>\n<meta name=\"robots\" content=\"index, follow, max-snippet:-1, max-image-preview:large, max-video-preview:-1\" \/>\n<link rel=\"canonical\" href=\"https:\/\/variluxcinefrances.com\/2016\/o-festival\/equipe\/\" \/>\n<meta property=\"og:locale\" content=\"pt_BR\" \/>\n<meta property=\"og:type\" content=\"article\" \/>\n<meta property=\"og:title\" content=\"Equipe - Festival Varilux de Cinema Franc\u00eas 2016\" \/>\n<meta property=\"og:description\" content=\"&nbsp; REALIZA\u00c7\u00c3O E PRODU\u00c7\u00c3O BONFILM DIRE\u00c7\u00c3O E CURADORIA Christian Boudier \u00a0COORDENA\u00c7\u00c3O GERAL V\u00e2nia Matos GERENCIAMENTO DO PROJETO Paula de Oliveira [&hellip;]\" \/>\n<meta property=\"og:url\" content=\"https:\/\/variluxcinefrances.com\/2016\/o-festival\/equipe\/\" \/>\n<meta property=\"og:site_name\" content=\"Festival Varilux de Cinema Franc\u00eas 2016\" \/>\n<meta property=\"article:modified_time\" content=\"2016-05-24T18:21:18+00:00\" \/>\n<meta name=\"twitter:card\" content=\"summary_large_image\" \/>\n<meta name=\"twitter:label1\" content=\"Est. tempo de leitura\" \/>\n\t<meta name=\"twitter:data1\" content=\"1 minuto\" \/>\n<script type=\"application\/ld+json\" class=\"yoast-schema-graph\">{\"@context\":\"https:\/\/schema.org\",\"@graph\":[{\"@type\":\"WebPage\",\"@id\":\"https:\/\/variluxcinefrances.com\/2016\/o-festival\/equipe\/\",\"url\":\"https:\/\/variluxcinefrances.com\/2016\/o-festival\/equipe\/\",\"name\":\"Equipe - Festival Varilux de Cinema Franc\u00eas 2016\",\"isPartOf\":{\"@id\":\"http:\/\/variluxcinefrances.com\/2016\/#website\"},\"datePublished\":\"2016-05-17T13:26:53+00:00\",\"dateModified\":\"2016-05-24T18:21:18+00:00\",\"breadcrumb\":{\"@id\":\"https:\/\/variluxcinefrances.com\/2016\/o-festival\/equipe\/#breadcrumb\"},\"inLanguage\":\"pt-BR\",\"potentialAction\":[{\"@type\":\"ReadAction\",\"target\":[\"https:\/\/variluxcinefrances.com\/2016\/o-festival\/equipe\/\"]}]},{\"@type\":\"BreadcrumbList\",\"@id\":\"https:\/\/variluxcinefrances.com\/2016\/o-festival\/equipe\/#breadcrumb\",\"itemListElement\":[{\"@type\":\"ListItem\",\"position\":1,\"name\":\"In\u00edcio\",\"item\":\"http:\/\/variluxcinefrances.com\/2016\/\"},{\"@type\":\"ListItem\",\"position\":2,\"name\":\"O Festival\",\"item\":\"http:\/\/variluxcinefrances.com\/2016\/o-festival\/\"},{\"@type\":\"ListItem\",\"position\":3,\"name\":\"Equipe\"}]},{\"@type\":\"WebSite\",\"@id\":\"http:\/\/variluxcinefrances.com\/2016\/#website\",\"url\":\"http:\/\/variluxcinefrances.com\/2016\/\",\"name\":\"Festival Varilux de Cinema Franc\u00eas 2016\",\"description\":\"Festival de Cinema Franc\u00eas no Brasil todo | 08 a 22 Junho 2016\",\"potentialAction\":[{\"@type\":\"SearchAction\",\"target\":{\"@type\":\"EntryPoint\",\"urlTemplate\":\"http:\/\/variluxcinefrances.com\/2016\/?s={search_term_string}\"},\"query-input\":\"required name=search_term_string\"}],\"inLanguage\":\"pt-BR\"}]}<\/script>\n<!-- \/ Yoast SEO plugin. -->","yoast_head_json":{"title":"Equipe - Festival Varilux de Cinema Franc\u00eas 2016","robots":{"index":"index","follow":"follow","max-snippet":"max-snippet:-1","max-image-preview":"max-image-preview:large","max-video-preview":"max-video-preview:-1"},"canonical":"https:\/\/variluxcinefrances.com\/2016\/o-festival\/equipe\/","og_locale":"pt_BR","og_type":"article","og_title":"Equipe - Festival Varilux de Cinema Franc\u00eas 2016","og_description":"&nbsp; REALIZA\u00c7\u00c3O E PRODU\u00c7\u00c3O BONFILM DIRE\u00c7\u00c3O E CURADORIA Christian Boudier \u00a0COORDENA\u00c7\u00c3O GERAL V\u00e2nia Matos GERENCIAMENTO DO PROJETO Paula de Oliveira [&hellip;]","og_url":"https:\/\/variluxcinefrances.com\/2016\/o-festival\/equipe\/","og_site_name":"Festival Varilux de Cinema Franc\u00eas 2016","article_modified_time":"2016-05-24T18:21:18+00:00","twitter_card":"summary_large_image","twitter_misc":{"Est. tempo de leitura":"1 minuto"},"schema":{"@context":"https:\/\/schema.org","@graph":[{"@type":"WebPage","@id":"https:\/\/variluxcinefrances.com\/2016\/o-festival\/equipe\/","url":"https:\/\/variluxcinefrances.com\/2016\/o-festival\/equipe\/","name":"Equipe - Festival Varilux de Cinema Franc\u00eas 2016","isPartOf":{"@id":"http:\/\/variluxcinefrances.com\/2016\/#website"},"datePublished":"2016-05-17T13:26:53+00:00","dateModified":"2016-05-24T18:21:18+00:00","breadcrumb":{"@id":"https:\/\/variluxcinefrances.com\/2016\/o-festival\/equipe\/#breadcrumb"},"inLanguage":"pt-BR","potentialAction":[{"@type":"ReadAction","target":["https:\/\/variluxcinefrances.com\/2016\/o-festival\/equipe\/"]}]},{"@type":"BreadcrumbList","@id":"https:\/\/variluxcinefrances.com\/2016\/o-festival\/equipe\/#breadcrumb","itemListElement":[{"@type":"ListItem","position":1,"name":"In\u00edcio","item":"http:\/\/variluxcinefrances.com\/2016\/"},{"@type":"ListItem","position":2,"name":"O Festival","item":"http:\/\/variluxcinefrances.com\/2016\/o-festival\/"},{"@type":"ListItem","position":3,"name":"Equipe"}]},{"@type":"WebSite","@id":"http:\/\/variluxcinefrances.com\/2016\/#website","url":"http:\/\/variluxcinefrances.com\/2016\/","name":"Festival Varilux de Cinema Franc\u00eas 2016","description":"Festival de Cinema Franc\u00eas no Brasil todo | 08 a 22 Junho 2016","potentialAction":[{"@type":"SearchAction","target":{"@type":"EntryPoint","urlTemplate":"http:\/\/variluxcinefrances.com\/2016\/?s={search_term_string}"},"query-input":"required name=search_term_string"}],"inLanguage":"pt-BR"}]}},"_links":{"self":[{"href":"http:\/\/variluxcinefrances.com\/2016\/wp-json\/wp\/v2\/pages\/139"}],"collection":[{"href":"http:\/\/variluxcinefrances.com\/2016\/wp-json\/wp\/v2\/pages"}],"about":[{"href":"http:\/\/variluxcinefrances.com\/2016\/wp-json\/wp\/v2\/types\/page"}],"author":[{"embeddable":true,"href":"http:\/\/variluxcinefrances.com\/2016\/wp-json\/wp\/v2\/users\/1"}],"replies":[{"embeddable":true,"href":"http:\/\/variluxcinefrances.com\/2016\/wp-json\/wp\/v2\/comments?post=139"}],"version-history":[{"count":4,"href":"http:\/\/variluxcinefrances.com\/2016\/wp-json\/wp\/v2\/pages\/139\/revisions"}],"predecessor-version":[{"id":3355,"href":"http:\/\/variluxcinefrances.com\/2016\/wp-json\/wp\/v2\/pages\/139\/revisions\/3355"}],"up":[{"embeddable":true,"href":"http:\/\/variluxcinefrances.com\/2016\/wp-json\/wp\/v2\/pages\/131"}],"wp:attachment":[{"href":"http:\/\/variluxcinefrances.com\/2016\/wp-json\/wp\/v2\/media?parent=139"}],"curies":[{"name":"wp","href":"https:\/\/api.w.org\/{rel}","templated":true}]}}