{"id":137,"date":"2016-05-17T10:26:35","date_gmt":"2016-05-17T13:26:35","guid":{"rendered":"http:\/\/variluxcinefrances.com\/2016\/?page_id=137"},"modified":"2016-06-09T17:30:03","modified_gmt":"2016-06-09T20:30:03","slug":"catalogo","status":"publish","type":"page","link":"http:\/\/variluxcinefrances.com\/2016\/o-festival\/catalogo\/","title":{"rendered":"Cat\u00e1logo"},"content":{"rendered":"<p>Confira o cat\u00e1logo do Festival<\/p>\n<p><a href=\"http:\/\/issuu.com\/festivalvarilux\/docs\/bonfilm_fvcf_catalogo_160527?e=25274848\/36350130\"><img loading=\"lazy\" decoding=\"async\" class=\"alignnone size-full wp-image-3492\" src=\"http:\/\/variluxcinefrances.com\/2016\/wp-content\/uploads\/2016\/05\/bonfilm_fvcf2016_capa_catalogo.png\" alt=\"bonfilm_fvcf2016_capa_catalogo\" width=\"568\" height=\"569\" srcset=\"http:\/\/variluxcinefrances.com\/2016\/wp-content\/uploads\/2016\/05\/bonfilm_fvcf2016_capa_catalogo.png 568w, http:\/\/variluxcinefrances.com\/2016\/wp-content\/uploads\/2016\/05\/bonfilm_fvcf2016_capa_catalogo-150x150.png 150w, http:\/\/variluxcinefrances.com\/2016\/wp-content\/uploads\/2016\/05\/bonfilm_fvcf2016_capa_catalogo-300x300.png 300w\" sizes=\"(max-width: 568px) 100vw, 568px\" \/><\/a><\/p>\n","protected":false},"excerpt":{"rendered":"<p>Confira o cat\u00e1logo do Festival<\/p>\n","protected":false},"author":1,"featured_media":0,"parent":131,"menu_order":2,"comment_status":"closed","ping_status":"closed","template":"","meta":{"footnotes":""},"yoast_head":"<!-- This site is optimized with the Yoast SEO plugin v23.0 - https:\/\/yoast.com\/wordpress\/plugins\/seo\/ -->\n<title>Cat\u00e1logo - Festival Varilux de Cinema Franc\u00eas 2016<\/title>\n<meta name=\"robots\" content=\"index, follow, max-snippet:-1, max-image-preview:large, max-video-preview:-1\" \/>\n<link rel=\"canonical\" href=\"https:\/\/variluxcinefrances.com\/2016\/o-festival\/catalogo\/\" \/>\n<meta property=\"og:locale\" content=\"pt_BR\" \/>\n<meta property=\"og:type\" content=\"article\" \/>\n<meta property=\"og:title\" content=\"Cat\u00e1logo - Festival Varilux de Cinema Franc\u00eas 2016\" \/>\n<meta property=\"og:description\" content=\"Confira o cat\u00e1logo do Festival\" \/>\n<meta property=\"og:url\" content=\"https:\/\/variluxcinefrances.com\/2016\/o-festival\/catalogo\/\" \/>\n<meta property=\"og:site_name\" content=\"Festival Varilux de Cinema Franc\u00eas 2016\" \/>\n<meta property=\"article:modified_time\" content=\"2016-06-09T20:30:03+00:00\" \/>\n<meta property=\"og:image\" content=\"http:\/\/variluxcinefrances.com\/2016\/wp-content\/uploads\/2016\/05\/bonfilm_fvcf2016_capa_catalogo.png\" \/>\n<meta name=\"twitter:card\" content=\"summary_large_image\" \/>\n<script type=\"application\/ld+json\" class=\"yoast-schema-graph\">{\"@context\":\"https:\/\/schema.org\",\"@graph\":[{\"@type\":\"WebPage\",\"@id\":\"https:\/\/variluxcinefrances.com\/2016\/o-festival\/catalogo\/\",\"url\":\"https:\/\/variluxcinefrances.com\/2016\/o-festival\/catalogo\/\",\"name\":\"Cat\u00e1logo - Festival Varilux de Cinema Franc\u00eas 2016\",\"isPartOf\":{\"@id\":\"http:\/\/variluxcinefrances.com\/2016\/#website\"},\"primaryImageOfPage\":{\"@id\":\"https:\/\/variluxcinefrances.com\/2016\/o-festival\/catalogo\/#primaryimage\"},\"image\":{\"@id\":\"https:\/\/variluxcinefrances.com\/2016\/o-festival\/catalogo\/#primaryimage\"},\"thumbnailUrl\":\"http:\/\/variluxcinefrances.com\/2016\/wp-content\/uploads\/2016\/05\/bonfilm_fvcf2016_capa_catalogo.png\",\"datePublished\":\"2016-05-17T13:26:35+00:00\",\"dateModified\":\"2016-06-09T20:30:03+00:00\",\"breadcrumb\":{\"@id\":\"https:\/\/variluxcinefrances.com\/2016\/o-festival\/catalogo\/#breadcrumb\"},\"inLanguage\":\"pt-BR\",\"potentialAction\":[{\"@type\":\"ReadAction\",\"target\":[\"https:\/\/variluxcinefrances.com\/2016\/o-festival\/catalogo\/\"]}]},{\"@type\":\"ImageObject\",\"inLanguage\":\"pt-BR\",\"@id\":\"https:\/\/variluxcinefrances.com\/2016\/o-festival\/catalogo\/#primaryimage\",\"url\":\"http:\/\/variluxcinefrances.com\/2016\/wp-content\/uploads\/2016\/05\/bonfilm_fvcf2016_capa_catalogo.png\",\"contentUrl\":\"http:\/\/variluxcinefrances.com\/2016\/wp-content\/uploads\/2016\/05\/bonfilm_fvcf2016_capa_catalogo.png\",\"width\":568,\"height\":569},{\"@type\":\"BreadcrumbList\",\"@id\":\"https:\/\/variluxcinefrances.com\/2016\/o-festival\/catalogo\/#breadcrumb\",\"itemListElement\":[{\"@type\":\"ListItem\",\"position\":1,\"name\":\"In\u00edcio\",\"item\":\"http:\/\/variluxcinefrances.com\/2016\/\"},{\"@type\":\"ListItem\",\"position\":2,\"name\":\"O Festival\",\"item\":\"http:\/\/variluxcinefrances.com\/2016\/o-festival\/\"},{\"@type\":\"ListItem\",\"position\":3,\"name\":\"Cat\u00e1logo\"}]},{\"@type\":\"WebSite\",\"@id\":\"http:\/\/variluxcinefrances.com\/2016\/#website\",\"url\":\"http:\/\/variluxcinefrances.com\/2016\/\",\"name\":\"Festival Varilux de Cinema Franc\u00eas 2016\",\"description\":\"Festival de Cinema Franc\u00eas no Brasil todo | 08 a 22 Junho 2016\",\"potentialAction\":[{\"@type\":\"SearchAction\",\"target\":{\"@type\":\"EntryPoint\",\"urlTemplate\":\"http:\/\/variluxcinefrances.com\/2016\/?s={search_term_string}\"},\"query-input\":\"required name=search_term_string\"}],\"inLanguage\":\"pt-BR\"}]}<\/script>\n<!-- \/ Yoast SEO plugin. -->","yoast_head_json":{"title":"Cat\u00e1logo - Festival Varilux de Cinema Franc\u00eas 2016","robots":{"index":"index","follow":"follow","max-snippet":"max-snippet:-1","max-image-preview":"max-image-preview:large","max-video-preview":"max-video-preview:-1"},"canonical":"https:\/\/variluxcinefrances.com\/2016\/o-festival\/catalogo\/","og_locale":"pt_BR","og_type":"article","og_title":"Cat\u00e1logo - Festival Varilux de Cinema Franc\u00eas 2016","og_description":"Confira o cat\u00e1logo do Festival","og_url":"https:\/\/variluxcinefrances.com\/2016\/o-festival\/catalogo\/","og_site_name":"Festival Varilux de Cinema Franc\u00eas 2016","article_modified_time":"2016-06-09T20:30:03+00:00","og_image":[{"url":"http:\/\/variluxcinefrances.com\/2016\/wp-content\/uploads\/2016\/05\/bonfilm_fvcf2016_capa_catalogo.png"}],"twitter_card":"summary_large_image","schema":{"@context":"https:\/\/schema.org","@graph":[{"@type":"WebPage","@id":"https:\/\/variluxcinefrances.com\/2016\/o-festival\/catalogo\/","url":"https:\/\/variluxcinefrances.com\/2016\/o-festival\/catalogo\/","name":"Cat\u00e1logo - Festival Varilux de Cinema Franc\u00eas 2016","isPartOf":{"@id":"http:\/\/variluxcinefrances.com\/2016\/#website"},"primaryImageOfPage":{"@id":"https:\/\/variluxcinefrances.com\/2016\/o-festival\/catalogo\/#primaryimage"},"image":{"@id":"https:\/\/variluxcinefrances.com\/2016\/o-festival\/catalogo\/#primaryimage"},"thumbnailUrl":"http:\/\/variluxcinefrances.com\/2016\/wp-content\/uploads\/2016\/05\/bonfilm_fvcf2016_capa_catalogo.png","datePublished":"2016-05-17T13:26:35+00:00","dateModified":"2016-06-09T20:30:03+00:00","breadcrumb":{"@id":"https:\/\/variluxcinefrances.com\/2016\/o-festival\/catalogo\/#breadcrumb"},"inLanguage":"pt-BR","potentialAction":[{"@type":"ReadAction","target":["https:\/\/variluxcinefrances.com\/2016\/o-festival\/catalogo\/"]}]},{"@type":"ImageObject","inLanguage":"pt-BR","@id":"https:\/\/variluxcinefrances.com\/2016\/o-festival\/catalogo\/#primaryimage","url":"http:\/\/variluxcinefrances.com\/2016\/wp-content\/uploads\/2016\/05\/bonfilm_fvcf2016_capa_catalogo.png","contentUrl":"http:\/\/variluxcinefrances.com\/2016\/wp-content\/uploads\/2016\/05\/bonfilm_fvcf2016_capa_catalogo.png","width":568,"height":569},{"@type":"BreadcrumbList","@id":"https:\/\/variluxcinefrances.com\/2016\/o-festival\/catalogo\/#breadcrumb","itemListElement":[{"@type":"ListItem","position":1,"name":"In\u00edcio","item":"http:\/\/variluxcinefrances.com\/2016\/"},{"@type":"ListItem","position":2,"name":"O Festival","item":"http:\/\/variluxcinefrances.com\/2016\/o-festival\/"},{"@type":"ListItem","position":3,"name":"Cat\u00e1logo"}]},{"@type":"WebSite","@id":"http:\/\/variluxcinefrances.com\/2016\/#website","url":"http:\/\/variluxcinefrances.com\/2016\/","name":"Festival Varilux de Cinema Franc\u00eas 2016","description":"Festival de Cinema Franc\u00eas no Brasil todo | 08 a 22 Junho 2016","potentialAction":[{"@type":"SearchAction","target":{"@type":"EntryPoint","urlTemplate":"http:\/\/variluxcinefrances.com\/2016\/?s={search_term_string}"},"query-input":"required name=search_term_string"}],"inLanguage":"pt-BR"}]}},"_links":{"self":[{"href":"http:\/\/variluxcinefrances.com\/2016\/wp-json\/wp\/v2\/pages\/137"}],"collection":[{"href":"http:\/\/variluxcinefrances.com\/2016\/wp-json\/wp\/v2\/pages"}],"about":[{"href":"http:\/\/variluxcinefrances.com\/2016\/wp-json\/wp\/v2\/types\/page"}],"author":[{"embeddable":true,"href":"http:\/\/variluxcinefrances.com\/2016\/wp-json\/wp\/v2\/users\/1"}],"replies":[{"embeddable":true,"href":"http:\/\/variluxcinefrances.com\/2016\/wp-json\/wp\/v2\/comments?post=137"}],"version-history":[{"count":3,"href":"http:\/\/variluxcinefrances.com\/2016\/wp-json\/wp\/v2\/pages\/137\/revisions"}],"predecessor-version":[{"id":3493,"href":"http:\/\/variluxcinefrances.com\/2016\/wp-json\/wp\/v2\/pages\/137\/revisions\/3493"}],"up":[{"embeddable":true,"href":"http:\/\/variluxcinefrances.com\/2016\/wp-json\/wp\/v2\/pages\/131"}],"wp:attachment":[{"href":"http:\/\/variluxcinefrances.com\/2016\/wp-json\/wp\/v2\/media?parent=137"}],"curies":[{"name":"wp","href":"https:\/\/api.w.org\/{rel}","templated":true}]}}