{"id":135,"date":"2016-05-17T10:25:51","date_gmt":"2016-05-17T13:25:51","guid":{"rendered":"http:\/\/variluxcinefrances.com\/2016\/?page_id=135"},"modified":"2016-05-31T13:13:31","modified_gmt":"2016-05-31T16:13:31","slug":"palavras-do-curador","status":"publish","type":"page","link":"http:\/\/variluxcinefrances.com\/2016\/o-festival\/palavras-do-curador\/","title":{"rendered":"Palavras do curador"},"content":{"rendered":"<p>&nbsp;<\/p>\n<p>&nbsp;<\/p>\n<p>D\u00c9SIR DE FRANCE<\/p>\n<p>A Fran\u00e7a e o Brasil s\u00e3o pa\u00edses privilegiados, pois, s\u00e3o lugares desejados por pessoas de todo mundo. Em 2015, a Fran\u00e7a foi o primeiro destino tur\u00edstico mundial, com 85 milh\u00f5es de visitantes.\u00a0A imagem desses dois pa\u00edses constitui uma \u201criqueza\u201d excepcional. Mas nada \u00e9 totalmente certo: os impactos de uma atualidade cada vez mais angustiante podem afetar essa capacidade natural de seduzir e fazer sonhar.<\/p>\n<p>O cinema tem um papel extraordin\u00e1rio na manuten\u00e7\u00e3o dessa imagem, pois sua magia consiste em alimentar ilus\u00f5es sem se desconectar da realidade, facilitando a compreens\u00e3o m\u00fatua e o di\u00e1logo. Por tudo isso, estamos particularmente orgulhosos em participar do festival Varilux, e manter a chama dessa bela imagem da Fran\u00e7a no Brasil.<\/p>\n<p>A consolida\u00e7\u00e3o do cinema brasileiro nas telas internacionais \u00e9 motivo de muita satisfa\u00e7\u00e3o para n\u00f3s: a sele\u00e7\u00e3o de <em>Aquarius,<\/em> do pernambucano Kleber Mendon\u00e7a, em competi\u00e7\u00e3o oficial no Festival de Cannes, \u00e9 um belo exemplo disso. O sucesso de cr\u00edtica e de p\u00fablico de <em>Que horas ela volta<\/em> e <em>Casa Grande<\/em>, na Fran\u00e7a, em 2015 reiteram essa firma\u00e7\u00e3o.<\/p>\n<p>Foi o \u201cdesejo pela Fran\u00e7a\u201d que permitiu que o festival Varilux se \u201cdesviasse\u201d da crise e aumentasse de forma espetacular sua presen\u00e7a em 2016, apesar das s\u00e9rias dificuldades de financiamento. H\u00e1 muito tempo recebemos pedidos do p\u00fablico brasileiro que se queixava de n\u00e3o ter tempo para aproveitar uma sele\u00e7\u00e3o t\u00e3o rica de filmes em uma \u00fanica semana. Ent\u00e3o propusemos aos cinemas duplicar a dura\u00e7\u00e3o do festival! Eles aceitaram a aposta, e desde j\u00e1, queremos agradecer muito essa confian\u00e7a. Ent\u00e3o, ser\u00e3o mais de 4.000 sess\u00f5es de filmes franceses organizadas no pa\u00eds inteiro, ou seja, um acr\u00e9scimo de 60% em rela\u00e7\u00e3o a 2015! Se o p\u00fablico acompanhar essa tend\u00eancia e aproveitar esse presente, o Varilux poder\u00e1 ultrapassar 150.000 espectadores em 2016, tornando-se um dos festivais de cinema franc\u00eas mais popular do mundo!<\/p>\n<p>E foi o &#8220;desejo pelo Brasil&#8221; que nos permitiu contar mais uma vez com uma marcante delega\u00e7\u00e3o art\u00edstica, formada por novos rostos do cinema franc\u00eas atual, como Lou de La\u00e2ge (Agnus Dei), Virginie Efira (Um amor \u00e0 altura), Finnegan Oldfield (Os cowboys) e Vincent Lacoste (Lolo, o filho da minha namorada), que acompanhar\u00e3o os &#8220;mais velhos&#8221;, o ator-diretor Roschdy Zem (Chocolate) e o cineasta Philippe Le Guay (Fl\u00f3rida).<\/p>\n<p>O festival prop\u00f5e in\u00fameras novidades para este ano. Gra\u00e7as ao apoio da Riofilme, ser\u00e1 criada uma oficina de cr\u00edtica cinematogr\u00e1fica, dirigida por Jean-Michel Frodon, ex-diretor dos famosos Cahiers du Cin\u00e9ma e do caderno de cinema do Le Monde. Este ano, as oficinas de escrita de roteiros no Rio abordar\u00e3o o tema com\u00e9dia. E pela primeira vez, uma oficina de escrita ser\u00e1 organizada em Recife, por iniciativa do Consulado da Fran\u00e7a e da Alian\u00e7a Francesa local.\u00a0E n\u00e3o podemos nos esquecer das in\u00fameras proje\u00e7\u00f5es gratuitas e sess\u00f5es educativas propostas, no pa\u00eds inteiro, em torno do filme de anima\u00e7\u00e3o <strong><em>Abril e o mundo extraordin\u00e1rio<\/em><\/strong> e da com\u00e9dia <strong><em>O novato, <\/em><\/strong>que fala da pr\u00e9-adolesc\u00eancia com uma percep\u00e7\u00e3o por vezes afetuosa e engra\u00e7ada.<\/p>\n<p>Queremos, ent\u00e3o, agradecer aos fi\u00e9is parceiros que nos ajudaram a superar a crise e manter o ritmo de crescimento do festival: o Minist\u00e9rio da Cultura, a Secretaria de Estado de Cultura do Rio de Janeiro, a Prefeitura do Rio e Riofilme, o grupo Essilor\/Varilux, a Embaixada da Fran\u00e7a, as Alian\u00e7as Francesas, Air France, Sofitel e todos os outros in\u00fameros apoiadores. E um agradecimento especial a todo p\u00fablico devotado e entusiasta do Festival e \u00e0 equipe da Bonfilm.<\/p>\n<p>&nbsp;<\/p>\n<p><strong>Christian Boudier<\/strong><\/p>\n","protected":false},"excerpt":{"rendered":"<p>&nbsp; &nbsp; D\u00c9SIR DE FRANCE A Fran\u00e7a e o Brasil s\u00e3o pa\u00edses privilegiados, pois, s\u00e3o lugares desejados por pessoas de [&hellip;]<\/p>\n","protected":false},"author":1,"featured_media":0,"parent":131,"menu_order":1,"comment_status":"closed","ping_status":"closed","template":"","meta":{"footnotes":""},"yoast_head":"<!-- This site is optimized with the Yoast SEO plugin v23.0 - https:\/\/yoast.com\/wordpress\/plugins\/seo\/ -->\n<title>Palavras do curador - Festival Varilux de Cinema Franc\u00eas 2016<\/title>\n<meta name=\"robots\" content=\"index, follow, max-snippet:-1, max-image-preview:large, max-video-preview:-1\" \/>\n<link rel=\"canonical\" href=\"http:\/\/variluxcinefrances.com\/2016\/o-festival\/palavras-do-curador\/\" \/>\n<meta property=\"og:locale\" content=\"pt_BR\" \/>\n<meta property=\"og:type\" content=\"article\" \/>\n<meta property=\"og:title\" content=\"Palavras do curador - Festival Varilux de Cinema Franc\u00eas 2016\" \/>\n<meta property=\"og:description\" content=\"&nbsp; &nbsp; D\u00c9SIR DE FRANCE A Fran\u00e7a e o Brasil s\u00e3o pa\u00edses privilegiados, pois, s\u00e3o lugares desejados por pessoas de [&hellip;]\" \/>\n<meta property=\"og:url\" content=\"http:\/\/variluxcinefrances.com\/2016\/o-festival\/palavras-do-curador\/\" \/>\n<meta property=\"og:site_name\" content=\"Festival Varilux de Cinema Franc\u00eas 2016\" \/>\n<meta property=\"article:modified_time\" content=\"2016-05-31T16:13:31+00:00\" \/>\n<meta name=\"twitter:card\" content=\"summary_large_image\" \/>\n<meta name=\"twitter:label1\" content=\"Est. tempo de leitura\" \/>\n\t<meta name=\"twitter:data1\" content=\"3 minutos\" \/>\n<script type=\"application\/ld+json\" class=\"yoast-schema-graph\">{\"@context\":\"https:\/\/schema.org\",\"@graph\":[{\"@type\":\"WebPage\",\"@id\":\"http:\/\/variluxcinefrances.com\/2016\/o-festival\/palavras-do-curador\/\",\"url\":\"http:\/\/variluxcinefrances.com\/2016\/o-festival\/palavras-do-curador\/\",\"name\":\"Palavras do curador - Festival Varilux de Cinema Franc\u00eas 2016\",\"isPartOf\":{\"@id\":\"http:\/\/variluxcinefrances.com\/2016\/#website\"},\"datePublished\":\"2016-05-17T13:25:51+00:00\",\"dateModified\":\"2016-05-31T16:13:31+00:00\",\"breadcrumb\":{\"@id\":\"http:\/\/variluxcinefrances.com\/2016\/o-festival\/palavras-do-curador\/#breadcrumb\"},\"inLanguage\":\"pt-BR\",\"potentialAction\":[{\"@type\":\"ReadAction\",\"target\":[\"http:\/\/variluxcinefrances.com\/2016\/o-festival\/palavras-do-curador\/\"]}]},{\"@type\":\"BreadcrumbList\",\"@id\":\"http:\/\/variluxcinefrances.com\/2016\/o-festival\/palavras-do-curador\/#breadcrumb\",\"itemListElement\":[{\"@type\":\"ListItem\",\"position\":1,\"name\":\"In\u00edcio\",\"item\":\"http:\/\/variluxcinefrances.com\/2016\/\"},{\"@type\":\"ListItem\",\"position\":2,\"name\":\"O Festival\",\"item\":\"http:\/\/variluxcinefrances.com\/2016\/o-festival\/\"},{\"@type\":\"ListItem\",\"position\":3,\"name\":\"Palavras do curador\"}]},{\"@type\":\"WebSite\",\"@id\":\"http:\/\/variluxcinefrances.com\/2016\/#website\",\"url\":\"http:\/\/variluxcinefrances.com\/2016\/\",\"name\":\"Festival Varilux de Cinema Franc\u00eas 2016\",\"description\":\"Festival de Cinema Franc\u00eas no Brasil todo | 08 a 22 Junho 2016\",\"potentialAction\":[{\"@type\":\"SearchAction\",\"target\":{\"@type\":\"EntryPoint\",\"urlTemplate\":\"http:\/\/variluxcinefrances.com\/2016\/?s={search_term_string}\"},\"query-input\":\"required name=search_term_string\"}],\"inLanguage\":\"pt-BR\"}]}<\/script>\n<!-- \/ Yoast SEO plugin. -->","yoast_head_json":{"title":"Palavras do curador - Festival Varilux de Cinema Franc\u00eas 2016","robots":{"index":"index","follow":"follow","max-snippet":"max-snippet:-1","max-image-preview":"max-image-preview:large","max-video-preview":"max-video-preview:-1"},"canonical":"http:\/\/variluxcinefrances.com\/2016\/o-festival\/palavras-do-curador\/","og_locale":"pt_BR","og_type":"article","og_title":"Palavras do curador - Festival Varilux de Cinema Franc\u00eas 2016","og_description":"&nbsp; &nbsp; D\u00c9SIR DE FRANCE A Fran\u00e7a e o Brasil s\u00e3o pa\u00edses privilegiados, pois, s\u00e3o lugares desejados por pessoas de [&hellip;]","og_url":"http:\/\/variluxcinefrances.com\/2016\/o-festival\/palavras-do-curador\/","og_site_name":"Festival Varilux de Cinema Franc\u00eas 2016","article_modified_time":"2016-05-31T16:13:31+00:00","twitter_card":"summary_large_image","twitter_misc":{"Est. tempo de leitura":"3 minutos"},"schema":{"@context":"https:\/\/schema.org","@graph":[{"@type":"WebPage","@id":"http:\/\/variluxcinefrances.com\/2016\/o-festival\/palavras-do-curador\/","url":"http:\/\/variluxcinefrances.com\/2016\/o-festival\/palavras-do-curador\/","name":"Palavras do curador - Festival Varilux de Cinema Franc\u00eas 2016","isPartOf":{"@id":"http:\/\/variluxcinefrances.com\/2016\/#website"},"datePublished":"2016-05-17T13:25:51+00:00","dateModified":"2016-05-31T16:13:31+00:00","breadcrumb":{"@id":"http:\/\/variluxcinefrances.com\/2016\/o-festival\/palavras-do-curador\/#breadcrumb"},"inLanguage":"pt-BR","potentialAction":[{"@type":"ReadAction","target":["http:\/\/variluxcinefrances.com\/2016\/o-festival\/palavras-do-curador\/"]}]},{"@type":"BreadcrumbList","@id":"http:\/\/variluxcinefrances.com\/2016\/o-festival\/palavras-do-curador\/#breadcrumb","itemListElement":[{"@type":"ListItem","position":1,"name":"In\u00edcio","item":"http:\/\/variluxcinefrances.com\/2016\/"},{"@type":"ListItem","position":2,"name":"O Festival","item":"http:\/\/variluxcinefrances.com\/2016\/o-festival\/"},{"@type":"ListItem","position":3,"name":"Palavras do curador"}]},{"@type":"WebSite","@id":"http:\/\/variluxcinefrances.com\/2016\/#website","url":"http:\/\/variluxcinefrances.com\/2016\/","name":"Festival Varilux de Cinema Franc\u00eas 2016","description":"Festival de Cinema Franc\u00eas no Brasil todo | 08 a 22 Junho 2016","potentialAction":[{"@type":"SearchAction","target":{"@type":"EntryPoint","urlTemplate":"http:\/\/variluxcinefrances.com\/2016\/?s={search_term_string}"},"query-input":"required name=search_term_string"}],"inLanguage":"pt-BR"}]}},"_links":{"self":[{"href":"http:\/\/variluxcinefrances.com\/2016\/wp-json\/wp\/v2\/pages\/135"}],"collection":[{"href":"http:\/\/variluxcinefrances.com\/2016\/wp-json\/wp\/v2\/pages"}],"about":[{"href":"http:\/\/variluxcinefrances.com\/2016\/wp-json\/wp\/v2\/types\/page"}],"author":[{"embeddable":true,"href":"http:\/\/variluxcinefrances.com\/2016\/wp-json\/wp\/v2\/users\/1"}],"replies":[{"embeddable":true,"href":"http:\/\/variluxcinefrances.com\/2016\/wp-json\/wp\/v2\/comments?post=135"}],"version-history":[{"count":5,"href":"http:\/\/variluxcinefrances.com\/2016\/wp-json\/wp\/v2\/pages\/135\/revisions"}],"predecessor-version":[{"id":3399,"href":"http:\/\/variluxcinefrances.com\/2016\/wp-json\/wp\/v2\/pages\/135\/revisions\/3399"}],"up":[{"embeddable":true,"href":"http:\/\/variluxcinefrances.com\/2016\/wp-json\/wp\/v2\/pages\/131"}],"wp:attachment":[{"href":"http:\/\/variluxcinefrances.com\/2016\/wp-json\/wp\/v2\/media?parent=135"}],"curies":[{"name":"wp","href":"https:\/\/api.w.org\/{rel}","templated":true}]}}