{"id":133,"date":"2016-05-17T10:25:20","date_gmt":"2016-05-17T13:25:20","guid":{"rendered":"http:\/\/variluxcinefrances.com\/2016\/?page_id=133"},"modified":"2016-05-23T19:49:40","modified_gmt":"2016-05-23T22:49:40","slug":"sobre-o-festival","status":"publish","type":"page","link":"http:\/\/variluxcinefrances.com\/2016\/o-festival\/sobre-o-festival\/","title":{"rendered":"Sobre o Festival"},"content":{"rendered":"<h3><\/h3>\n<h3><\/h3>\n<h3><\/h3>\n<h3><\/h3>\n<h1>\u00a0Edi\u00e7\u00e3o 2016 do Festival Varilux de Cinema Franc\u00eas ter\u00e1 uma semana a mais de dura\u00e7\u00e3o<\/h1>\n<h3>DE 8 A 22 DE JUNHO, O P\u00daBLICO BRASILEIRO PODER\u00c1 CONHECER A NOVA SAFRA DA PRODU\u00c7\u00c3O CINEMAT\u00d3GRAFICA FRANCESA EM 50 CIDADES<\/h3>\n<p>Filme premiado em Cannes, longa protagonizado por vencedor de Oscar e produ\u00e7\u00e3o com os atores mais admirados da Fran\u00e7a. Esses s\u00e3o alguns dos pontos altos da edi\u00e7\u00e3o 2016 do Festival Varilux de Cinema Franc\u00eas. Neste ano, o festival ganhar\u00e1 uma semana a mais de exibi\u00e7\u00e3o em rela\u00e7\u00e3o \u00e0 edi\u00e7\u00e3o anterior \u2013 ficar\u00e1 em cartaz de 8 a 22 de junho em 50 cidades brasileiras. Ao todo, a programa\u00e7\u00e3o contar\u00e1 com 15 filmes in\u00e9ditos e um grande cl\u00e1ssico do cinema franc\u00eas.<\/p>\n<p>O premiado ator franc\u00eas Omar Sy, que ficou conhecido e admirado mundialmente por sua atua\u00e7\u00e3o em \u201cIntoc\u00e1veis\u201d, poder\u00e1 ser visto novamente, agora em <em><strong>Chocolate<\/strong><\/em>, interpretando o primeiro artista circense negro na Fran\u00e7a da <em>Belle \u00c9poque<\/em>, no filme de Roschdy Zem, que vir\u00e1 ao pa\u00eds para apresentar o longa. O festival exibir\u00e1 tamb\u00e9m o filme, sele\u00e7\u00e3o oficial do Festival de Cannes 2015, <em><strong>Meu Rei<\/strong><\/em>, de Ma\u00efwenn, drama com as estrelas Vincent Cassel e Emmanuelle Bercot, premiada com a Palma de Ouro de melhor atriz. E o ator vencedor do Oscar Jean Dujardin volta \u00e0s telonas em <strong><em>Um Amor \u00e0 Altura<\/em><\/strong>, com\u00e9dia rom\u00e2ntica de Laurent Tirard. Na produ\u00e7\u00e3o, Dujardin ajudar\u00e1 a personagem de Virginie Efira a encontrar seu telefone celular perdido e essa hist\u00f3ria tomar\u00e1 um rumo inesperado.<\/p>\n<p>Ao diretor Roschdy Zem, se juntam o diretor Philippe Le Guay <em>(<\/em>Pedalando com Moli\u00e8re), que traz a com\u00e9dia<em> <strong>Fl\u00f3rida<\/strong><\/em>, com Sandrine Kiberlain e Jean Rochefort, dois \u00edcones de gera\u00e7\u00f5es diferentes do cinema franc\u00eas, inspira\u00e7\u00e3o para o cartaz dessa edi\u00e7\u00e3o do festival. O tamb\u00e9m diretor Bruno Podalydes, que, al\u00e9m de escrever e dirigir, ainda atua no papel principal da com\u00e9dia <em><strong>Um Doce Ref\u00fagio<\/strong><\/em>, e a atriz Lou de La\u00e2ge (<em>Respire<\/em>), que interpreta uma m\u00e9dica francesa da Cruz Vermelha atendendo sobreviventes da Segunda Guerra at\u00e9 chegar a um convento Beneditino onde freiras est\u00e3o prestes a dar \u00e0 luz, no drama hist\u00f3rico <em><strong>Agnus Dei<\/strong><\/em>, de Anne Fontaine. O jovem e muito badalado ator Vincent Lacoste (Hipocr\u00e1tes, Di\u00e1rio de uma Camareira), protagonista ao lado da atriz Julie Delpy, da com\u00e9dia, <strong><em>Lolo, o Filho da Minha Namorada<\/em><\/strong>, dirigida pela pr\u00f3pria atriz, completa a delega\u00e7\u00e3o francesa que participar\u00e1 de apresenta\u00e7\u00f5es e debates nas cidades de S\u00e3o Paulo e Rio de Janeiro.<\/p>\n<p>Dentro do diversificado leque de produ\u00e7\u00f5es francesas, est\u00e3o ainda na programa\u00e7\u00e3o a premiada anima\u00e7\u00e3o <strong><em>Abril e o Mundo Extraordin\u00e1rio<\/em><\/strong>, de Franck Ekinci e Christian Desmares, vencedor do pr\u00eamio Cristal no Festival de Annecy; <em><strong>O Novato<\/strong><\/em>, do jovem diretor e roteirista Rudi Rosenberg, que com humor e ironia foca no universo adolescente baseado em suas pr\u00f3prias viv\u00eancias; <em><strong>A Corte<\/strong><\/em>, com\u00e9dia dram\u00e1tica de Christian Vincent, sobre um juiz dur\u00e3o que acaba amolecendo ao se deparar durante um julgamento com uma jurada por quem tinha sido apaixonado anos antes e o drama <em><strong>Um Belo Ver\u00e3o<\/strong><\/em>, de Catherine Corsini, que aborda as quest\u00f5es em torno da liberdade sexual e feminismo na Paris da d\u00e9cada de 70.<\/p>\n<p>Completam a lista de filmes, o longa <em><strong>Marguerite<\/strong><\/em>, de Xavier Giannoli, com Catherine Frot, premiada com o Cesar 2016 da Melhor Atriz, baseado na hist\u00f3ria da rica e exc\u00eantrica americana Florence Foster Jenkins que n\u00e3o desistiu de cantar em p\u00fablico apesar de n\u00e3o ter talento algum. <em><strong>Os Cowboys<\/strong><\/em>, de Thomas Bidegain, que acompanha a saga de um pai em busca da sua filha adolescente fugida de casa, e com suspeita de ter se convertido ao Isl\u00e3. O drama de guerra, <em><strong>Viva a Fran\u00e7a!<\/strong><\/em>, de Christian Carion, que se passa numa pequena cidade no norte da Fran\u00e7a nos anos 40; e <em><strong>La Vanit\u00e9<\/strong><\/em>, com\u00e9dia dram\u00e1tica de Lionel Baier com a atriz espanhola Carmen Maura sobre um velho arquiteto que recorre a uma associa\u00e7\u00e3o de aux\u00edlio ao suic\u00eddio.<\/p>\n<p>Como j\u00e1 \u00e9 esperado pelo p\u00fablico, o festival exibir\u00e1 ainda um grande cl\u00e1ssico franc\u00eas. O escolhido deste ano \u00e9 o filme <strong><em>Um Homem e uma Mulher<\/em>,<\/strong> de Claude Lelouch, em homenagem ao seu 50\u00ba aniversario de lan\u00e7amento. O romance com Anouk Aim\u00e9e e Jean Trintignant foi o vencedor da Palma de Ouro em 1966 e tamb\u00e9m do Oscar de Melhor Filme Estrangeiro e roteiro original no ano seguinte.<\/p>\n<p>Para o incentivo \u00e0 forma\u00e7\u00e3o de novos p\u00fablicos, ao todo, 20 cidades receber\u00e3o as sess\u00f5es educativas do Festival Varilux. E, como de costume, o evento ter\u00e1 sess\u00f5es de democratiza\u00e7\u00e3o em espa\u00e7os alternativos do Rio, S\u00e3o Paulo, Bras\u00edlia e Belo Horizonte.<\/p>\n<p>Para o diretor da Bonfilm e do Festival, Christian Boudier, h\u00e1 muito que comemorar. A edi\u00e7\u00e3o 2016 do festival iguala o recorde de cidades \u2013 50, ao todo -, mas dobra a dura\u00e7\u00e3o do evento. \u201cO Festival Varilux j\u00e1 se consolidou como um dos principais eventos incentivador e difusor da cultura francesa no Brasil. O p\u00fablico j\u00e1 reconhece a sua import\u00e2ncia e, mais do que isso, espera ansiosamente pela realiza\u00e7\u00e3o do festival. Por isso, ganhar uma semana a mais de exibi\u00e7\u00e3o \u00e9 um presente para n\u00f3s, realizadores, e principalmente, para o f\u00e3 do bom cinema franc\u00eas\u201d, comemora.<\/p>\n<p>&nbsp;<\/p>\n","protected":false},"excerpt":{"rendered":"<p>\u00a0Edi\u00e7\u00e3o 2016 do Festival Varilux de Cinema Franc\u00eas ter\u00e1 uma semana a mais de dura\u00e7\u00e3o DE 8 A 22 DE [&hellip;]<\/p>\n","protected":false},"author":1,"featured_media":0,"parent":131,"menu_order":0,"comment_status":"closed","ping_status":"closed","template":"","meta":{"footnotes":""},"yoast_head":"<!-- This site is optimized with the Yoast SEO plugin v23.0 - https:\/\/yoast.com\/wordpress\/plugins\/seo\/ -->\n<title>Sobre o Festival - Festival Varilux de Cinema Franc\u00eas 2016<\/title>\n<meta name=\"robots\" content=\"index, follow, max-snippet:-1, max-image-preview:large, max-video-preview:-1\" \/>\n<link rel=\"canonical\" href=\"http:\/\/variluxcinefrances.com\/2016\/o-festival\/sobre-o-festival\/\" \/>\n<meta property=\"og:locale\" content=\"pt_BR\" \/>\n<meta property=\"og:type\" content=\"article\" \/>\n<meta property=\"og:title\" content=\"Sobre o Festival - Festival Varilux de Cinema Franc\u00eas 2016\" \/>\n<meta property=\"og:description\" content=\"\u00a0Edi\u00e7\u00e3o 2016 do Festival Varilux de Cinema Franc\u00eas ter\u00e1 uma semana a mais de dura\u00e7\u00e3o DE 8 A 22 DE [&hellip;]\" \/>\n<meta property=\"og:url\" content=\"http:\/\/variluxcinefrances.com\/2016\/o-festival\/sobre-o-festival\/\" \/>\n<meta property=\"og:site_name\" content=\"Festival Varilux de Cinema Franc\u00eas 2016\" \/>\n<meta property=\"article:modified_time\" content=\"2016-05-23T22:49:40+00:00\" \/>\n<meta name=\"twitter:card\" content=\"summary_large_image\" \/>\n<meta name=\"twitter:label1\" content=\"Est. tempo de leitura\" \/>\n\t<meta name=\"twitter:data1\" content=\"5 minutos\" \/>\n<script type=\"application\/ld+json\" class=\"yoast-schema-graph\">{\"@context\":\"https:\/\/schema.org\",\"@graph\":[{\"@type\":\"WebPage\",\"@id\":\"http:\/\/variluxcinefrances.com\/2016\/o-festival\/sobre-o-festival\/\",\"url\":\"http:\/\/variluxcinefrances.com\/2016\/o-festival\/sobre-o-festival\/\",\"name\":\"Sobre o Festival - Festival Varilux de Cinema Franc\u00eas 2016\",\"isPartOf\":{\"@id\":\"http:\/\/variluxcinefrances.com\/2016\/#website\"},\"datePublished\":\"2016-05-17T13:25:20+00:00\",\"dateModified\":\"2016-05-23T22:49:40+00:00\",\"breadcrumb\":{\"@id\":\"http:\/\/variluxcinefrances.com\/2016\/o-festival\/sobre-o-festival\/#breadcrumb\"},\"inLanguage\":\"pt-BR\",\"potentialAction\":[{\"@type\":\"ReadAction\",\"target\":[\"http:\/\/variluxcinefrances.com\/2016\/o-festival\/sobre-o-festival\/\"]}]},{\"@type\":\"BreadcrumbList\",\"@id\":\"http:\/\/variluxcinefrances.com\/2016\/o-festival\/sobre-o-festival\/#breadcrumb\",\"itemListElement\":[{\"@type\":\"ListItem\",\"position\":1,\"name\":\"In\u00edcio\",\"item\":\"http:\/\/variluxcinefrances.com\/2016\/\"},{\"@type\":\"ListItem\",\"position\":2,\"name\":\"O Festival\",\"item\":\"http:\/\/variluxcinefrances.com\/2016\/o-festival\/\"},{\"@type\":\"ListItem\",\"position\":3,\"name\":\"Sobre o Festival\"}]},{\"@type\":\"WebSite\",\"@id\":\"http:\/\/variluxcinefrances.com\/2016\/#website\",\"url\":\"http:\/\/variluxcinefrances.com\/2016\/\",\"name\":\"Festival Varilux de Cinema Franc\u00eas 2016\",\"description\":\"Festival de Cinema Franc\u00eas no Brasil todo | 08 a 22 Junho 2016\",\"potentialAction\":[{\"@type\":\"SearchAction\",\"target\":{\"@type\":\"EntryPoint\",\"urlTemplate\":\"http:\/\/variluxcinefrances.com\/2016\/?s={search_term_string}\"},\"query-input\":\"required name=search_term_string\"}],\"inLanguage\":\"pt-BR\"}]}<\/script>\n<!-- \/ Yoast SEO plugin. -->","yoast_head_json":{"title":"Sobre o Festival - Festival Varilux de Cinema Franc\u00eas 2016","robots":{"index":"index","follow":"follow","max-snippet":"max-snippet:-1","max-image-preview":"max-image-preview:large","max-video-preview":"max-video-preview:-1"},"canonical":"http:\/\/variluxcinefrances.com\/2016\/o-festival\/sobre-o-festival\/","og_locale":"pt_BR","og_type":"article","og_title":"Sobre o Festival - Festival Varilux de Cinema Franc\u00eas 2016","og_description":"\u00a0Edi\u00e7\u00e3o 2016 do Festival Varilux de Cinema Franc\u00eas ter\u00e1 uma semana a mais de dura\u00e7\u00e3o DE 8 A 22 DE [&hellip;]","og_url":"http:\/\/variluxcinefrances.com\/2016\/o-festival\/sobre-o-festival\/","og_site_name":"Festival Varilux de Cinema Franc\u00eas 2016","article_modified_time":"2016-05-23T22:49:40+00:00","twitter_card":"summary_large_image","twitter_misc":{"Est. tempo de leitura":"5 minutos"},"schema":{"@context":"https:\/\/schema.org","@graph":[{"@type":"WebPage","@id":"http:\/\/variluxcinefrances.com\/2016\/o-festival\/sobre-o-festival\/","url":"http:\/\/variluxcinefrances.com\/2016\/o-festival\/sobre-o-festival\/","name":"Sobre o Festival - Festival Varilux de Cinema Franc\u00eas 2016","isPartOf":{"@id":"http:\/\/variluxcinefrances.com\/2016\/#website"},"datePublished":"2016-05-17T13:25:20+00:00","dateModified":"2016-05-23T22:49:40+00:00","breadcrumb":{"@id":"http:\/\/variluxcinefrances.com\/2016\/o-festival\/sobre-o-festival\/#breadcrumb"},"inLanguage":"pt-BR","potentialAction":[{"@type":"ReadAction","target":["http:\/\/variluxcinefrances.com\/2016\/o-festival\/sobre-o-festival\/"]}]},{"@type":"BreadcrumbList","@id":"http:\/\/variluxcinefrances.com\/2016\/o-festival\/sobre-o-festival\/#breadcrumb","itemListElement":[{"@type":"ListItem","position":1,"name":"In\u00edcio","item":"http:\/\/variluxcinefrances.com\/2016\/"},{"@type":"ListItem","position":2,"name":"O Festival","item":"http:\/\/variluxcinefrances.com\/2016\/o-festival\/"},{"@type":"ListItem","position":3,"name":"Sobre o Festival"}]},{"@type":"WebSite","@id":"http:\/\/variluxcinefrances.com\/2016\/#website","url":"http:\/\/variluxcinefrances.com\/2016\/","name":"Festival Varilux de Cinema Franc\u00eas 2016","description":"Festival de Cinema Franc\u00eas no Brasil todo | 08 a 22 Junho 2016","potentialAction":[{"@type":"SearchAction","target":{"@type":"EntryPoint","urlTemplate":"http:\/\/variluxcinefrances.com\/2016\/?s={search_term_string}"},"query-input":"required name=search_term_string"}],"inLanguage":"pt-BR"}]}},"_links":{"self":[{"href":"http:\/\/variluxcinefrances.com\/2016\/wp-json\/wp\/v2\/pages\/133"}],"collection":[{"href":"http:\/\/variluxcinefrances.com\/2016\/wp-json\/wp\/v2\/pages"}],"about":[{"href":"http:\/\/variluxcinefrances.com\/2016\/wp-json\/wp\/v2\/types\/page"}],"author":[{"embeddable":true,"href":"http:\/\/variluxcinefrances.com\/2016\/wp-json\/wp\/v2\/users\/1"}],"replies":[{"embeddable":true,"href":"http:\/\/variluxcinefrances.com\/2016\/wp-json\/wp\/v2\/comments?post=133"}],"version-history":[{"count":11,"href":"http:\/\/variluxcinefrances.com\/2016\/wp-json\/wp\/v2\/pages\/133\/revisions"}],"predecessor-version":[{"id":3353,"href":"http:\/\/variluxcinefrances.com\/2016\/wp-json\/wp\/v2\/pages\/133\/revisions\/3353"}],"up":[{"embeddable":true,"href":"http:\/\/variluxcinefrances.com\/2016\/wp-json\/wp\/v2\/pages\/131"}],"wp:attachment":[{"href":"http:\/\/variluxcinefrances.com\/2016\/wp-json\/wp\/v2\/media?parent=133"}],"curies":[{"name":"wp","href":"https:\/\/api.w.org\/{rel}","templated":true}]}}